{"id":97,"date":"2015-01-27T16:07:44","date_gmt":"2015-01-27T16:07:44","guid":{"rendered":"https:\/\/www.jfs.de\/?page_id=97"},"modified":"2026-01-19T07:58:35","modified_gmt":"2026-01-19T07:58:35","slug":"berufskolleg","status":"publish","type":"page","link":"https:\/\/www.jfs.de\/?page_id=97","title":{"rendered":"Berufskolleg"},"content":{"rendered":"<blockquote>\n<p align=\"left\">&#8222;Ich m\u00f6chte die Fachhochschulreife erlangen!&#8220;<\/p>\n<\/blockquote>\n<p align=\"left\">F\u00fcr das <strong>Berufskolleg I<\/strong> (BK I) kommen in erster Linie Sch\u00fclerinnen und Sch\u00fcler in Frage, die die Mittlere Reife haben und ihre Chance auf eine Lehrstelle im kaufm\u00e4nnischen Bereich verbessern wollen oder ins BK II wechseln m\u00f6chten, um die Fachhochschulreife zu erlangen.<\/p>\n<figure id=\"attachment_6017\" aria-describedby=\"caption-attachment-6017\" style=\"width: 150px\" class=\"wp-caption alignleft\"><a href=\"https:\/\/www.jfs.de\/wp-content\/uploads\/2024\/10\/Pin-k.jpg\"><img loading=\"lazy\" decoding=\"async\" class=\"size-thumbnail wp-image-6017\" src=\"https:\/\/www.jfs.de\/wp-content\/uploads\/2024\/10\/Pin-k-150x150.jpg\" alt=\"Hannelore Pink - Abteilungsleiterin BK, WS, AVdual\" width=\"150\" height=\"150\" srcset=\"https:\/\/www.jfs.de\/wp-content\/uploads\/2024\/10\/Pin-k-150x150.jpg 150w, https:\/\/www.jfs.de\/wp-content\/uploads\/2024\/10\/Pin-k-300x300.jpg 300w, https:\/\/www.jfs.de\/wp-content\/uploads\/2024\/10\/Pin-k.jpg 400w\" sizes=\"auto, (max-width: 150px) 100vw, 150px\" \/><\/a><figcaption id=\"caption-attachment-6017\" class=\"wp-caption-text\">Hannelore Pink &#8211; Abteilungsleiterin BK, WS, AVdual<\/figcaption><\/figure>\n<p align=\"left\">Ein gro\u00dfer Teil des Unterrichts findet in Form einer Juniorenfirma oder einer \u00dcbungsfirma statt. Dabei wird der Gesch\u00e4ftsbetrieb im kaufm\u00e4nnischen Bereich erlernt.<\/p>\n<p align=\"left\">Das einj\u00e4hrige <strong>Berufskolleg II<\/strong> (BK II) schlie\u00dft an das Berufskolleg I an und bietet die M\u00f6glichkeit, die dort erlangten Kenntnisse und F\u00e4higkeiten weiter auszubauen. Bei entsprechender F\u00e4cherwahl ist der Erwerb der Fachhochschulreife m\u00f6glich.<\/p>\n<p align=\"left\">Zum Anmeldeverfahren kommen Sie hier: <a href=\"https:\/\/bewo.kultus-bw.de\/,Lde\/Startseite\/BewO\" target=\"_blank\" rel=\"noopener noreferrer\">https:\/\/bewo.kultus-bw.de\/,Lde\/Startseite\/BewO<\/a><\/p>\n<p align=\"left\">Weitere Infos zur <a href=\"https:\/\/www.jfs.de\/wp-content\/uploads\/2026\/01\/Anlage3-BewO-2026-Flyer-BG-BK-RPS.pdf\" target=\"_blank\" rel=\"noopener\">Anmeldung \u00fcber BewO hier im Flyer<\/a>.<\/p>\n<p align=\"left\">Weitere Dokumente:<\/p>\n<ul>\n<li><a href=\"https:\/\/www.jfs.de\/wp-content\/uploads\/2024\/12\/241120_Folder_BK_Web.pdf\" target=\"_blank\" rel=\"attachment noopener wp-att-107 noreferrer\">Info-Brosch\u00fcre BK I und BK II<\/a><\/li>\n<\/ul>\n<p align=\"left\"><span style=\"font-family: Verdana, Arial, Helvetica, sans-serif; font-size: small;\">Kontakt: <a href=\"mailto:pin@jfs.de\">pin@jfs.de<\/a><\/span><\/p>\n\n\n<p><\/p>\n","protected":false},"excerpt":{"rendered":"<p>&#8222;Ich m\u00f6chte die Fachhochschulreife erlangen!&#8220; F\u00fcr das Berufskolleg I (BK I) kommen in erster Linie Sch\u00fclerinnen und Sch\u00fcler in Frage, die die Mittlere Reife haben und ihre Chance auf eine Lehrstelle im kaufm\u00e4nnischen Bereich verbessern wollen oder ins BK II <a class=\"more-link\" href=\"https:\/\/www.jfs.de\/?page_id=97\"><span class=\"screen-reader-text\">  Berufskolleg<\/span> weiterlesen<span class=\"meta-nav\">&rarr;<\/span><\/a><\/p>\n","protected":false},"author":1,"featured_media":0,"parent":7,"menu_order":0,"comment_status":"closed","ping_status":"closed","template":"","meta":{"footnotes":""},"class_list":["post-97","page","type-page","status-publish","hentry"],"_links":{"self":[{"href":"https:\/\/www.jfs.de\/index.php?rest_route=\/wp\/v2\/pages\/97","targetHints":{"allow":["GET"]}}],"collection":[{"href":"https:\/\/www.jfs.de\/index.php?rest_route=\/wp\/v2\/pages"}],"about":[{"href":"https:\/\/www.jfs.de\/index.php?rest_route=\/wp\/v2\/types\/page"}],"author":[{"embeddable":true,"href":"https:\/\/www.jfs.de\/index.php?rest_route=\/wp\/v2\/users\/1"}],"replies":[{"embeddable":true,"href":"https:\/\/www.jfs.de\/index.php?rest_route=%2Fwp%2Fv2%2Fcomments&post=97"}],"version-history":[{"count":21,"href":"https:\/\/www.jfs.de\/index.php?rest_route=\/wp\/v2\/pages\/97\/revisions"}],"predecessor-version":[{"id":7225,"href":"https:\/\/www.jfs.de\/index.php?rest_route=\/wp\/v2\/pages\/97\/revisions\/7225"}],"up":[{"embeddable":true,"href":"https:\/\/www.jfs.de\/index.php?rest_route=\/wp\/v2\/pages\/7"}],"wp:attachment":[{"href":"https:\/\/www.jfs.de\/index.php?rest_route=%2Fwp%2Fv2%2Fmedia&parent=97"}],"curies":[{"name":"wp","href":"https:\/\/api.w.org\/{rel}","templated":true}]}}