{"id":902,"date":"2016-04-06T08:59:33","date_gmt":"2016-04-06T08:59:33","guid":{"rendered":"https:\/\/www.jfs.de\/?page_id=902"},"modified":"2023-11-10T13:47:05","modified_gmt":"2023-11-10T13:47:05","slug":"pruefungsergebnisse","status":"publish","type":"page","link":"https:\/\/www.jfs.de\/?page_id=902","title":{"rendered":"Pr\u00fcfungen"},"content":{"rendered":"<p>Auf diesen Seiten werden zu bekannt gegebenen Terminen sch\u00fclerbezogene Pr\u00fcfungspl\u00e4ne, Pr\u00fcfungsergebnisse sowie weitere Informationen zu aktuellen Pr\u00fcfungen ver\u00f6ffentlicht. Viele der Seiten sind\u00a0Passwortgesch\u00fctzt und d\u00fcrfen nur von Personen ge\u00f6ffnet werden, die berechtigt von der Schule \u00fcber den Zugang informiert wurden.<\/p>\n<p>Die Pr\u00fcfungstermine der kaufm\u00e4nnischen Berufsschule (KBS) finden Sie unter dem Punkt <a href=\"https:\/\/www.jfs.de\/?page_id=522\">Download<\/a>.<\/p>\n","protected":false},"excerpt":{"rendered":"<p>Auf diesen Seiten werden zu bekannt gegebenen Terminen sch\u00fclerbezogene Pr\u00fcfungspl\u00e4ne, Pr\u00fcfungsergebnisse sowie weitere Informationen zu aktuellen Pr\u00fcfungen ver\u00f6ffentlicht. Viele der Seiten sind\u00a0Passwortgesch\u00fctzt und d\u00fcrfen nur von Personen ge\u00f6ffnet werden, die berechtigt von der Schule \u00fcber den Zugang informiert wurden. Die <a class=\"more-link\" href=\"https:\/\/www.jfs.de\/?page_id=902\"><span class=\"screen-reader-text\">  Pr\u00fcfungen<\/span> weiterlesen<span class=\"meta-nav\">&rarr;<\/span><\/a><\/p>\n","protected":false},"author":1,"featured_media":0,"parent":134,"menu_order":0,"comment_status":"closed","ping_status":"closed","template":"","meta":{"footnotes":""},"class_list":["post-902","page","type-page","status-publish","hentry"],"_links":{"self":[{"href":"https:\/\/www.jfs.de\/index.php?rest_route=\/wp\/v2\/pages\/902","targetHints":{"allow":["GET"]}}],"collection":[{"href":"https:\/\/www.jfs.de\/index.php?rest_route=\/wp\/v2\/pages"}],"about":[{"href":"https:\/\/www.jfs.de\/index.php?rest_route=\/wp\/v2\/types\/page"}],"author":[{"embeddable":true,"href":"https:\/\/www.jfs.de\/index.php?rest_route=\/wp\/v2\/users\/1"}],"replies":[{"embeddable":true,"href":"https:\/\/www.jfs.de\/index.php?rest_route=%2Fwp%2Fv2%2Fcomments&post=902"}],"version-history":[{"count":18,"href":"https:\/\/www.jfs.de\/index.php?rest_route=\/wp\/v2\/pages\/902\/revisions"}],"predecessor-version":[{"id":5293,"href":"https:\/\/www.jfs.de\/index.php?rest_route=\/wp\/v2\/pages\/902\/revisions\/5293"}],"up":[{"embeddable":true,"href":"https:\/\/www.jfs.de\/index.php?rest_route=\/wp\/v2\/pages\/134"}],"wp:attachment":[{"href":"https:\/\/www.jfs.de\/index.php?rest_route=%2Fwp%2Fv2%2Fmedia&parent=902"}],"curies":[{"name":"wp","href":"https:\/\/api.w.org\/{rel}","templated":true}]}}