{"id":90,"date":"2015-01-27T15:47:35","date_gmt":"2015-01-27T15:47:35","guid":{"rendered":"https:\/\/www.jfs.de\/?page_id=90"},"modified":"2025-01-30T08:01:37","modified_gmt":"2025-01-30T08:01:37","slug":"jfs-als-film","status":"publish","type":"page","link":"https:\/\/www.jfs.de\/?page_id=90","title":{"rendered":"JFS &#8211; Imagefilm"},"content":{"rendered":"<p><iframe loading=\"lazy\" title=\"YouTube video player\" src=\"https:\/\/www.youtube.com\/embed\/5lb2V5ZkBJo?si=GXWO4jFKfFbs1YQY\" width=\"560\" height=\"315\" frameborder=\"0\" allowfullscreen=\"allowfullscreen\"><\/iframe><\/p>\n<blockquote><p>&#8222;Ein Bild sagt mehr als tausend Worte. Ein Film sagt mehr als &#8230; sehr, sehr viele Worte.&#8220;<\/p><\/blockquote>\n<p>Der Film stellt nicht nur die vielf\u00e4ltigen Angebote und modernen Lernm\u00f6glichkeiten vor, sondern spiegelt auch das freundliche Miteinander wider, das die Schule auszeichnet. Sch\u00fclerinnen und Sch\u00fcler, Lehrkr\u00e4fte und die Schulleitung kommen zu Wort und geben einen authentischen Eindruck vom Schulalltag.<\/p>\n","protected":false},"excerpt":{"rendered":"<p>&#8222;Ein Bild sagt mehr als tausend Worte. Ein Film sagt mehr als &#8230; sehr, sehr viele Worte.&#8220; Der Film stellt nicht nur die vielf\u00e4ltigen Angebote und modernen Lernm\u00f6glichkeiten vor, sondern spiegelt auch das freundliche Miteinander wider, das die Schule auszeichnet. <a class=\"more-link\" href=\"https:\/\/www.jfs.de\/?page_id=90\"><span class=\"screen-reader-text\">  JFS &#8211; Imagefilm<\/span> weiterlesen<span class=\"meta-nav\">&rarr;<\/span><\/a><\/p>\n","protected":false},"author":1,"featured_media":0,"parent":61,"menu_order":0,"comment_status":"closed","ping_status":"closed","template":"","meta":{"footnotes":""},"class_list":["post-90","page","type-page","status-publish","hentry"],"_links":{"self":[{"href":"https:\/\/www.jfs.de\/index.php?rest_route=\/wp\/v2\/pages\/90","targetHints":{"allow":["GET"]}}],"collection":[{"href":"https:\/\/www.jfs.de\/index.php?rest_route=\/wp\/v2\/pages"}],"about":[{"href":"https:\/\/www.jfs.de\/index.php?rest_route=\/wp\/v2\/types\/page"}],"author":[{"embeddable":true,"href":"https:\/\/www.jfs.de\/index.php?rest_route=\/wp\/v2\/users\/1"}],"replies":[{"embeddable":true,"href":"https:\/\/www.jfs.de\/index.php?rest_route=%2Fwp%2Fv2%2Fcomments&post=90"}],"version-history":[{"count":6,"href":"https:\/\/www.jfs.de\/index.php?rest_route=\/wp\/v2\/pages\/90\/revisions"}],"predecessor-version":[{"id":6286,"href":"https:\/\/www.jfs.de\/index.php?rest_route=\/wp\/v2\/pages\/90\/revisions\/6286"}],"up":[{"embeddable":true,"href":"https:\/\/www.jfs.de\/index.php?rest_route=\/wp\/v2\/pages\/61"}],"wp:attachment":[{"href":"https:\/\/www.jfs.de\/index.php?rest_route=%2Fwp%2Fv2%2Fmedia&parent=90"}],"curies":[{"name":"wp","href":"https:\/\/api.w.org\/{rel}","templated":true}]}}