{"id":85,"date":"2015-01-27T12:47:26","date_gmt":"2015-01-27T12:47:26","guid":{"rendered":"https:\/\/www.jfs.de\/?page_id=85"},"modified":"2022-07-22T06:44:52","modified_gmt":"2022-07-22T06:44:52","slug":"schulbibliothek","status":"publish","type":"page","link":"https:\/\/www.jfs.de\/?page_id=85","title":{"rendered":"Schulbibliothek"},"content":{"rendered":"<p><a href=\"https:\/\/www.jfs.de\/wp-content\/uploads\/2015\/01\/bib2013.jpg\"><img loading=\"lazy\" decoding=\"async\" class=\"alignleft size-medium wp-image-84\" src=\"https:\/\/www.jfs.de\/wp-content\/uploads\/2015\/01\/bib2013-300x225.jpg\" alt=\"bib2013\" width=\"300\" height=\"225\" srcset=\"https:\/\/www.jfs.de\/wp-content\/uploads\/2015\/01\/bib2013-300x225.jpg 300w, https:\/\/www.jfs.de\/wp-content\/uploads\/2015\/01\/bib2013.jpg 800w\" sizes=\"auto, (max-width: 300px) 100vw, 300px\" \/><\/a>Die <strong>Schulbibliothek<\/strong> der Jakob-Friedrich-Sch\u00f6llkopf-Schule und der Max-Eyth-Schule ist eine schulinterne Bibliothek, die den Sch\u00fclerInnen und LehrerInnen der beruflichen Schulen in Kirchheim mit einem vielf\u00e4ltigen Angebot zur Verf\u00fcgung steht.<br \/>\nDie Benutzung und die Ausleihe von Medien sind kostenlos.<\/p>\n<p><strong>Bibliothek bietet mehr als Medien:<\/strong><\/p>\n<ul>\n<li>Ort f\u00fcr selbstorganisiertes Lernen<\/li>\n<li>PC Nutzung<\/li>\n<li>unterst\u00fctzte Recherchen f\u00fcr Sch\u00fcler und Lehrer<\/li>\n<li>Beratung, z. B. bei GFS, Seminarkursen und Pr\u00fcfungen<\/li>\n<li>Unterrichtsraum<\/li>\n<li>Kooperation zwischen Schule und Bibliothek<\/li>\n<li>gef\u00f6rderte Lesekompetenz, z. B. durch Lesungen und Aktionen wie \u201eLeselust\u201c<\/li>\n<li>Integration und interkulturellen Austausch<\/li>\n<li>Treffpunkt als Aufenthalts- und Erholungsraum f\u00fcr Sch\u00fcler<\/li>\n<\/ul>\n<p><a href=\"https:\/\/www.jfs.de\/bib\/index.html\" target=\"_blank\" rel=\"noopener\">Hier geht es weiter zu den Seiten der Bibliothek.<\/a><\/p>\n","protected":false},"excerpt":{"rendered":"<p>Die Schulbibliothek der Jakob-Friedrich-Sch\u00f6llkopf-Schule und der Max-Eyth-Schule ist eine schulinterne Bibliothek, die den Sch\u00fclerInnen und LehrerInnen der beruflichen Schulen in Kirchheim mit einem vielf\u00e4ltigen Angebot zur Verf\u00fcgung steht. Die Benutzung und die Ausleihe von Medien sind kostenlos. Bibliothek bietet mehr <a class=\"more-link\" href=\"https:\/\/www.jfs.de\/?page_id=85\"><span class=\"screen-reader-text\">  Schulbibliothek<\/span> weiterlesen<span class=\"meta-nav\">&rarr;<\/span><\/a><\/p>\n","protected":false},"author":1,"featured_media":0,"parent":5,"menu_order":0,"comment_status":"closed","ping_status":"closed","template":"","meta":{"footnotes":""},"class_list":["post-85","page","type-page","status-publish","hentry"],"_links":{"self":[{"href":"https:\/\/www.jfs.de\/index.php?rest_route=\/wp\/v2\/pages\/85","targetHints":{"allow":["GET"]}}],"collection":[{"href":"https:\/\/www.jfs.de\/index.php?rest_route=\/wp\/v2\/pages"}],"about":[{"href":"https:\/\/www.jfs.de\/index.php?rest_route=\/wp\/v2\/types\/page"}],"author":[{"embeddable":true,"href":"https:\/\/www.jfs.de\/index.php?rest_route=\/wp\/v2\/users\/1"}],"replies":[{"embeddable":true,"href":"https:\/\/www.jfs.de\/index.php?rest_route=%2Fwp%2Fv2%2Fcomments&post=85"}],"version-history":[{"count":4,"href":"https:\/\/www.jfs.de\/index.php?rest_route=\/wp\/v2\/pages\/85\/revisions"}],"predecessor-version":[{"id":4136,"href":"https:\/\/www.jfs.de\/index.php?rest_route=\/wp\/v2\/pages\/85\/revisions\/4136"}],"up":[{"embeddable":true,"href":"https:\/\/www.jfs.de\/index.php?rest_route=\/wp\/v2\/pages\/5"}],"wp:attachment":[{"href":"https:\/\/www.jfs.de\/index.php?rest_route=%2Fwp%2Fv2%2Fmedia&parent=85"}],"curies":[{"name":"wp","href":"https:\/\/api.w.org\/{rel}","templated":true}]}}