{"id":73,"date":"2015-01-27T12:29:06","date_gmt":"2015-01-27T12:29:06","guid":{"rendered":"https:\/\/www.jfs.de\/?page_id=73"},"modified":"2015-01-27T12:31:55","modified_gmt":"2015-01-27T12:31:55","slug":"unser-organigramm-die-aufteilung-der-aufgaben","status":"publish","type":"page","link":"https:\/\/www.jfs.de\/?page_id=73","title":{"rendered":"Unser Organigramm &#8211; Die Aufteilung der Aufgaben"},"content":{"rendered":"<p><a href=\"https:\/\/www.jfs.de\/?attachment_id=64\" rel=\"attachment wp-att-64\"><img loading=\"lazy\" decoding=\"async\" class=\"alignleft size-medium wp-image-64\" src=\"https:\/\/www.jfs.de\/wp-content\/uploads\/2015\/01\/Organigramm-300x208.jpg\" alt=\"Organigramm\" width=\"300\" height=\"208\" srcset=\"https:\/\/www.jfs.de\/wp-content\/uploads\/2015\/01\/Organigramm-300x208.jpg 300w, https:\/\/www.jfs.de\/wp-content\/uploads\/2015\/01\/Organigramm.jpg 900w\" sizes=\"auto, (max-width: 300px) 100vw, 300px\" \/><\/a>Im Organigramm wird die Aufbauorganisation unserer Schule mit den zahlreichen Stellen deutlich. Pr\u00e4gend f\u00fcr unsere Schule ist dabei ein hohes Ma\u00df an Kooperation und Kommunikation zwischen den Stellen. Entscheidungen werden bei uns im Team getroffen und nicht \u00fcber die K\u00f6pfe der Beteiligten hinweg.<\/p>\n","protected":false},"excerpt":{"rendered":"<p>Im Organigramm wird die Aufbauorganisation unserer Schule mit den zahlreichen Stellen deutlich. Pr\u00e4gend f\u00fcr unsere Schule ist dabei ein hohes Ma\u00df an Kooperation und Kommunikation zwischen den Stellen. Entscheidungen werden bei uns im Team getroffen und nicht \u00fcber die K\u00f6pfe <a class=\"more-link\" href=\"https:\/\/www.jfs.de\/?page_id=73\"><span class=\"screen-reader-text\">  Unser Organigramm &#8211; Die Aufteilung der Aufgaben<\/span> weiterlesen<span class=\"meta-nav\">&rarr;<\/span><\/a><\/p>\n","protected":false},"author":1,"featured_media":0,"parent":5,"menu_order":0,"comment_status":"closed","ping_status":"closed","template":"","meta":{"footnotes":""},"class_list":["post-73","page","type-page","status-publish","hentry"],"_links":{"self":[{"href":"https:\/\/www.jfs.de\/index.php?rest_route=\/wp\/v2\/pages\/73","targetHints":{"allow":["GET"]}}],"collection":[{"href":"https:\/\/www.jfs.de\/index.php?rest_route=\/wp\/v2\/pages"}],"about":[{"href":"https:\/\/www.jfs.de\/index.php?rest_route=\/wp\/v2\/types\/page"}],"author":[{"embeddable":true,"href":"https:\/\/www.jfs.de\/index.php?rest_route=\/wp\/v2\/users\/1"}],"replies":[{"embeddable":true,"href":"https:\/\/www.jfs.de\/index.php?rest_route=%2Fwp%2Fv2%2Fcomments&post=73"}],"version-history":[{"count":3,"href":"https:\/\/www.jfs.de\/index.php?rest_route=\/wp\/v2\/pages\/73\/revisions"}],"predecessor-version":[{"id":76,"href":"https:\/\/www.jfs.de\/index.php?rest_route=\/wp\/v2\/pages\/73\/revisions\/76"}],"up":[{"embeddable":true,"href":"https:\/\/www.jfs.de\/index.php?rest_route=\/wp\/v2\/pages\/5"}],"wp:attachment":[{"href":"https:\/\/www.jfs.de\/index.php?rest_route=%2Fwp%2Fv2%2Fmedia&parent=73"}],"curies":[{"name":"wp","href":"https:\/\/api.w.org\/{rel}","templated":true}]}}