{"id":651,"date":"2015-02-06T10:07:17","date_gmt":"2015-02-06T10:07:17","guid":{"rendered":"https:\/\/www.jfs.de\/?page_id=651"},"modified":"2025-07-21T16:37:37","modified_gmt":"2025-07-21T16:37:37","slug":"kurse","status":"publish","type":"page","link":"https:\/\/www.jfs.de\/?page_id=651","title":{"rendered":"Zusatzqualifikation \/ Kurse \/ Weiterbildungsangebote"},"content":{"rendered":"\n<p>NEU f\u00fcr die Kaufm\u00e4nnische Berufsschule (KBS): <br><strong>Zusatzqualifikation \u201eK\u00fcnstliche Intelligenz und Maschinelles Lernen\u201c<\/strong><\/p>\n\n\n<div class=\"wp-block-image\">\n<figure class=\"alignright size-full is-resized\"><a href=\"https:\/\/www.jfs.de\/wp-content\/uploads\/2025\/07\/ZQ-KI.png\"><img loading=\"lazy\" decoding=\"async\" width=\"1019\" height=\"642\" src=\"https:\/\/www.jfs.de\/wp-content\/uploads\/2025\/07\/ZQ-KI.png\" alt=\"\" class=\"wp-image-6872\" style=\"width:284px;height:auto\" srcset=\"https:\/\/www.jfs.de\/wp-content\/uploads\/2025\/07\/ZQ-KI.png 1019w, https:\/\/www.jfs.de\/wp-content\/uploads\/2025\/07\/ZQ-KI-300x189.png 300w, https:\/\/www.jfs.de\/wp-content\/uploads\/2025\/07\/ZQ-KI-768x484.png 768w\" sizes=\"auto, (max-width: 1019px) 100vw, 1019px\" \/><\/a><\/figure>\n<\/div>\n\n\n<p>K\u00fcnstliche Intelligenz ver\u00e4ndert Wirtschaft und Arbeitswelt grundlegend \u2013 und er\u00f6ffnet spannende berufliche Perspektiven. Wer fr\u00fchzeitig Kompetenzen in diesem zukunftsweisenden Bereich aufbaut, verschafft sich klare Vorteile. Ab Herbst 2025 bieten die Max-Eyth-Schule und die Jakob-Friedrich-Sch\u00f6llkopf-Schule in Kooperation mit der IHK Region Stuttgart die neue Zusatzqualifikation \u201eK\u00fcnstliche Intelligenz und maschinelles Lernen\u201c an. Das Angebot richtet sich an Auszubildende aller kaufm\u00e4nnischen und gewerblich-technischen Berufe ab dem zweiten Ausbildungsjahr.<\/p>\n\n\n\n<div class=\"wp-block-group is-nowrap is-layout-flex wp-container-core-group-is-layout-ad2f72ca wp-block-group-is-layout-flex\">\n<p>Vermittelt werden praxisnahe Grundlagen in KI und maschinellem Lernen, Datenmanagement und -analyse sowie die F\u00e4higkeit, Potenziale von KI im Unternehmenskontext zu erkennen und einzuordnen. Auch Themen wie Datenschutz und ethische Fragestellungen spielen eine zentrale Rolle.<\/p>\n<\/div>\n\n\n\n<p>Nutze die Chance, deine Ausbildung gezielt zu erweitern \u2013 und gestalte die digitale Zukunft aktiv mit!<br><strong><a href=\"https:\/\/www.jfs.de\/wp-content\/uploads\/2025\/07\/25-26_ZQ-KI_Flyer_Anmeldung_JFS.pdf\" target=\"_blank\" rel=\"noreferrer noopener\">Weitere Infos und Anmeldung hier auf diesem Flyer.<\/a><\/strong><\/p>\n\n\n\n<hr class=\"wp-block-separator has-alpha-channel-opacity\"\/>\n\n\n\n<p><strong>Kursangebote:<\/strong><\/p>\n\n\n<div class=\"wp-block-image\">\n<figure class=\"alignleft size-full is-resized\"><a href=\"https:\/\/www.jfs.de\/wp-content\/uploads\/2025\/07\/Kurse.png\"><img loading=\"lazy\" decoding=\"async\" width=\"1012\" height=\"587\" src=\"https:\/\/www.jfs.de\/wp-content\/uploads\/2025\/07\/Kurse.png\" alt=\"\" class=\"wp-image-6874\" style=\"width:272px;height:auto\" srcset=\"https:\/\/www.jfs.de\/wp-content\/uploads\/2025\/07\/Kurse.png 1012w, https:\/\/www.jfs.de\/wp-content\/uploads\/2025\/07\/Kurse-300x174.png 300w, https:\/\/www.jfs.de\/wp-content\/uploads\/2025\/07\/Kurse-768x445.png 768w\" sizes=\"auto, (max-width: 1012px) 100vw, 1012px\" \/><\/a><\/figure>\n<\/div>\n\n<p>Der F\u00f6rderverein \u00a0unserer Schule bietet regelm\u00e4\u00dfig Vorbereitungskurse f\u00fcr die Abschlusspr\u00fcfungen an:<\/p>\n<ul>\n<li>WG Abitur: BWL (ca. im Januar)<\/li>\n<li>WG Abitur: Mathematik (ca. im Februar)<\/li>\n<li>BKII: BWL (ca. im April\/ Mai)<\/li>\n<li>BKII: Mathematik (ca. im April\/ Mai)<\/li>\n<li>Wirtschaftsschule: BWL\u00a0(ca. im April\/ Mai)<\/li>\n<li>Wirtschaftsschule: Mathematik\u00a0(ca. im April\/ Mai)<\/li>\n<li>KBS Industriekaufleute: BWL\/ Stk\/ Ges\u00a0(ca. im M\u00e4rz\/ April und im Sept.\/ Okt.)<\/li>\n<li>KBS Speditionskaufleute: BWL\/ Stk\/ Ges\u00a0(ca. im M\u00e4rz\/ April und im Sept.\/ Okt.)<\/li>\n<li>KBS: KMK Fremdsprachenzertifikat (ca. im M\u00e4rz\/ April)<\/li>\n<\/ul>\n<p>Die Anmeldungen hierf\u00fcr erhalten Sie\u00a0im Sekretariat.<br \/>Betriebe, die Mitglied im F\u00f6rderverein sind, erhalten eine Verg\u00fcnstigung.<\/p>\n<p>Au\u00dferdem bieten wir einen Mathematik-Vorbereitungskurs f\u00fcr die Eingangsklasse Wirtschaftsgymnasium an. Dieser findet immer in der letzten Woche der Sommerferien statt.<\/p>","protected":false},"excerpt":{"rendered":"<p>NEU f\u00fcr die Kaufm\u00e4nnische Berufsschule (KBS): Zusatzqualifikation \u201eK\u00fcnstliche Intelligenz und Maschinelles Lernen\u201c K\u00fcnstliche Intelligenz ver\u00e4ndert Wirtschaft und Arbeitswelt grundlegend \u2013 und er\u00f6ffnet spannende berufliche Perspektiven. Wer fr\u00fchzeitig Kompetenzen in diesem zukunftsweisenden Bereich aufbaut, verschafft sich klare Vorteile. Ab Herbst 2025 <a class=\"more-link\" href=\"https:\/\/www.jfs.de\/?page_id=651\"><span class=\"screen-reader-text\">  Zusatzqualifikation \/ Kurse \/ Weiterbildungsangebote<\/span> weiterlesen<span class=\"meta-nav\">&rarr;<\/span><\/a><\/p>\n","protected":false},"author":1,"featured_media":0,"parent":166,"menu_order":0,"comment_status":"closed","ping_status":"closed","template":"","meta":{"footnotes":""},"class_list":["post-651","page","type-page","status-publish","hentry"],"_links":{"self":[{"href":"https:\/\/www.jfs.de\/index.php?rest_route=\/wp\/v2\/pages\/651","targetHints":{"allow":["GET"]}}],"collection":[{"href":"https:\/\/www.jfs.de\/index.php?rest_route=\/wp\/v2\/pages"}],"about":[{"href":"https:\/\/www.jfs.de\/index.php?rest_route=\/wp\/v2\/types\/page"}],"author":[{"embeddable":true,"href":"https:\/\/www.jfs.de\/index.php?rest_route=\/wp\/v2\/users\/1"}],"replies":[{"embeddable":true,"href":"https:\/\/www.jfs.de\/index.php?rest_route=%2Fwp%2Fv2%2Fcomments&post=651"}],"version-history":[{"count":9,"href":"https:\/\/www.jfs.de\/index.php?rest_route=\/wp\/v2\/pages\/651\/revisions"}],"predecessor-version":[{"id":6875,"href":"https:\/\/www.jfs.de\/index.php?rest_route=\/wp\/v2\/pages\/651\/revisions\/6875"}],"up":[{"embeddable":true,"href":"https:\/\/www.jfs.de\/index.php?rest_route=\/wp\/v2\/pages\/166"}],"wp:attachment":[{"href":"https:\/\/www.jfs.de\/index.php?rest_route=%2Fwp%2Fv2%2Fmedia&parent=651"}],"curies":[{"name":"wp","href":"https:\/\/api.w.org\/{rel}","templated":true}]}}