{"id":629,"date":"2015-02-05T14:33:22","date_gmt":"2015-02-05T14:33:22","guid":{"rendered":"https:\/\/www.jfs.de\/?page_id=629"},"modified":"2015-02-05T14:33:22","modified_gmt":"2015-02-05T14:33:22","slug":"global-studies","status":"publish","type":"page","link":"https:\/\/www.jfs.de\/?page_id=629","title":{"rendered":"Global Studies"},"content":{"rendered":"<p><img loading=\"lazy\" decoding=\"async\" class=\"alignleft size-medium wp-image-631\" src=\"https:\/\/www.jfs.de\/wp-content\/uploads\/2015\/02\/globalstudies-300x180.png\" alt=\"globalstudies\" width=\"300\" height=\"180\" srcset=\"https:\/\/www.jfs.de\/wp-content\/uploads\/2015\/02\/globalstudies-300x180.png 300w, https:\/\/www.jfs.de\/wp-content\/uploads\/2015\/02\/globalstudies.png 553w\" sizes=\"auto, (max-width: 300px) 100vw, 300px\" \/>Das Fach Global Studies richtet sich an Sch\u00fclerinnen und Sch\u00fcler des Wirtschaftsgymnasiums, die gerne kreativ, aktiv und im Team arbeiten m\u00f6chten. Auch das Interesse an unterschiedlichen Kulturen und der englischen Sprache sowie die Freude am Pr\u00e4sentieren sollten vorhanden sein. Global Studies wird nicht nur in einem LehrerInnentandem unterrichtet, sondern auch bilingual.<\/p>\n<p>Im Unterricht gewinnen die Sch\u00fclerinnen und Sch\u00fcler Einblicke in globale Themen, die aus unterschiedlichen Blickwinkeln betrachtet werden. Gesellschaftliche, politische, kulturelle, wirtschaftliche und geographische Aspekte spielen eine zentrale Rolle. Aber auch das <img loading=\"lazy\" decoding=\"async\" class=\"alignleft size-medium wp-image-632\" src=\"https:\/\/www.jfs.de\/wp-content\/uploads\/2015\/02\/globalstudies2-300x200.png\" alt=\"globalstudies2\" width=\"300\" height=\"200\" srcset=\"https:\/\/www.jfs.de\/wp-content\/uploads\/2015\/02\/globalstudies2-300x200.png 300w, https:\/\/www.jfs.de\/wp-content\/uploads\/2015\/02\/globalstudies2.png 566w\" sizes=\"auto, (max-width: 300px) 100vw, 300px\" \/>gekonnte Debattieren bildet einen Schwerpunkt in der Eingangsklasse und in der Jahrgangsstufe 1.<\/p>\n<p>Des Weiteren arbeiten die Sch\u00fclerinnen und Sch\u00fcler der Global Studies Klasse gemeinsam an unserem Erasmus+ (fr\u00fcher Comenius) Projekt und lernen dadurch Sch\u00fclerinnen und Sch\u00fcler aus anderen europ\u00e4ischen L\u00e4ndern kennen.<\/p>\n","protected":false},"excerpt":{"rendered":"<p>Das Fach Global Studies richtet sich an Sch\u00fclerinnen und Sch\u00fcler des Wirtschaftsgymnasiums, die gerne kreativ, aktiv und im Team arbeiten m\u00f6chten. Auch das Interesse an unterschiedlichen Kulturen und der englischen Sprache sowie die Freude am Pr\u00e4sentieren sollten vorhanden sein. Global <a class=\"more-link\" href=\"https:\/\/www.jfs.de\/?page_id=629\"><span class=\"screen-reader-text\">  Global Studies<\/span> weiterlesen<span class=\"meta-nav\">&rarr;<\/span><\/a><\/p>\n","protected":false},"author":1,"featured_media":0,"parent":211,"menu_order":0,"comment_status":"closed","ping_status":"closed","template":"","meta":{"footnotes":""},"class_list":["post-629","page","type-page","status-publish","hentry"],"_links":{"self":[{"href":"https:\/\/www.jfs.de\/index.php?rest_route=\/wp\/v2\/pages\/629","targetHints":{"allow":["GET"]}}],"collection":[{"href":"https:\/\/www.jfs.de\/index.php?rest_route=\/wp\/v2\/pages"}],"about":[{"href":"https:\/\/www.jfs.de\/index.php?rest_route=\/wp\/v2\/types\/page"}],"author":[{"embeddable":true,"href":"https:\/\/www.jfs.de\/index.php?rest_route=\/wp\/v2\/users\/1"}],"replies":[{"embeddable":true,"href":"https:\/\/www.jfs.de\/index.php?rest_route=%2Fwp%2Fv2%2Fcomments&post=629"}],"version-history":[{"count":2,"href":"https:\/\/www.jfs.de\/index.php?rest_route=\/wp\/v2\/pages\/629\/revisions"}],"predecessor-version":[{"id":633,"href":"https:\/\/www.jfs.de\/index.php?rest_route=\/wp\/v2\/pages\/629\/revisions\/633"}],"up":[{"embeddable":true,"href":"https:\/\/www.jfs.de\/index.php?rest_route=\/wp\/v2\/pages\/211"}],"wp:attachment":[{"href":"https:\/\/www.jfs.de\/index.php?rest_route=%2Fwp%2Fv2%2Fmedia&parent=629"}],"curies":[{"name":"wp","href":"https:\/\/api.w.org\/{rel}","templated":true}]}}