{"id":609,"date":"2015-02-04T08:27:22","date_gmt":"2015-02-04T08:27:22","guid":{"rendered":"https:\/\/www.jfs.de\/?page_id=609"},"modified":"2016-09-22T12:19:55","modified_gmt":"2016-09-22T12:19:55","slug":"juniorfirma","status":"publish","type":"page","link":"https:\/\/www.jfs.de\/?page_id=609","title":{"rendered":"Juniorfirma"},"content":{"rendered":"<p><a href=\"https:\/\/www.jfs.de\/wp-content\/uploads\/2016\/02\/mercatio_stand_k.jpg\"><img loading=\"lazy\" decoding=\"async\" class=\"alignleft size-medium wp-image-882\" src=\"https:\/\/www.jfs.de\/wp-content\/uploads\/2016\/02\/mercatio_stand_k-300x300.jpg\" alt=\"mercatio_stand_k\" width=\"300\" height=\"300\" srcset=\"https:\/\/www.jfs.de\/wp-content\/uploads\/2016\/02\/mercatio_stand_k.jpg 300w, https:\/\/www.jfs.de\/wp-content\/uploads\/2016\/02\/mercatio_stand_k-150x150.jpg 150w\" sizes=\"auto, (max-width: 300px) 100vw, 300px\" \/><\/a>Unsere Juniorenfirma \u201e<strong>Junior Trade &amp; Management Jakob-Friedrich-Sch\u00f6llkopf-Schule e.V.<\/strong>\u201c \u00a0bietet uns Sch\u00fclerInnen des BK1 und BK2 die M\u00f6glichkeit eine eigene Firma zu f\u00fchren, praktische Erfahrungen in der kaufm\u00e4nnischen Arbeitswelt zu sammeln und mit echten Handelspartnern zu kooperieren.<\/p>\n<p>Mit einem Verkaufswagen verkaufen wir nun reale Produkte an der Schule. Der Verkauf liegt ebenso in unserer Hand, wie die Sortimentsauswahl und die Bestell\u00adabwicklung. Gezielte Marketingaktionen sollen den Verkauf von fair gehandelten Produkten ankurbeln und die Bedeutung des fairen Handels aufzeigen.<\/p>\n<p>Im Hintergrund werden die\u00a0 betrieb\u00adlichen Prozesse im Personalwesen, in der Waren\u00adwirtschaft und im Finanz\u00adwesen (Buchf\u00fchrung) mit der integrierten Unternehmens\u00adsoftware Microsoft Business Solution \u201eNavision\u201c abgebildet.<\/p>\n<p>Wir wollen mit unserer Juniorenfirma dazu beitragen, die Jakob-Friedrich-Sch\u00f6llkopf-Schule als Fairtrade-School auszeichnen zu lassen, um damit einen Beitrag zu einer besseren Welt zu leisten!<\/p>\n<p>Hier geht es zu den <a href=\"http:\/\/www.juniortrade.de\/mercatio\/\" target=\"_blank\">Internetseiten der Juniorfirma Mercatio<\/a>.<\/p>\n<p>Weitere\u00a0Informationen zu unserem Projekt Fairtrade-School findet ihr auf unserem Blog unter <a href=\"http:\/\/blog.fairtrade-schools.de\/author\/ftschool311\/\" target=\"_blank\">http:\/\/blog.fairtrade-schools.de\/author\/ftschool311\/<\/a><\/p>\n","protected":false},"excerpt":{"rendered":"<p>Unsere Juniorenfirma \u201eJunior Trade &amp; Management Jakob-Friedrich-Sch\u00f6llkopf-Schule e.V.\u201c \u00a0bietet uns Sch\u00fclerInnen des BK1 und BK2 die M\u00f6glichkeit eine eigene Firma zu f\u00fchren, praktische Erfahrungen in der kaufm\u00e4nnischen Arbeitswelt zu sammeln und mit echten Handelspartnern zu kooperieren. Mit einem Verkaufswagen verkaufen <a class=\"more-link\" href=\"https:\/\/www.jfs.de\/?page_id=609\"><span class=\"screen-reader-text\">  Juniorfirma<\/span> weiterlesen<span class=\"meta-nav\">&rarr;<\/span><\/a><\/p>\n","protected":false},"author":1,"featured_media":0,"parent":211,"menu_order":0,"comment_status":"closed","ping_status":"closed","template":"","meta":{"footnotes":""},"class_list":["post-609","page","type-page","status-publish","hentry"],"_links":{"self":[{"href":"https:\/\/www.jfs.de\/index.php?rest_route=\/wp\/v2\/pages\/609","targetHints":{"allow":["GET"]}}],"collection":[{"href":"https:\/\/www.jfs.de\/index.php?rest_route=\/wp\/v2\/pages"}],"about":[{"href":"https:\/\/www.jfs.de\/index.php?rest_route=\/wp\/v2\/types\/page"}],"author":[{"embeddable":true,"href":"https:\/\/www.jfs.de\/index.php?rest_route=\/wp\/v2\/users\/1"}],"replies":[{"embeddable":true,"href":"https:\/\/www.jfs.de\/index.php?rest_route=%2Fwp%2Fv2%2Fcomments&post=609"}],"version-history":[{"count":6,"href":"https:\/\/www.jfs.de\/index.php?rest_route=\/wp\/v2\/pages\/609\/revisions"}],"predecessor-version":[{"id":1136,"href":"https:\/\/www.jfs.de\/index.php?rest_route=\/wp\/v2\/pages\/609\/revisions\/1136"}],"up":[{"embeddable":true,"href":"https:\/\/www.jfs.de\/index.php?rest_route=\/wp\/v2\/pages\/211"}],"wp:attachment":[{"href":"https:\/\/www.jfs.de\/index.php?rest_route=%2Fwp%2Fv2%2Fmedia&parent=609"}],"curies":[{"name":"wp","href":"https:\/\/api.w.org\/{rel}","templated":true}]}}