{"id":585,"date":"2015-02-02T09:30:06","date_gmt":"2015-02-02T09:30:06","guid":{"rendered":"https:\/\/www.jfs.de\/?page_id=585"},"modified":"2015-02-02T09:30:06","modified_gmt":"2015-02-02T09:30:06","slug":"ausfluege-und-austausche","status":"publish","type":"page","link":"https:\/\/www.jfs.de\/?page_id=585","title":{"rendered":"Ausfl\u00fcge und Austausche"},"content":{"rendered":"<p>Je nach Schulart gibt es <strong>Schnuppertage, H\u00fcttentage oder Einf\u00fchrungstage<\/strong>. Es gibt\u00a0<strong>Ausfl\u00fcge, Fach-Exkursionen und Studienfahrten<\/strong>. Im Wirtschaftsgymnasium werden diverse\u00a0<strong>Austauschprogramme<\/strong> mit unseren Partnerschulen angeboten, z.B. mit:<img loading=\"lazy\" decoding=\"async\" class=\"alignleft  wp-image-216\" src=\"https:\/\/www.jfs.de\/wp-content\/uploads\/2015\/01\/europa_k-300x199.jpg\" alt=\"European_Union\" width=\"204\" height=\"138\" \/><\/p>\n<ul>\n<li>Instituto Emilio Prados, Malaga, <strong>Spanien<\/strong><\/li>\n<li>Sandviken, <strong>Schweden<\/strong><\/li>\n<li>Thelma Yellin High School of the Arts, Givatayim , <strong>Israel<\/strong><\/li>\n<li>viele weitere Schulen in Europa im Rahmen des <strong>Comenius<\/strong>-Austausches<\/li>\n<\/ul>\n<p>In der kaufm\u00e4nnischen Berufsschule wird ein dreiw\u00f6chiger <strong>Praktikumsaufenthalt in London<\/strong> angeboten. Hierf\u00fcr werden Stipendien \u00fcber Erasmus+ vergeben.<\/p>\n","protected":false},"excerpt":{"rendered":"<p>Je nach Schulart gibt es Schnuppertage, H\u00fcttentage oder Einf\u00fchrungstage. Es gibt\u00a0Ausfl\u00fcge, Fach-Exkursionen und Studienfahrten. Im Wirtschaftsgymnasium werden diverse\u00a0Austauschprogramme mit unseren Partnerschulen angeboten, z.B. mit: Instituto Emilio Prados, Malaga, Spanien Sandviken, Schweden Thelma Yellin High School of the Arts, Givatayim , <a class=\"more-link\" href=\"https:\/\/www.jfs.de\/?page_id=585\"><span class=\"screen-reader-text\">  Ausfl\u00fcge und Austausche<\/span> weiterlesen<span class=\"meta-nav\">&rarr;<\/span><\/a><\/p>\n","protected":false},"author":1,"featured_media":0,"parent":214,"menu_order":0,"comment_status":"closed","ping_status":"closed","template":"","meta":{"footnotes":""},"class_list":["post-585","page","type-page","status-publish","hentry"],"_links":{"self":[{"href":"https:\/\/www.jfs.de\/index.php?rest_route=\/wp\/v2\/pages\/585","targetHints":{"allow":["GET"]}}],"collection":[{"href":"https:\/\/www.jfs.de\/index.php?rest_route=\/wp\/v2\/pages"}],"about":[{"href":"https:\/\/www.jfs.de\/index.php?rest_route=\/wp\/v2\/types\/page"}],"author":[{"embeddable":true,"href":"https:\/\/www.jfs.de\/index.php?rest_route=\/wp\/v2\/users\/1"}],"replies":[{"embeddable":true,"href":"https:\/\/www.jfs.de\/index.php?rest_route=%2Fwp%2Fv2%2Fcomments&post=585"}],"version-history":[{"count":1,"href":"https:\/\/www.jfs.de\/index.php?rest_route=\/wp\/v2\/pages\/585\/revisions"}],"predecessor-version":[{"id":586,"href":"https:\/\/www.jfs.de\/index.php?rest_route=\/wp\/v2\/pages\/585\/revisions\/586"}],"up":[{"embeddable":true,"href":"https:\/\/www.jfs.de\/index.php?rest_route=\/wp\/v2\/pages\/214"}],"wp:attachment":[{"href":"https:\/\/www.jfs.de\/index.php?rest_route=%2Fwp%2Fv2%2Fmedia&parent=585"}],"curies":[{"name":"wp","href":"https:\/\/api.w.org\/{rel}","templated":true}]}}