{"id":522,"date":"2015-02-01T17:04:12","date_gmt":"2015-02-01T17:04:12","guid":{"rendered":"https:\/\/www.jfs.de\/?page_id=522"},"modified":"2026-04-23T12:46:55","modified_gmt":"2026-04-23T12:46:55","slug":"dokumente-wg","status":"publish","type":"page","link":"https:\/\/www.jfs.de\/?page_id=522","title":{"rendered":"Download"},"content":{"rendered":"<p><strong>Allgemeine Unterlagen und Informationen:<\/strong><\/p>\n<ul>\n<li><a href=\"https:\/\/www.jfs.de\/wp-content\/uploads\/2025\/02\/Kalender-blau-2526.pdf\" target=\"_blank\" rel=\"noopener\">Schulkalender 25\/26<\/a><\/li>\n<li><a href=\"https:\/\/www.jfs.de\/wp-content\/uploads\/2026\/02\/Kalender_blau_2627.pdf\" target=\"_blank\" rel=\"noopener\">Schulkalender 26\/27<\/a><\/li>\n<li><a href=\"https:\/\/www.jfs.de\/wp-content\/uploads\/2021\/07\/Elternbrief-2020-berufliche-Schulen-AA-ES-LB-RMK-zuschussberechtigt.pdf\" target=\"_blank\" rel=\"noopener noreferrer\">Infos zum VVS Scool Abo<\/a><\/li>\n<li><a href=\"https:\/\/aboonline.highq.de\/WebClientAboOnlineUi\/produkt\/anlageassistent\/anlageassistent.xhtml?KTNR=04101357&amp;Mandant=VVS&amp;faces-redirect=true\" target=\"_blank\" rel=\"noopener noreferrer\">VVS Scool Abo: Direkt online bestellen<\/a><\/li>\n<li><a href=\"https:\/\/www.jfs.de\/wp-content\/uploads\/2026\/02\/Fairplay2.pdf\" target=\"_blank\" rel=\"noopener noreferrer\">Schul- und Hausordnung (Fairplay)<\/a><\/li>\n<li><a href=\"https:\/\/www.jfs.de\/wp-content\/uploads\/2026\/04\/Antrag-auf-Beurlaubung.pdf\" target=\"_blank\" rel=\"noopener noreferrer\">Antrag auf Beurlaubung Vollzeit (WG, BK, WS, VABO)<\/a><\/li>\n<li><a href=\"https:\/\/www.jfs.de\/wp-content\/uploads\/2025\/10\/Konzept-gegen-sexualisierte-Gewalt.pdf\" target=\"_blank\" rel=\"noopener\">Flyer gegen sexualisierte Gewalt<\/a><\/li>\n<\/ul>\n<p>Wichtige und hilfreiche <strong>Unterlagen, Dokumente, Vorlagen<\/strong> f\u00fcr unsere Sch\u00fclerinnen und Sch\u00fcler im <strong>Wirtschaftsgymnasium<\/strong>:<\/p>\n<ul>\n<li><a href=\"https:\/\/www.jfs.de\/wp-content\/uploads\/2025\/11\/WG-Flyer-25_26-klein.pdf\" target=\"_blank\" rel=\"noopener noreferrer\">Info I:\u00a0Brosch\u00fcre \u2013 Lust auf Abitur mit Profil<\/a><\/li>\n<li><a href=\"https:\/\/www.jfs.de\/wp-content\/uploads\/2025\/11\/251023_Folder_WG_02.pdf\" target=\"_blank\" rel=\"noopener noreferrer\">Info II: Ausf\u00fchrliche Brosch\u00fcre Wirtschaftsgymnasium<\/a><\/li>\n<li><a href=\"https:\/\/www.jfs.de\/wp-content\/uploads\/2023\/12\/2023-11-15-Leitfaden_Abitur_2026_BF.pdf\" target=\"_blank\" rel=\"noopener\">Leitfaden f\u00fcr die gymnasiale Oberstufe 2026<\/a><\/li>\n<li><a href=\"https:\/\/www.jfs.de\/wp-content\/uploads\/2025\/02\/Leitfaden_Abitur_2027_final-1.pdf\" target=\"_blank\" rel=\"noopener\">Leitfaden f\u00fcr die gymnasiale Oberstufe 2027<\/a><\/li>\n<li><a href=\"http:\/\/lis-in-bw.de\/,Lde\/Startseite\/Ueber+Uns\/Hinweise+und+Erlasse\" target=\"_blank\" rel=\"noopener noreferrer\">Durchf\u00fchrungsbestimmungen im Sport Abitur<\/a><\/li>\n<li><a href=\"https:\/\/www.jfs.de\/wp-content\/uploads\/2024\/02\/GFS-Handreichung-SuS-fachschaftsuebergreifend_Februar-2024_Version1.0.pdf\" target=\"_blank\" rel=\"noopener noreferrer\">Handreichung zur Erstellung einer GFS<\/a><\/li>\n<li><a href=\"https:\/\/www.jfs.de\/wp-content\/uploads\/2024\/02\/Anlage-I-Vorlage_Handout.docx\" target=\"_blank\" rel=\"noopener\">Handout Vorlage<\/a><\/li>\n<li><a href=\"https:\/\/www.jfs.de\/wp-content\/uploads\/2024\/02\/Anlage-II-Tischvorlage_Quellen-GFS.doc\" target=\"_blank\" rel=\"noopener\">Tischvorlage Quellen<\/a><\/li>\n<\/ul>\n<p><strong>Unterlagen, Dokumente und Vorlagen<\/strong> f\u00fcr die <strong>KBS (Kaufm\u00e4nnische Berufsschule)<\/strong>:<\/p>\n<ul>\n<li><a href=\"https:\/\/www.jfs.de\/wp-content\/uploads\/2025\/10\/Wochentagsplanung-2025-26_4.pdf\" target=\"_blank\" rel=\"noopener noreferrer\">Wochentage der Berufsschulklassen 25\/26<\/a><\/li>\n<li><a href=\"https:\/\/www.jfs.de\/wp-content\/uploads\/2022\/11\/Anmeldebestaetigung-fuer-Betriebe2023.pdf\" target=\"_blank\" rel=\"noopener noreferrer\">Infos f\u00fcr neue Auszubildende (Anmeldebest\u00e4tigung)<\/a><\/li>\n<li><a href=\"https:\/\/www.jfs.de\/wp-content\/uploads\/2025\/12\/Pruefungstermine-Sommer-2026.pdf\" target=\"_blank\" rel=\"noopener\">Termine der <strong>Sommerpr\u00fcfung im Mai 2026 (KBS)<\/strong><\/a><\/li>\n<\/ul>\n<ul>\n<li><a href=\"https:\/\/www.jfs.de\/?page_id=3794\" rel=\"noopener noreferrer\"><strong>An<\/strong>meldung zur Kaufm\u00e4nnischen Berufsschule<\/a><\/li>\n<li><a href=\"https:\/\/www.jfs.de\/?page_id=6175\" rel=\"noopener noreferrer\"><strong>Ab<\/strong>meldung von der Kaufm\u00e4nnischen Berufsschule<\/a><\/li>\n<li><a href=\"https:\/\/www.jfs.de\/wp-content\/uploads\/2019\/11\/BeurlaubungsformularKBS.pdf\" target=\"_blank\" rel=\"noopener noreferrer\">Antrag auf Beurlaubung KBS (alle Berufe)<\/a><\/li>\n<li><a href=\"https:\/\/www.jfs.de\/wp-content\/uploads\/2018\/09\/Gastschulantrag_JFS.docx\" target=\"_blank\" rel=\"noopener noreferrer\">Antrag auf Genehmigung eines Gastschulverh\u00e4ltnisses f\u00fcr Speditionen<\/a><\/li>\n<li><a href=\"https:\/\/www.jfs.de\/wp-content\/uploads\/2024\/10\/Ausbildertreffen24.pdf\" target=\"_blank\" rel=\"noopener\">Ausbildertagung 2024 Pr\u00e4sentation<\/a><\/li>\n<\/ul>\n<p><strong>N\u00fctzliche Links:<\/strong><\/p>\n<ul>\n<li><a href=\"http:\/\/www.rp-karlsruhe.de\/servlet\/PB\/menu\/1332359\/index.html\" target=\"_blank\" rel=\"noopener noreferrer\">Pr\u00fcfungen und Bildungswege (Infos des RP Stuttgart)<\/a><\/li>\n<li><a href=\"http:\/\/www.studienwahl.de\/de\/studieren\/finder.htm\" target=\"_blank\" rel=\"noopener noreferrer\">Studienwahl.de (Hilfe bei der Studienwahl durch die Bundesagentur f\u00fcr Arbeit)\u00a0<\/a><\/li>\n<li><a href=\"https:\/\/www.studieninfo-bw.de\/\" target=\"_blank\" rel=\"noopener noreferrer\">Orientierung f\u00fcr das Studium (Ministerium f\u00fcr Wissenschaft, Forschung und Kunst BW)<\/a><\/li>\n<li><a href=\"https:\/\/www.ihk-lehrstellenboerse.de\/joboffers\/search.html?query=Alle+Berufe&amp;location=Stuttgart\" target=\"_blank\" rel=\"noopener noreferrer\">Lehrstellenb\u00f6rse der IHK Stuttgart<\/a><\/li>\n<li><a href=\"http:\/\/jobboerse.arbeitsagentur.de\/\" target=\"_blank\" rel=\"noopener noreferrer\">Jobb\u00f6rse f\u00fcr Arbeit und Ausbildung der Bundesagentur f\u00fcr Arbeit<\/a><\/li>\n<li><a href=\"http:\/\/www.lsbr.de\/\" target=\"_blank\" rel=\"noopener noreferrer\">Landessch\u00fclerbeirat<\/a><\/li>\n<li><a href=\"https:\/\/www.jfs.de\/wp-content\/uploads\/2026\/02\/Broschuere_Berufsschulen_LandkreisEssl_interakt.pdf\" target=\"_blank\" rel=\"noopener\">Brosch\u00fcre der beruflichen Schulen im Landkreis Esslingen<\/a><\/li>\n<\/ul>\n<p><strong>Dokumente und Informationen f\u00fcr das Erasmus+ Programm (Dublin):<\/strong><\/p>\n<ul>\n<li style=\"list-style-type: none;\">\n<ul>\n<li><a href=\"https:\/\/www.jfs.de\/wp-content\/uploads\/2025\/10\/Formular_verbindliche_Anmeldung_2526.docx\" target=\"_blank\" rel=\"noopener noreferrer\">Anmeldeformular<\/a><\/li>\n<li><a href=\"https:\/\/www.jfs.de\/wp-content\/uploads\/2025\/10\/Informationen_Schueler_Anhang_Anmeldung_Dublin2526.pdf\" target=\"_blank\" rel=\"noopener noreferrer\">Informationen zur Anmeldung<\/a><\/li>\n<li><a href=\"https:\/\/www.jfs.de\/wp-content\/uploads\/2025\/10\/Vorlage_Lebenslauf.docx\" target=\"_blank\" rel=\"noopener noreferrer\">Vorlage Lebenslauf<\/a><\/li>\n<\/ul>\n<\/li>\n<\/ul>\n\n\n<p><\/p>\n","protected":false},"excerpt":{"rendered":"<p>Allgemeine Unterlagen und Informationen: Schulkalender 25\/26 Schulkalender 26\/27 Infos zum VVS Scool Abo VVS Scool Abo: Direkt online bestellen Schul- und Hausordnung (Fairplay) Antrag auf Beurlaubung Vollzeit (WG, BK, WS, VABO) Flyer gegen sexualisierte Gewalt Wichtige und hilfreiche Unterlagen, Dokumente, <a class=\"more-link\" href=\"https:\/\/www.jfs.de\/?page_id=522\"><span class=\"screen-reader-text\">  Download<\/span> weiterlesen<span class=\"meta-nav\">&rarr;<\/span><\/a><\/p>\n","protected":false},"author":1,"featured_media":0,"parent":134,"menu_order":0,"comment_status":"closed","ping_status":"closed","template":"","meta":{"footnotes":""},"class_list":["post-522","page","type-page","status-publish","hentry"],"_links":{"self":[{"href":"https:\/\/www.jfs.de\/index.php?rest_route=\/wp\/v2\/pages\/522","targetHints":{"allow":["GET"]}}],"collection":[{"href":"https:\/\/www.jfs.de\/index.php?rest_route=\/wp\/v2\/pages"}],"about":[{"href":"https:\/\/www.jfs.de\/index.php?rest_route=\/wp\/v2\/types\/page"}],"author":[{"embeddable":true,"href":"https:\/\/www.jfs.de\/index.php?rest_route=\/wp\/v2\/users\/1"}],"replies":[{"embeddable":true,"href":"https:\/\/www.jfs.de\/index.php?rest_route=%2Fwp%2Fv2%2Fcomments&post=522"}],"version-history":[{"count":183,"href":"https:\/\/www.jfs.de\/index.php?rest_route=\/wp\/v2\/pages\/522\/revisions"}],"predecessor-version":[{"id":7380,"href":"https:\/\/www.jfs.de\/index.php?rest_route=\/wp\/v2\/pages\/522\/revisions\/7380"}],"up":[{"embeddable":true,"href":"https:\/\/www.jfs.de\/index.php?rest_route=\/wp\/v2\/pages\/134"}],"wp:attachment":[{"href":"https:\/\/www.jfs.de\/index.php?rest_route=%2Fwp%2Fv2%2Fmedia&parent=522"}],"curies":[{"name":"wp","href":"https:\/\/api.w.org\/{rel}","templated":true}]}}