{"id":4731,"date":"2023-03-30T13:12:23","date_gmt":"2023-03-30T13:12:23","guid":{"rendered":"https:\/\/www.jfs.de\/?page_id=4731"},"modified":"2023-03-30T13:12:23","modified_gmt":"2023-03-30T13:12:23","slug":"die-schulbibliothek-das-herz-der-schule","status":"publish","type":"page","link":"https:\/\/www.jfs.de\/?page_id=4731","title":{"rendered":"<strong>Die Schulbibliothek &#8211; das Herz der Schule<\/strong>"},"content":{"rendered":"\n<ul class=\"wp-block-list\"><li>ein Ort f\u00fcr selbst organisiertes Lernen<\/li><li>Lernen, Spielen und Nutzung an PCs und Laptops<\/li><li>unterst\u00fctzt die Recherchen f\u00fcr Sch\u00fcler und Lehrer<\/li><li>Beratung und Rechercheunterst\u00fctzung z. B. bei GFS, Seminarkursen und Pr\u00fcfungen<\/li><li>zus\u00e4tzlicher Unterrichtsraum f\u00fcr Projektarbeit und Lernen und Arbeiten in Kleingruppen<\/li><li>enge Verkn\u00fcpfung von Lernen im Unterricht Vertiefen des Lernstoffes in der Bibliothek<\/li><li>Erlangen von Lesekompetenz durch vielf\u00e4ltige Aktionen in den R\u00e4umen der Bibliothek<\/li><li>Integration und interkulturellen Austausch w\u00e4hrend der Hohlstunden und der Mittagspause<\/li><li>Sozialer Treffpunkt und R\u00fcckzugsraum f\u00fcr Sch\u00fcler<\/li><\/ul>\n","protected":false},"excerpt":{"rendered":"<p>ein Ort f\u00fcr selbst organisiertes Lernen Lernen, Spielen und Nutzung an PCs und Laptops unterst\u00fctzt die Recherchen f\u00fcr Sch\u00fcler und Lehrer Beratung und Rechercheunterst\u00fctzung z. B. bei GFS, Seminarkursen und Pr\u00fcfungen zus\u00e4tzlicher Unterrichtsraum f\u00fcr Projektarbeit und Lernen und Arbeiten in <a class=\"more-link\" href=\"https:\/\/www.jfs.de\/?page_id=4731\"><span class=\"screen-reader-text\">  <strong>Die Schulbibliothek &#8211; das Herz der Schule<\/strong><\/span> weiterlesen<span class=\"meta-nav\">&rarr;<\/span><\/a><\/p>\n","protected":false},"author":8,"featured_media":0,"parent":0,"menu_order":0,"comment_status":"closed","ping_status":"closed","template":"","meta":{"footnotes":""},"class_list":["post-4731","page","type-page","status-publish","hentry"],"_links":{"self":[{"href":"https:\/\/www.jfs.de\/index.php?rest_route=\/wp\/v2\/pages\/4731","targetHints":{"allow":["GET"]}}],"collection":[{"href":"https:\/\/www.jfs.de\/index.php?rest_route=\/wp\/v2\/pages"}],"about":[{"href":"https:\/\/www.jfs.de\/index.php?rest_route=\/wp\/v2\/types\/page"}],"author":[{"embeddable":true,"href":"https:\/\/www.jfs.de\/index.php?rest_route=\/wp\/v2\/users\/8"}],"replies":[{"embeddable":true,"href":"https:\/\/www.jfs.de\/index.php?rest_route=%2Fwp%2Fv2%2Fcomments&post=4731"}],"version-history":[{"count":1,"href":"https:\/\/www.jfs.de\/index.php?rest_route=\/wp\/v2\/pages\/4731\/revisions"}],"predecessor-version":[{"id":4732,"href":"https:\/\/www.jfs.de\/index.php?rest_route=\/wp\/v2\/pages\/4731\/revisions\/4732"}],"wp:attachment":[{"href":"https:\/\/www.jfs.de\/index.php?rest_route=%2Fwp%2Fv2%2Fmedia&parent=4731"}],"curies":[{"name":"wp","href":"https:\/\/api.w.org\/{rel}","templated":true}]}}