{"id":473,"date":"2015-02-01T14:26:05","date_gmt":"2015-02-01T14:26:05","guid":{"rendered":"https:\/\/www.jfs.de\/?page_id=473"},"modified":"2025-04-07T16:11:40","modified_gmt":"2025-04-07T16:11:40","slug":"schul-und-hausordnung","status":"publish","type":"page","link":"https:\/\/www.jfs.de\/?page_id=473","title":{"rendered":"Schul- und Hausordnung"},"content":{"rendered":"<p><a href=\"https:\/\/www.jfs.de\/wp-content\/uploads\/2025\/04\/Fairplay.pdf\" target=\"_blank\" rel=\"noopener\"><img loading=\"lazy\" decoding=\"async\" class=\"alignleft size-full wp-image-474\" src=\"https:\/\/www.jfs.de\/wp-content\/uploads\/2015\/02\/fair_play_titel.jpg\" alt=\"fair_play_titel\" width=\"250\" height=\"249\" srcset=\"https:\/\/www.jfs.de\/wp-content\/uploads\/2015\/02\/fair_play_titel.jpg 250w, https:\/\/www.jfs.de\/wp-content\/uploads\/2015\/02\/fair_play_titel-150x150.jpg 150w\" sizes=\"auto, (max-width: 250px) 100vw, 250px\" \/><\/a><\/p>\n<blockquote><p>&#8222;Mehr als nur eine Schul- und Hausordnung: Unser Verst\u00e4ndnis von Fair Play an der Schule.&#8220;<\/p><\/blockquote>\n<p><a href=\"https:\/\/www.jfs.de\/wp-content\/uploads\/2025\/04\/Fairplay.pdf\" target=\"_blank\" rel=\"noopener\">Schul- und Hausordnung der Jakob-Friedrich-Sch\u00f6llkopf-Schule<\/a><\/p>\n<p>Die Regeln der\u00a0Schul- und Hausordnung erleichtern es uns allen, unsere Aufgaben gut zu erf\u00fcllen. Sie sind nicht dazu da, um jemanden willk\u00fcrlich bestimmten Zw\u00e4ngen zu unterwerfen. Gleichzeitig wollen wir die im Leitbild unserer Schule beschlossenen Ziele verwirklichen. Wichtig ist uns<\/p>\n<ul>\n<li>ein respektvoller Umgang miteinander<\/li>\n<li>Sauberkeit im Schulgeb\u00e4ude und auf dem Schulgel\u00e4nde<\/li>\n<li>Umweltbewusstsein, um den notwendigen Lebensraum langfristig zu sichern<\/li>\n<li>sorgf\u00e4ltige Behandlung der Einrichtungsgegenst\u00e4nde<\/li>\n<\/ul>\n<p>Wir, die Kolleginnen und Kollegen der Jakob-FriedrichSch\u00f6llkopf-Schule, sehen unsere berufliche Aufgabe im Angebot eines qualifizierten Unterrichts und in der Bereitschaft zu Kommunikation, Vertrauen und Verst\u00e4ndnis. Wir streben eine Atmosph\u00e4re an, in der sich junge Menschen als heranwachsende Pers\u00f6nlichkeiten wohl f\u00fchlen k\u00f6nnen. Deshalb erwarten wir auch von Ihnen, dass Sie die angesprochenen Einstellungen und Regeln als verbindlich erkennen. Wir setzen dabei auf Einsicht und Konfliktl\u00f6sung durch Gespr\u00e4che, wobei Verst\u00f6\u00dfe gegen die allgemein g\u00fcltigen Regeln und Verhaltensnormen konsequente Ma\u00dfnahmen nach sich ziehen.<\/p>\n","protected":false},"excerpt":{"rendered":"<p>&#8222;Mehr als nur eine Schul- und Hausordnung: Unser Verst\u00e4ndnis von Fair Play an der Schule.&#8220; Schul- und Hausordnung der Jakob-Friedrich-Sch\u00f6llkopf-Schule Die Regeln der\u00a0Schul- und Hausordnung erleichtern es uns allen, unsere Aufgaben gut zu erf\u00fcllen. Sie sind nicht dazu da, um <a class=\"more-link\" href=\"https:\/\/www.jfs.de\/?page_id=473\"><span class=\"screen-reader-text\">  Schul- und Hausordnung<\/span> weiterlesen<span class=\"meta-nav\">&rarr;<\/span><\/a><\/p>\n","protected":false},"author":1,"featured_media":0,"parent":134,"menu_order":0,"comment_status":"closed","ping_status":"closed","template":"","meta":{"footnotes":""},"class_list":["post-473","page","type-page","status-publish","hentry"],"_links":{"self":[{"href":"https:\/\/www.jfs.de\/index.php?rest_route=\/wp\/v2\/pages\/473","targetHints":{"allow":["GET"]}}],"collection":[{"href":"https:\/\/www.jfs.de\/index.php?rest_route=\/wp\/v2\/pages"}],"about":[{"href":"https:\/\/www.jfs.de\/index.php?rest_route=\/wp\/v2\/types\/page"}],"author":[{"embeddable":true,"href":"https:\/\/www.jfs.de\/index.php?rest_route=\/wp\/v2\/users\/1"}],"replies":[{"embeddable":true,"href":"https:\/\/www.jfs.de\/index.php?rest_route=%2Fwp%2Fv2%2Fcomments&post=473"}],"version-history":[{"count":4,"href":"https:\/\/www.jfs.de\/index.php?rest_route=\/wp\/v2\/pages\/473\/revisions"}],"predecessor-version":[{"id":6448,"href":"https:\/\/www.jfs.de\/index.php?rest_route=\/wp\/v2\/pages\/473\/revisions\/6448"}],"up":[{"embeddable":true,"href":"https:\/\/www.jfs.de\/index.php?rest_route=\/wp\/v2\/pages\/134"}],"wp:attachment":[{"href":"https:\/\/www.jfs.de\/index.php?rest_route=%2Fwp%2Fv2%2Fmedia&parent=473"}],"curies":[{"name":"wp","href":"https:\/\/api.w.org\/{rel}","templated":true}]}}