{"id":468,"date":"2015-02-01T14:13:48","date_gmt":"2015-02-01T14:13:48","guid":{"rendered":"https:\/\/www.jfs.de\/?page_id=468"},"modified":"2015-02-01T14:13:48","modified_gmt":"2015-02-01T14:13:48","slug":"beschwerdemanagement","status":"publish","type":"page","link":"https:\/\/www.jfs.de\/?page_id=468","title":{"rendered":"Beschwerdemanagement"},"content":{"rendered":"<p><strong>Verhaltensregeln bei Konflikten <\/strong><\/p>\n<p>Im Leitbild unserer Schule ist festgelegt, dass wir eine offene Kommunikation pflegen. Daher sollte bei Meinungsverschiedenheiten zwischen Sch\u00fclerInnen untereinander oder zwischen Sch\u00fclerInnen und LehrerInnen zun\u00e4chst das offene und direkte Gespr\u00e4ch zwischen den Beteiligten gesucht werden.<a href=\"https:\/\/www.jfs.de\/wp-content\/uploads\/2015\/02\/beschwerdemanagement.jpg\"><img loading=\"lazy\" decoding=\"async\" class=\"alignleft size-full wp-image-469\" src=\"https:\/\/www.jfs.de\/wp-content\/uploads\/2015\/02\/beschwerdemanagement.jpg\" alt=\"beschwerdemanagement\" width=\"531\" height=\"601\" srcset=\"https:\/\/www.jfs.de\/wp-content\/uploads\/2015\/02\/beschwerdemanagement.jpg 531w, https:\/\/www.jfs.de\/wp-content\/uploads\/2015\/02\/beschwerdemanagement-265x300.jpg 265w\" sizes=\"auto, (max-width: 531px) 100vw, 531px\" \/><\/a><\/p>\n<p>&nbsp;<\/p>\n<p>1.Stufe: L\u00e4sst sich ein Problem mit Mitsch\u00fclerInnen oder LehrerInnen nicht mehr direkt l\u00f6sen, sollte einer der abgebildeten Ansprechpartner angesprochen werden.<\/p>\n<p>2. Stufe K\u00f6nnen KlassenlehrerIn oder VerbindungslehrerIn keine L\u00f6sung finden oder handelt es sich um eine schwerwiegende Beschwerde, wenden diese sich an den Abteilungsleiter.<\/p>\n<p>3. Stufe Kann auch die Abteilungsleitung keine Probleml\u00f6sung finden, wendet sich diese an die Schulleiterin oder den Stellvertreter.<\/p>\n","protected":false},"excerpt":{"rendered":"<p>Verhaltensregeln bei Konflikten Im Leitbild unserer Schule ist festgelegt, dass wir eine offene Kommunikation pflegen. Daher sollte bei Meinungsverschiedenheiten zwischen Sch\u00fclerInnen untereinander oder zwischen Sch\u00fclerInnen und LehrerInnen zun\u00e4chst das offene und direkte Gespr\u00e4ch zwischen den Beteiligten gesucht werden. &nbsp; 1.Stufe: <a class=\"more-link\" href=\"https:\/\/www.jfs.de\/?page_id=468\"><span class=\"screen-reader-text\">  Beschwerdemanagement<\/span> weiterlesen<span class=\"meta-nav\">&rarr;<\/span><\/a><\/p>\n","protected":false},"author":1,"featured_media":0,"parent":134,"menu_order":0,"comment_status":"closed","ping_status":"closed","template":"","meta":{"footnotes":""},"class_list":["post-468","page","type-page","status-publish","hentry"],"_links":{"self":[{"href":"https:\/\/www.jfs.de\/index.php?rest_route=\/wp\/v2\/pages\/468","targetHints":{"allow":["GET"]}}],"collection":[{"href":"https:\/\/www.jfs.de\/index.php?rest_route=\/wp\/v2\/pages"}],"about":[{"href":"https:\/\/www.jfs.de\/index.php?rest_route=\/wp\/v2\/types\/page"}],"author":[{"embeddable":true,"href":"https:\/\/www.jfs.de\/index.php?rest_route=\/wp\/v2\/users\/1"}],"replies":[{"embeddable":true,"href":"https:\/\/www.jfs.de\/index.php?rest_route=%2Fwp%2Fv2%2Fcomments&post=468"}],"version-history":[{"count":1,"href":"https:\/\/www.jfs.de\/index.php?rest_route=\/wp\/v2\/pages\/468\/revisions"}],"predecessor-version":[{"id":470,"href":"https:\/\/www.jfs.de\/index.php?rest_route=\/wp\/v2\/pages\/468\/revisions\/470"}],"up":[{"embeddable":true,"href":"https:\/\/www.jfs.de\/index.php?rest_route=\/wp\/v2\/pages\/134"}],"wp:attachment":[{"href":"https:\/\/www.jfs.de\/index.php?rest_route=%2Fwp%2Fv2%2Fmedia&parent=468"}],"curies":[{"name":"wp","href":"https:\/\/api.w.org\/{rel}","templated":true}]}}