{"id":4658,"date":"2023-03-16T14:25:46","date_gmt":"2023-03-16T14:25:46","guid":{"rendered":"https:\/\/www.jfs.de\/?page_id=4658"},"modified":"2023-05-03T16:06:33","modified_gmt":"2023-05-03T16:06:33","slug":"bibliothek","status":"publish","type":"page","link":"https:\/\/www.jfs.de\/?page_id=4658","title":{"rendered":"Schulbibliothek &#8211; Das Herz der Schule"},"content":{"rendered":"\n<p>Die&nbsp;<strong>Schulbibliothek<\/strong>&nbsp;der Jakob-Friedrich-Sch\u00f6llkopf-Schule und der Max-Eyth-Schule ist eine schulinterne Bibliothek, die den Sch\u00fclerInnen und LehrerInnen der beruflichen Schulen in Kirchheim mit einem vielf\u00e4ltigen Angebot zur Verf\u00fcgung steht.<\/p>\n\n\n\n<figure class=\"wp-block-image size-large is-resized\"><img loading=\"lazy\" decoding=\"async\" src=\"https:\/\/www.jfs.de\/wp-content\/uploads\/2015\/01\/bib2013.jpg\" alt=\"\" width=\"401\" height=\"301\" \/><figcaption><strong>Die Bibliothek &#8211; ein Ort, wo man sich gerne trifft<\/strong><\/figcaption><\/figure>\n\n\n\n<div class=\"wp-block-buttons is-layout-flex wp-block-buttons-is-layout-flex\">\n<div class=\"wp-block-button\"><a class=\"wp-block-button__link\" href=\"https:\/\/www.jfs.de\/?page_id=4706\" rel=\"\">\u00d6ffnungszeiten<\/a><\/div>\n\n\n\n<div class=\"wp-block-button\"><a class=\"wp-block-button__link\" href=\"https:\/\/bibliothek.komm.one\/schulbib\/Mein-Konto\"> Lesekonto<\/a><\/div>\n\n\n\n<div class=\"wp-block-button\"><a class=\"wp-block-button__link\" href=\"https:\/\/www.jfs.de\/?page_id=4731\">Bibliothek<\/a><\/div>\n\n\n\n<div class=\"wp-block-button is-style-fill\"><a class=\"wp-block-button__link\" href=\"https:\/\/www.onleihe.de\/247online-bibliothek\/frontend\/welcome,51-0-0-100-0-0-1-0-0-0-0.html\">Digitale Angebote<\/a><\/div>\n\n\n\n<div class=\"wp-block-button\"><a class=\"wp-block-button__link\" href=\"https:\/\/bibliothek.komm.one\/schulbib\/Mediensuche\/Erweiterte-Suche\">Mediensuche<\/a><\/div>\n\n\n\n<div class=\"wp-block-button\"><a class=\"wp-block-button__link\" href=\"https:\/\/bibliothek.komm.one\/schulbib\/Info\/Bibliotheksausweis\">Leseausweis<\/a><\/div>\n\n\n\n<div class=\"wp-block-button\"><a class=\"wp-block-button__link\" href=\"https:\/\/bibliothek.komm.one\/schulbib\/Neue-Medien\">Neu in der Bib<\/a><\/div>\n\n\n\n<div class=\"wp-block-button is-style-fill\"><a class=\"wp-block-button__link\" href=\"https:\/\/bibliothek.komm.one\/schulbib\/\">Unsere Apps<\/a><\/div>\n\n\n\n<div class=\"wp-block-button is-style-fill\"><a class=\"wp-block-button__link\" href=\"https:\/\/www.jfs.de\/wp-admin\/post.php?post=4743&amp;action=edit\">Wer ist wer?<\/a><\/div>\n\n\n\n<div class=\"wp-block-button is-style-fill\"><a class=\"wp-block-button__link\" href=\"https:\/\/www.jfs.de\/wp-admin\/post.php?post=4747&amp;action=edit\">Kontakt<\/a><\/div>\n\n\n\n<div class=\"wp-block-button is-style-fill\"><a class=\"wp-block-button__link\" href=\"https:\/\/bibliothek.komm.one\/schulbib\/Angebote\/Digitale-Angebote\/Munzinger-Archiv\">Munzinger<\/a><\/div>\n\n\n\n<div class=\"wp-block-button is-style-fill\"><a class=\"wp-block-button__link\" href=\"https:\/\/clipchamp.com\/watch\/lUtAqxOAlZy\">Lust auf &#8230; Bibliothek<\/a><\/div>\n<\/div>\n","protected":false},"excerpt":{"rendered":"<p>Die&nbsp;Schulbibliothek&nbsp;der Jakob-Friedrich-Sch\u00f6llkopf-Schule und der Max-Eyth-Schule ist eine schulinterne Bibliothek, die den Sch\u00fclerInnen und LehrerInnen der beruflichen Schulen in Kirchheim mit einem vielf\u00e4ltigen Angebot zur Verf\u00fcgung steht.<\/p>\n","protected":false},"author":8,"featured_media":0,"parent":0,"menu_order":0,"comment_status":"closed","ping_status":"closed","template":"","meta":{"footnotes":""},"class_list":["post-4658","page","type-page","status-publish","hentry"],"_links":{"self":[{"href":"https:\/\/www.jfs.de\/index.php?rest_route=\/wp\/v2\/pages\/4658","targetHints":{"allow":["GET"]}}],"collection":[{"href":"https:\/\/www.jfs.de\/index.php?rest_route=\/wp\/v2\/pages"}],"about":[{"href":"https:\/\/www.jfs.de\/index.php?rest_route=\/wp\/v2\/types\/page"}],"author":[{"embeddable":true,"href":"https:\/\/www.jfs.de\/index.php?rest_route=\/wp\/v2\/users\/8"}],"replies":[{"embeddable":true,"href":"https:\/\/www.jfs.de\/index.php?rest_route=%2Fwp%2Fv2%2Fcomments&post=4658"}],"version-history":[{"count":26,"href":"https:\/\/www.jfs.de\/index.php?rest_route=\/wp\/v2\/pages\/4658\/revisions"}],"predecessor-version":[{"id":4825,"href":"https:\/\/www.jfs.de\/index.php?rest_route=\/wp\/v2\/pages\/4658\/revisions\/4825"}],"wp:attachment":[{"href":"https:\/\/www.jfs.de\/index.php?rest_route=%2Fwp%2Fv2%2Fmedia&parent=4658"}],"curies":[{"name":"wp","href":"https:\/\/api.w.org\/{rel}","templated":true}]}}