{"id":434,"date":"2015-02-01T12:24:08","date_gmt":"2015-02-01T12:24:08","guid":{"rendered":"https:\/\/www.jfs.de\/?page_id=434"},"modified":"2015-02-02T09:35:56","modified_gmt":"2015-02-02T09:35:56","slug":"jabulani-ag","status":"publish","type":"page","link":"https:\/\/www.jfs.de\/?page_id=434","title":{"rendered":"Jabulani AG"},"content":{"rendered":"<p><img loading=\"lazy\" decoding=\"async\" class=\"alignleft size-full wp-image-437\" src=\"https:\/\/www.jfs.de\/wp-content\/uploads\/2015\/02\/jabulani.jpg\" alt=\"jabulani\" width=\"780\" height=\"200\" srcset=\"https:\/\/www.jfs.de\/wp-content\/uploads\/2015\/02\/jabulani.jpg 780w, https:\/\/www.jfs.de\/wp-content\/uploads\/2015\/02\/jabulani-300x77.jpg 300w\" sizes=\"auto, (max-width: 780px) 100vw, 780px\" \/><\/p>\n<p>Die Jabulani AG ist ein Sozialprojekt zur Unterst\u00fctzung der <strong>Gemeinde Zithulele im Nordosten von S\u00fcdafrika<\/strong>. Bei dieser Gemeinde\u00a0handelt es sich um eine sehr arme Region.<br \/>\nUnsere Schule spendet regelm\u00e4\u00dfig f\u00fcr dieses Projekt insbesondere durch Sammeln von Pfandflaschen, Durchf\u00fchrung von Afrika-Tagen sowie Verkauf von Kuchen und Postkarten. So konnten bereits eine Zisterne und Geld f\u00fcr die Schul- und Gemeindebibliothek gespendet werden.<br \/>\nDie betreuende Lehrerin, Frau Albrecht war vor einigen Jahren dort und mehrere Sch\u00fclerinnen und Sch\u00fcler haben nun in Zithulele ein freiwilliges soziales Jahr verbracht und berichten \u00fcber ihre Erfahrungen auf Veranstaltungen in unserer Schule.<\/p>\n<p>Weitere Infos:<\/p>\n<ul>\n<li><a title=\"Jabulani AG auf Facebook\" href=\"https:\/\/de-de.facebook.com\/pages\/Jabulani-AG-Jakob-Friedrich-Sch%C3%B6llkopfschule\/179105782143002\" target=\"_blank\">Jabulani AG auf Facebook<\/a><\/li>\n<li><a href=\"http:\/\/www.jabulanifoundation.org\/\" target=\"_blank\">Jabulani Foundation Zithulele<\/a><\/li>\n<\/ul>\n","protected":false},"excerpt":{"rendered":"<p>Die Jabulani AG ist ein Sozialprojekt zur Unterst\u00fctzung der Gemeinde Zithulele im Nordosten von S\u00fcdafrika. Bei dieser Gemeinde\u00a0handelt es sich um eine sehr arme Region. Unsere Schule spendet regelm\u00e4\u00dfig f\u00fcr dieses Projekt insbesondere durch Sammeln von Pfandflaschen, Durchf\u00fchrung von Afrika-Tagen <a class=\"more-link\" href=\"https:\/\/www.jfs.de\/?page_id=434\"><span class=\"screen-reader-text\">  Jabulani AG<\/span> weiterlesen<span class=\"meta-nav\">&rarr;<\/span><\/a><\/p>\n","protected":false},"author":1,"featured_media":0,"parent":583,"menu_order":0,"comment_status":"closed","ping_status":"closed","template":"","meta":{"footnotes":""},"class_list":["post-434","page","type-page","status-publish","hentry"],"_links":{"self":[{"href":"https:\/\/www.jfs.de\/index.php?rest_route=\/wp\/v2\/pages\/434","targetHints":{"allow":["GET"]}}],"collection":[{"href":"https:\/\/www.jfs.de\/index.php?rest_route=\/wp\/v2\/pages"}],"about":[{"href":"https:\/\/www.jfs.de\/index.php?rest_route=\/wp\/v2\/types\/page"}],"author":[{"embeddable":true,"href":"https:\/\/www.jfs.de\/index.php?rest_route=\/wp\/v2\/users\/1"}],"replies":[{"embeddable":true,"href":"https:\/\/www.jfs.de\/index.php?rest_route=%2Fwp%2Fv2%2Fcomments&post=434"}],"version-history":[{"count":3,"href":"https:\/\/www.jfs.de\/index.php?rest_route=\/wp\/v2\/pages\/434\/revisions"}],"predecessor-version":[{"id":438,"href":"https:\/\/www.jfs.de\/index.php?rest_route=\/wp\/v2\/pages\/434\/revisions\/438"}],"up":[{"embeddable":true,"href":"https:\/\/www.jfs.de\/index.php?rest_route=\/wp\/v2\/pages\/583"}],"wp:attachment":[{"href":"https:\/\/www.jfs.de\/index.php?rest_route=%2Fwp%2Fv2%2Fmedia&parent=434"}],"curies":[{"name":"wp","href":"https:\/\/api.w.org\/{rel}","templated":true}]}}