{"id":3303,"date":"2021-01-20T13:09:47","date_gmt":"2021-01-20T13:09:47","guid":{"rendered":"https:\/\/www.jfs.de\/?page_id=3303"},"modified":"2021-01-20T13:09:47","modified_gmt":"2021-01-20T13:09:47","slug":"online-beratungen-wirtschaftsschule","status":"publish","type":"page","link":"https:\/\/www.jfs.de\/?page_id=3303","title":{"rendered":"Online-Beratungen Wirtschaftsschule"},"content":{"rendered":"\n<p>Wir m\u00f6chten Ihnen am 21.01.2021 im Zeitraum von 17:30 \u2013 19:15 Uhr individuelle Beratungen im direkten live-Kontakt erm\u00f6glichen.<\/p>\n\n\n\n<p>Durch einen Klick auf einen der folgenden Links, gelangen sie in einen Videokonferenzraum. Geben Sie dazu bitte beim Betreten Ihren Namen an. Sie k\u00f6nnen Ihre Fragen dort im Chat schriftlich stellen oder sie schalten Ihre Kamera und Mikrofon an und k\u00f6nnen direkt mit den anwesenden Lehrkr\u00e4ften sprechen.<\/p>\n\n\n\n<ul class=\"wp-block-list\"><li><a href=\"https:\/\/bbb.jfs.de\/b\/joh-mjp-r6y-a1a\" data-type=\"URL\" data-id=\"https:\/\/bbb.jfs.de\/b\/joh-mjp-r6y-a1a\" target=\"_blank\" rel=\"noreferrer noopener\">WS Beratung (Herr Veil)<\/a><\/li><li><a href=\"https:\/\/bbb.jfs.de\/b\/seb-hxa-ed5-zeg\" data-type=\"URL\" data-id=\"https:\/\/bbb.jfs.de\/b\/seb-hxa-ed5-zeg\" target=\"_blank\" rel=\"noreferrer noopener\">WS Wirtschaftliche F\u00e4cher (Herr Sikora)<\/a><\/li><li><a href=\"https:\/\/bbb.jfs.de\/b\/car-amn-yqb-sss\" data-type=\"URL\" data-id=\"https:\/\/bbb.jfs.de\/b\/car-amn-yqb-sss\" target=\"_blank\" rel=\"noreferrer noopener\">WS Unterricht mit iPads (Frau Lamparter)<\/a><\/li><li><a href=\"https:\/\/bbb.jfs.de\/b\/elk-cpq-khy-bma\" data-type=\"URL\" data-id=\"https:\/\/bbb.jfs.de\/b\/elk-cpq-khy-bma\" target=\"_blank\" rel=\"noreferrer noopener\">WS Fach &#8222;Ich und Wir&#8220; (Frau Class)<\/a><\/li><\/ul>\n","protected":false},"excerpt":{"rendered":"<p>Wir m\u00f6chten Ihnen am 21.01.2021 im Zeitraum von 17:30 \u2013 19:15 Uhr individuelle Beratungen im direkten live-Kontakt erm\u00f6glichen. Durch einen Klick auf einen der folgenden Links, gelangen sie in einen Videokonferenzraum. Geben Sie dazu bitte beim Betreten Ihren Namen an. <a class=\"more-link\" href=\"https:\/\/www.jfs.de\/?page_id=3303\"><span class=\"screen-reader-text\">  Online-Beratungen Wirtschaftsschule<\/span> weiterlesen<span class=\"meta-nav\">&rarr;<\/span><\/a><\/p>\n","protected":false},"author":1,"featured_media":0,"parent":0,"menu_order":0,"comment_status":"closed","ping_status":"closed","template":"","meta":{"footnotes":""},"class_list":["post-3303","page","type-page","status-publish","hentry"],"_links":{"self":[{"href":"https:\/\/www.jfs.de\/index.php?rest_route=\/wp\/v2\/pages\/3303","targetHints":{"allow":["GET"]}}],"collection":[{"href":"https:\/\/www.jfs.de\/index.php?rest_route=\/wp\/v2\/pages"}],"about":[{"href":"https:\/\/www.jfs.de\/index.php?rest_route=\/wp\/v2\/types\/page"}],"author":[{"embeddable":true,"href":"https:\/\/www.jfs.de\/index.php?rest_route=\/wp\/v2\/users\/1"}],"replies":[{"embeddable":true,"href":"https:\/\/www.jfs.de\/index.php?rest_route=%2Fwp%2Fv2%2Fcomments&post=3303"}],"version-history":[{"count":1,"href":"https:\/\/www.jfs.de\/index.php?rest_route=\/wp\/v2\/pages\/3303\/revisions"}],"predecessor-version":[{"id":3304,"href":"https:\/\/www.jfs.de\/index.php?rest_route=\/wp\/v2\/pages\/3303\/revisions\/3304"}],"wp:attachment":[{"href":"https:\/\/www.jfs.de\/index.php?rest_route=%2Fwp%2Fv2%2Fmedia&parent=3303"}],"curies":[{"name":"wp","href":"https:\/\/api.w.org\/{rel}","templated":true}]}}