{"id":3296,"date":"2021-01-20T11:21:46","date_gmt":"2021-01-20T11:21:46","guid":{"rendered":"https:\/\/www.jfs.de\/?page_id=3296"},"modified":"2021-01-20T11:21:47","modified_gmt":"2021-01-20T11:21:47","slug":"online-beratungen-berufskolleg","status":"publish","type":"page","link":"https:\/\/www.jfs.de\/?page_id=3296","title":{"rendered":"Online-Beratungen Berufskolleg"},"content":{"rendered":"\n<p>Wir m\u00f6chten Ihnen am 21.01.2021 im Zeitraum von 16:00 &#8211; 19:00 Uhr individuelle Beratungen im direkten live-Kontakt erm\u00f6glichen. <\/p>\n\n\n\n<p>Durch einen Klick auf einen der folgenden Links, gelangen sie in einen Videokonferenzraum. Geben Sie dazu bitte beim Betreten Ihren Namen an. Sie k\u00f6nnen Ihre Fragen dort im Chat schriftlich stellen oder sie schalten Ihre Kamera und Mikrofon an und k\u00f6nnen direkt mit den anwesenden Lehrkr\u00e4ften sprechen.  <\/p>\n\n\n\n<ul class=\"wp-block-list\"><li><a rel=\"noreferrer noopener\" href=\"https:\/\/bbb.jfs.de\/b\/ste-ris-ihf-fez\" target=\"_blank\" data-type=\"URL\" data-id=\"https:\/\/bbb.jfs.de\/b\/ste-ris-ihf-fez\">BK Beratung 1 (Frau H\u00f6ss und Frau Zipp)<\/a><\/li><li><a href=\"https:\/\/bbb.jfs.de\/b\/fel-bsk-uv3-ujg\" data-type=\"URL\" data-id=\"https:\/\/bbb.jfs.de\/b\/fel-bsk-uv3-ujg\" target=\"_blank\" rel=\"noreferrer noopener\">BK Beratung 2 (Frau Reichle und Frau Perret-Vogel)<\/a><\/li><li><a href=\"https:\/\/bbb.jfs.de\/b\/ber-coj-vqy-0pj\" data-type=\"URL\" data-id=\"https:\/\/bbb.jfs.de\/b\/ber-coj-vqy-0pj\" target=\"_blank\" rel=\"noreferrer noopener\">BK \u00dcbungsfirma und Juniorenfirma (Herr Sigel, Frau Laubheimer und Frau Barei\u00df)<\/a><\/li><li><a href=\"https:\/\/bbb.jfs.de\/b\/gis-dlv-ea6-pmk\" data-type=\"URL\" data-id=\"https:\/\/bbb.jfs.de\/b\/gis-dlv-ea6-pmk\" target=\"_blank\" rel=\"noreferrer noopener\">BK BWL-F\u00e4cher (Frau Kowallek, Frau Pink und Frau Aberle)<\/a><\/li><\/ul>\n\n\n\n<p><\/p>\n","protected":false},"excerpt":{"rendered":"<p>Wir m\u00f6chten Ihnen am 21.01.2021 im Zeitraum von 16:00 &#8211; 19:00 Uhr individuelle Beratungen im direkten live-Kontakt erm\u00f6glichen. Durch einen Klick auf einen der folgenden Links, gelangen sie in einen Videokonferenzraum. Geben Sie dazu bitte beim Betreten Ihren Namen an. <a class=\"more-link\" href=\"https:\/\/www.jfs.de\/?page_id=3296\"><span class=\"screen-reader-text\">  Online-Beratungen Berufskolleg<\/span> weiterlesen<span class=\"meta-nav\">&rarr;<\/span><\/a><\/p>\n","protected":false},"author":1,"featured_media":0,"parent":0,"menu_order":0,"comment_status":"closed","ping_status":"closed","template":"","meta":{"footnotes":""},"class_list":["post-3296","page","type-page","status-publish","hentry"],"_links":{"self":[{"href":"https:\/\/www.jfs.de\/index.php?rest_route=\/wp\/v2\/pages\/3296","targetHints":{"allow":["GET"]}}],"collection":[{"href":"https:\/\/www.jfs.de\/index.php?rest_route=\/wp\/v2\/pages"}],"about":[{"href":"https:\/\/www.jfs.de\/index.php?rest_route=\/wp\/v2\/types\/page"}],"author":[{"embeddable":true,"href":"https:\/\/www.jfs.de\/index.php?rest_route=\/wp\/v2\/users\/1"}],"replies":[{"embeddable":true,"href":"https:\/\/www.jfs.de\/index.php?rest_route=%2Fwp%2Fv2%2Fcomments&post=3296"}],"version-history":[{"count":1,"href":"https:\/\/www.jfs.de\/index.php?rest_route=\/wp\/v2\/pages\/3296\/revisions"}],"predecessor-version":[{"id":3297,"href":"https:\/\/www.jfs.de\/index.php?rest_route=\/wp\/v2\/pages\/3296\/revisions\/3297"}],"wp:attachment":[{"href":"https:\/\/www.jfs.de\/index.php?rest_route=%2Fwp%2Fv2%2Fmedia&parent=3296"}],"curies":[{"name":"wp","href":"https:\/\/api.w.org\/{rel}","templated":true}]}}