{"id":3235,"date":"2020-12-08T10:41:50","date_gmt":"2020-12-08T10:41:50","guid":{"rendered":"https:\/\/www.jfs.de\/?page_id=3235"},"modified":"2020-12-08T10:41:50","modified_gmt":"2020-12-08T10:41:50","slug":"terminbestaetigung","status":"publish","type":"page","link":"https:\/\/www.jfs.de\/?page_id=3235","title":{"rendered":"Terminbest\u00e4tigung"},"content":{"rendered":"\n<p>Vielen Dank f\u00fcr Ihr Interesse. Ihr Terminbuchung ist reserviert und best\u00e4tigt. Beachten Sie die Best\u00e4tigungsnachricht, die an Ihre Email-Adresse geschickt wurde.<\/p>\n\n\n\n<p><a href=\"https:\/\/www.jfs.de\/\"><strong>Weiter zur Startseite.<\/strong><\/a><\/p>\n","protected":false},"excerpt":{"rendered":"<p>Vielen Dank f\u00fcr Ihr Interesse. Ihr Terminbuchung ist reserviert und best\u00e4tigt. Beachten Sie die Best\u00e4tigungsnachricht, die an Ihre Email-Adresse geschickt wurde. Weiter zur Startseite.<\/p>\n","protected":false},"author":1,"featured_media":0,"parent":0,"menu_order":0,"comment_status":"closed","ping_status":"closed","template":"","meta":{"footnotes":""},"class_list":["post-3235","page","type-page","status-publish","hentry"],"_links":{"self":[{"href":"https:\/\/www.jfs.de\/index.php?rest_route=\/wp\/v2\/pages\/3235","targetHints":{"allow":["GET"]}}],"collection":[{"href":"https:\/\/www.jfs.de\/index.php?rest_route=\/wp\/v2\/pages"}],"about":[{"href":"https:\/\/www.jfs.de\/index.php?rest_route=\/wp\/v2\/types\/page"}],"author":[{"embeddable":true,"href":"https:\/\/www.jfs.de\/index.php?rest_route=\/wp\/v2\/users\/1"}],"replies":[{"embeddable":true,"href":"https:\/\/www.jfs.de\/index.php?rest_route=%2Fwp%2Fv2%2Fcomments&post=3235"}],"version-history":[{"count":1,"href":"https:\/\/www.jfs.de\/index.php?rest_route=\/wp\/v2\/pages\/3235\/revisions"}],"predecessor-version":[{"id":3236,"href":"https:\/\/www.jfs.de\/index.php?rest_route=\/wp\/v2\/pages\/3235\/revisions\/3236"}],"wp:attachment":[{"href":"https:\/\/www.jfs.de\/index.php?rest_route=%2Fwp%2Fv2%2Fmedia&parent=3235"}],"curies":[{"name":"wp","href":"https:\/\/api.w.org\/{rel}","templated":true}]}}