{"id":3171,"date":"2020-11-27T08:35:47","date_gmt":"2020-11-27T08:35:47","guid":{"rendered":"https:\/\/www.jfs.de\/?page_id=3171"},"modified":"2024-12-09T15:35:44","modified_gmt":"2024-12-09T15:35:44","slug":"digitales-schulhaus","status":"publish","type":"page","link":"https:\/\/www.jfs.de\/?page_id=3171","title":{"rendered":"Digitales Schulhaus &#8211; Alle Infos zur Bewerbung"},"content":{"rendered":"\n<p class=\"has-white-color has-text-color has-background\" style=\"background-color:#0b83b7\"><strong>Anmeldung f\u00fcr die Jakob-Friedrich-Sch\u00f6llkopf-Schule:<\/strong><\/p>\n\n\n\n<ul class=\"wp-block-list\">\n<li>Anmeldung f\u00fcr das WG und BK \u00fcber <a href=\"https:\/\/bewo.kultus-bw.de\/,Lde\/Startseite\/BewO\" data-type=\"URL\" data-id=\"https:\/\/bewo.kultus-bw.de\/,Lde\/Startseite\/BewO\" target=\"_blank\" rel=\"noreferrer noopener\">BewO &#8211; Bewerberverfahren Online<\/a><\/li>\n\n\n\n<li>Anmeldung f\u00fcr die Wirtschaftsschule \u00fcber <a href=\"https:\/\/www.jfs.de\/wp-content\/uploads\/2023\/11\/Informationen-zur-Anmeldung-ber-BewO_2BFS.pdf\" target=\"_blank\" rel=\"noreferrer noopener\">BewO &#8211; Bewerberverfahren Online<\/a><\/li>\n<\/ul>\n\n\n\n<p class=\"has-white-color has-text-color has-background\" style=\"background-color:#0b83b7\"><strong>Filme und 360 Grad Ansichten<\/strong>:<\/p>\n\n\n\n<p><strong>Filme \u00fcber die JFS: <\/strong><\/p>\n\n\n\n<ul class=\"wp-block-list\">\n<li><a rel=\"noreferrer noopener\" href=\"https:\/\/youtu.be\/rzv4f6AdXYg\" data-type=\"URL\" data-id=\"https:\/\/youtu.be\/rzv4f6AdXYg\" target=\"_blank\">JFS &#8211; &#8222;get the feeling&#8220; der Jakob-Friedrich-Sch\u00f6llkopf-Schule<\/a><\/li>\n\n\n\n<li><a rel=\"noreferrer noopener\" href=\"https:\/\/youtu.be\/oydni9t1ytc\" target=\"_blank\">Schulsozialarbeit an der JFS<\/a><\/li>\n<\/ul>\n\n\n\n<p><strong>Filme zum<\/strong> <strong>Wirtschaftsgymnasium:<\/strong><\/p>\n\n\n\n<ul class=\"wp-block-list\">\n<li><a rel=\"noreferrer noopener\" href=\"https:\/\/youtu.be\/roSBCvX3gDA\" target=\"_blank\">&#8222;Wir leben Schule&#8220; &#8211; Was macht das <strong>Wirtschaftsgymnasium<\/strong> an der JFS so besonders<\/a><\/li>\n\n\n\n<li><a rel=\"noreferrer noopener\" href=\"https:\/\/youtu.be\/0ssn0ke3jhY\" target=\"_blank\">Profile und Wahlf\u00e4cher am <strong>Wirtschaftsgymnasium<\/strong> der JFS <\/a><\/li>\n\n\n\n<li><a rel=\"noreferrer noopener\" href=\"https:\/\/youtu.be\/K0eVAfQT1so\" target=\"_blank\">Wie ist das mit der zweiten Fremdsprache am <strong>Wirtschaftsgymnasium<\/strong><\/a><\/li>\n\n\n\n<li><a rel=\"noreferrer noopener\" href=\"https:\/\/youtu.be\/tl8lpUYIAOk\" target=\"_blank\">Aufnahmevoraussetzungen und Bewerbungsverfahren f\u00fcr das <strong>Wirtschaftsgymnasium<\/strong><\/a><\/li>\n\n\n\n<li><a rel=\"noreferrer noopener\" href=\"https:\/\/vimeo.com\/214005106\" data-type=\"URL\" data-id=\"https:\/\/vimeo.com\/214005106\" target=\"_blank\">Erasmus-Projekt an der JFS <\/a><\/li>\n\n\n\n<li><a rel=\"noreferrer noopener\" href=\"https:\/\/youtu.be\/wVnrbWhuues\" target=\"_blank\">Wahlfach Global Studies<\/a><\/li>\n\n\n\n<li><a rel=\"noreferrer noopener\" href=\"https:\/\/youtu.be\/74if-ykL_6I\" target=\"_blank\">Wahlfach Privates Verm\u00f6gensmanagement<\/a><\/li>\n\n\n\n<li><a rel=\"noreferrer noopener\" href=\"https:\/\/youtu.be\/ZY3Mk7pOMXU\" data-type=\"URL\" data-id=\"https:\/\/youtu.be\/ZY3Mk7pOMXU\" target=\"_blank\">Wahlfach Wirtschaftsinformatik<\/a><\/li>\n\n\n\n<li><a rel=\"noreferrer noopener\" href=\"https:\/\/youtu.be\/8uCfSh9D7dk\" target=\"_blank\">Wahlfach Musik<\/a><\/li>\n\n\n\n<li><a href=\"https:\/\/youtu.be\/IHKtZZtBff0\" target=\"_blank\" rel=\"noreferrer noopener\">Wahlfach Franz\u00f6sisch<\/a><\/li>\n<\/ul>\n\n\n\n<p><strong>Filme zum Berufskolleg:<\/strong><\/p>\n\n\n\n<ul class=\"wp-block-list\">\n<li><a rel=\"noreferrer noopener\" href=\"https:\/\/youtu.be\/lrBdkbyl9WY\" data-type=\"URL\" data-id=\"https:\/\/youtu.be\/lrBdkbyl9WY\" target=\"_blank\">Alle wichtigen Infos zur Bewerbung f\u00fcr <strong>das BK hier im Vortrag<\/strong><\/a><\/li>\n\n\n\n<li><a rel=\"noreferrer noopener\" href=\"https:\/\/youtu.be\/n4-sQQeFii8\" data-type=\"URL\" data-id=\"https:\/\/youtu.be\/n4-sQQeFii8\" target=\"_blank\">\u00dcbungs- und Juniorenfirma im <strong>Berufskolleg<\/strong><\/a><\/li>\n\n\n\n<li><a rel=\"noreferrer noopener\" href=\"https:\/\/youtu.be\/GWuhyX9w_yE\" data-type=\"URL\" data-id=\"https:\/\/youtu.be\/GWuhyX9w_yE\" target=\"_blank\">die R\u00e4ume der Jufi und \u00dcFA: <strong>das Zukunftsb\u00fcro<\/strong><\/a> (und <a href=\"https:\/\/www.jfs.de\/wp-content\/uploads\/2022\/01\/Zukunftsbuero_JSF-4.pdf\" data-type=\"URL\" data-id=\"https:\/\/www.jfs.de\/wp-content\/uploads\/2022\/01\/Zukunftsbuero_JSF-4.pdf\" target=\"_blank\" rel=\"noreferrer noopener\">hier als pdf<\/a>)<\/li>\n\n\n\n<li><a rel=\"noreferrer noopener\" href=\"https:\/\/youtu.be\/_fTt4lAuUII\" data-type=\"URL\" data-id=\"https:\/\/youtu.be\/_fTt4lAuUII\" target=\"_blank\">Einsatz von Tablets im Unterricht<\/a><\/li>\n\n\n\n<li><a rel=\"noreferrer noopener\" href=\"https:\/\/youtu.be\/rtrk2I5A8Fc\" data-type=\"URL\" data-id=\"https:\/\/youtu.be\/rtrk2I5A8Fc\" target=\"_blank\">Nach der Realschule auf das BK wechseln?<\/a><\/li>\n\n\n\n<li><a rel=\"noreferrer noopener\" href=\"https:\/\/youtu.be\/XoTHBV68cTM\" data-type=\"URL\" data-id=\"https:\/\/youtu.be\/XoTHBV68cTM\" target=\"_blank\">Was macht man im Fach BWL im BK<\/a><\/li>\n<\/ul>\n\n\n\n<p><strong>Filme zur Wirtschaftsschule:<\/strong><\/p>\n\n\n\n<ul class=\"wp-block-list\">\n<li><a rel=\"noreferrer noopener\" href=\"https:\/\/youtu.be\/8VecZP0r5Uw\" data-type=\"URL\" data-id=\"https:\/\/youtu.be\/8VecZP0r5Uw\" target=\"_blank\">Alle wichtigen Infos zur Bewerbung f\u00fcr <strong>die WS<\/strong><\/a><a rel=\"noreferrer noopener\" href=\"https:\/\/youtu.be\/8VecZP0r5Uw\" data-type=\"URL\" data-id=\"https:\/\/youtu.be\/8VecZP0r5Uw\" target=\"_blank\"><strong> <\/strong><\/a><a rel=\"noreferrer noopener\" href=\"https:\/\/youtu.be\/8VecZP0r5Uw\" data-type=\"URL\" data-id=\"https:\/\/youtu.be\/8VecZP0r5Uw\" target=\"_blank\"><strong>h<\/strong><\/a><a rel=\"noreferrer noopener\" href=\"https:\/\/youtu.be\/8VecZP0r5Uw\" data-type=\"URL\" data-id=\"https:\/\/youtu.be\/8VecZP0r5Uw\" target=\"_blank\"><strong>i<\/strong><\/a><a rel=\"noreferrer noopener\" href=\"https:\/\/youtu.be\/8VecZP0r5Uw\" data-type=\"URL\" data-id=\"https:\/\/youtu.be\/8VecZP0r5Uw\" target=\"_blank\"><strong>e<\/strong><\/a><a href=\"https:\/\/youtu.be\/8VecZP0r5Uw\" data-type=\"URL\" data-id=\"https:\/\/youtu.be\/8VecZP0r5Uw\" target=\"_blank\" rel=\"noreferrer noopener\"><strong>r<\/strong><\/a><a rel=\"noreferrer noopener\" href=\"https:\/\/youtu.be\/8VecZP0r5Uw\" data-type=\"URL\" data-id=\"https:\/\/youtu.be\/8VecZP0r5Uw\" target=\"_blank\"><strong> im Vortrag<\/strong><\/a><\/li>\n\n\n\n<li><a rel=\"noreferrer noopener\" href=\"https:\/\/youtu.be\/x7hvfWlQ15g\" data-type=\"URL\" data-id=\"https:\/\/youtu.be\/x7hvfWlQ15g\" target=\"_blank\">Soll ich auf die <strong>Wirtschaftsschule <\/strong>gehen?<\/a><\/li>\n<\/ul>\n\n\n\n<p><strong>360 Grad Ansichten:<\/strong><\/p>\n\n\n\n<ul class=\"wp-block-list\">\n<li><a href=\"https:\/\/www.jfs.de\/?page_id=3154\">Treppenhaus<\/a><\/li>\n\n\n\n<li><a href=\"https:\/\/www.jfs.de\/?page_id=3223\">Bibliothek<\/a><\/li>\n\n\n\n<li><a href=\"https:\/\/www.jfs.de\/?page_id=3219\">Cafeteria<\/a><\/li>\n\n\n\n<li><a href=\"https:\/\/www.jfs.de\/?page_id=3221\">Aula<\/a><\/li>\n\n\n\n<li><a href=\"https:\/\/www.jfs.de\/?page_id=3193\">Tabletklasse WG<\/a><\/li>\n\n\n\n<li><a href=\"https:\/\/www.jfs.de\/?page_id=3177\">Tabletklasse WS<\/a><\/li>\n\n\n\n<li><a href=\"https:\/\/www.jfs.de\/?page_id=3249\">Jufi und \u00dcfa im BK<\/a><\/li>\n<\/ul>\n\n\n\n<p><strong>Weitere Infos, Flyer und Links:<\/strong><\/p>\n\n\n\n<ul class=\"wp-block-list\">\n<li><a href=\"https:\/\/www.jfs.de\/?page_id=23\" data-type=\"URL\" data-id=\"https:\/\/www.jfs.de\/?page_id=23\">Wirtschaftsgymnasium<\/a><\/li>\n\n\n\n<li><a href=\"https:\/\/www.jfs.de\/?page_id=97\" data-type=\"URL\" data-id=\"https:\/\/www.jfs.de\/?page_id=97\">Berufskolleg<\/a><\/li>\n\n\n\n<li><a href=\"https:\/\/www.jfs.de\/?page_id=114\" data-type=\"URL\" data-id=\"https:\/\/www.jfs.de\/?page_id=114\">Wirtschaftsschule\/ AVdual<\/a><\/li>\n<\/ul>\n\n\n\n<p class=\"has-white-color has-text-color has-background\" style=\"background-color:#0b83b7\"><strong>Und noch viel mehr in folgender interaktiven \u00dcbersicht: <\/strong><\/p>\n\n\n\n<p>Bekommen Sie einen Eindruck vom Schulhaus und erhalten Sie zahlreiche Informationen \u00fcber das vielf\u00e4ltige Engagement der JFS.<\/p>\n\n\n\n<div class=\"h5p-iframe-wrapper\"><iframe id=\"h5p-iframe-3\" class=\"h5p-iframe\" data-content-id=\"3\" style=\"height:1px\" src=\"about:blank\" frameBorder=\"0\" scrolling=\"no\" title=\"Interaktives-Schulhaus\"><\/iframe><\/div>\n","protected":false},"excerpt":{"rendered":"<p>Anmeldung f\u00fcr die Jakob-Friedrich-Sch\u00f6llkopf-Schule: Filme und 360 Grad Ansichten: Filme \u00fcber die JFS: Filme zum Wirtschaftsgymnasium: Filme zum Berufskolleg: Filme zur Wirtschaftsschule: 360 Grad Ansichten: Weitere Infos, Flyer und Links: Und noch viel mehr in folgender interaktiven \u00dcbersicht: Bekommen Sie <a class=\"more-link\" href=\"https:\/\/www.jfs.de\/?page_id=3171\"><span class=\"screen-reader-text\">  Digitales Schulhaus &#8211; Alle Infos zur Bewerbung<\/span> weiterlesen<span class=\"meta-nav\">&rarr;<\/span><\/a><\/p>\n","protected":false},"author":1,"featured_media":0,"parent":0,"menu_order":0,"comment_status":"closed","ping_status":"closed","template":"","meta":{"footnotes":""},"class_list":["post-3171","page","type-page","status-publish","hentry"],"_links":{"self":[{"href":"https:\/\/www.jfs.de\/index.php?rest_route=\/wp\/v2\/pages\/3171","targetHints":{"allow":["GET"]}}],"collection":[{"href":"https:\/\/www.jfs.de\/index.php?rest_route=\/wp\/v2\/pages"}],"about":[{"href":"https:\/\/www.jfs.de\/index.php?rest_route=\/wp\/v2\/types\/page"}],"author":[{"embeddable":true,"href":"https:\/\/www.jfs.de\/index.php?rest_route=\/wp\/v2\/users\/1"}],"replies":[{"embeddable":true,"href":"https:\/\/www.jfs.de\/index.php?rest_route=%2Fwp%2Fv2%2Fcomments&post=3171"}],"version-history":[{"count":32,"href":"https:\/\/www.jfs.de\/index.php?rest_route=\/wp\/v2\/pages\/3171\/revisions"}],"predecessor-version":[{"id":6154,"href":"https:\/\/www.jfs.de\/index.php?rest_route=\/wp\/v2\/pages\/3171\/revisions\/6154"}],"wp:attachment":[{"href":"https:\/\/www.jfs.de\/index.php?rest_route=%2Fwp%2Fv2%2Fmedia&parent=3171"}],"curies":[{"name":"wp","href":"https:\/\/api.w.org\/{rel}","templated":true}]}}