{"id":290,"date":"2015-01-31T07:02:00","date_gmt":"2015-01-31T07:02:00","guid":{"rendered":"https:\/\/www.jfs.de\/?page_id=290"},"modified":"2015-02-02T09:36:05","modified_gmt":"2015-02-02T09:36:05","slug":"kunst-ag","status":"publish","type":"page","link":"https:\/\/www.jfs.de\/?page_id=290","title":{"rendered":"Kunst-AG"},"content":{"rendered":"<p>Die Kunst-AG ist eine Einrichtung unserer Schule, die das Ziel verfolgt, den Sch\u00fclerinnen und Sch\u00fclern Bet\u00e4tigungsfelder zu bieten, die \u00fcber den herk\u00f6mmlichen Schulunterricht hinausgehen. In lockerer Atmosph\u00e4re und ohne Notendruck verleihen die Teilnehmer durch Malen und Zeichnen ihrer Kreativit\u00e4t Ausdruck und erproben sich an unterschiedliche Materialien und Maltechniken. Es gibt keine Vorgaben bzw. vorgegebenen Arbeitsinhalte, vielmehr besch\u00e4ftigen sich alle TeilnehmerInnen mit dem, worauf sie gerade Lust haben. So entstehen neben \u201eArbeiten f\u00fcr den Eigengebrauch\u201c auch Werke, die f\u00fcr die Schulhausgestaltung Verwendung finden.<\/p>\n<p>Alle drei Wochen freitags treffen sich \u201eLaien\u201c und \u201eProfis\u201c am Nachmittag, um gemeinsam kreativ zu sein. \u00dcber Neuzug\u00e4nge freut sich die AG und l\u00e4dt alle Interessierten herzlich ein.<\/p>\n<p>Bei R\u00fcckfragen meldet euch bitte bei Herrn Veil, Veranstaltungstermine werden immer rechzeitig auf der Stundenplantafel angezeigt und im Schulhaus ausgeh\u00e4ngt.<\/p>\n","protected":false},"excerpt":{"rendered":"<p>Die Kunst-AG ist eine Einrichtung unserer Schule, die das Ziel verfolgt, den Sch\u00fclerinnen und Sch\u00fclern Bet\u00e4tigungsfelder zu bieten, die \u00fcber den herk\u00f6mmlichen Schulunterricht hinausgehen. In lockerer Atmosph\u00e4re und ohne Notendruck verleihen die Teilnehmer durch Malen und Zeichnen ihrer Kreativit\u00e4t Ausdruck <a class=\"more-link\" href=\"https:\/\/www.jfs.de\/?page_id=290\"><span class=\"screen-reader-text\">  Kunst-AG<\/span> weiterlesen<span class=\"meta-nav\">&rarr;<\/span><\/a><\/p>\n","protected":false},"author":1,"featured_media":0,"parent":583,"menu_order":0,"comment_status":"closed","ping_status":"closed","template":"","meta":{"footnotes":""},"class_list":["post-290","page","type-page","status-publish","hentry"],"_links":{"self":[{"href":"https:\/\/www.jfs.de\/index.php?rest_route=\/wp\/v2\/pages\/290","targetHints":{"allow":["GET"]}}],"collection":[{"href":"https:\/\/www.jfs.de\/index.php?rest_route=\/wp\/v2\/pages"}],"about":[{"href":"https:\/\/www.jfs.de\/index.php?rest_route=\/wp\/v2\/types\/page"}],"author":[{"embeddable":true,"href":"https:\/\/www.jfs.de\/index.php?rest_route=\/wp\/v2\/users\/1"}],"replies":[{"embeddable":true,"href":"https:\/\/www.jfs.de\/index.php?rest_route=%2Fwp%2Fv2%2Fcomments&post=290"}],"version-history":[{"count":1,"href":"https:\/\/www.jfs.de\/index.php?rest_route=\/wp\/v2\/pages\/290\/revisions"}],"predecessor-version":[{"id":291,"href":"https:\/\/www.jfs.de\/index.php?rest_route=\/wp\/v2\/pages\/290\/revisions\/291"}],"up":[{"embeddable":true,"href":"https:\/\/www.jfs.de\/index.php?rest_route=\/wp\/v2\/pages\/583"}],"wp:attachment":[{"href":"https:\/\/www.jfs.de\/index.php?rest_route=%2Fwp%2Fv2%2Fmedia&parent=290"}],"curies":[{"name":"wp","href":"https:\/\/api.w.org\/{rel}","templated":true}]}}