{"id":285,"date":"2015-01-31T06:48:24","date_gmt":"2015-01-31T06:48:24","guid":{"rendered":"https:\/\/www.jfs.de\/?page_id=285"},"modified":"2015-01-31T06:48:24","modified_gmt":"2015-01-31T06:48:24","slug":"uebungsfirma","status":"publish","type":"page","link":"https:\/\/www.jfs.de\/?page_id=285","title":{"rendered":"\u00dcbungsfirma"},"content":{"rendered":"<p><strong>Lernen durch Praxis: \u00dcbungsfirmen an der Jakob-Friedrich-Sch\u00f6llkopf-Schule<\/strong><\/p>\n<p>Im kaufm\u00e4nnischen Berufskolleg I und II wird durch das Fach \u00dcbungsfirma die unternehmerische Wirklichkeit in die Schule geholt.<br \/>\nDie Sch\u00fclerinnen und Sch\u00fcler f\u00fchren einen virtuellen Betrieb, in dem realwirtschaftliche Abl\u00e4ufe simuliert werden. In einem rollierenden System durchlaufen sie die zentralen Abteilungen, wie zum Beispiel die Personalwirtschaft, Warenwirtschaft und die Finanzwirtschaft. Kaufm\u00e4nnisches Wissen wird praktisch erprobt und vertieft, pers\u00f6nliche F\u00e4higkeiten werden gest\u00e4rkt, soziale Kompetenzen erweitert.<\/p>\n<p>Jedes Jahr findet eine \u00dcbungsfirmenmesse statt. Die gesamten Messeaktivit\u00e4ten werden hierbei von den Sch\u00fclerinnen und Sch\u00fclern vorbereitet. Obwohl Geld- und Warenstr\u00f6me nur simuliert werden besteht hier die M\u00f6glichkeit Verkaufsgespr\u00e4che von Angesicht zu Angesicht zu f\u00fchren. Dies stellt eine gro\u00dfe Herausforderung und Motivation dar.<\/p>\n<p>Jede \u00dcbungsfirma wird von einem realen Unternehmen u.a. durch Betriebsbesichtigungen, Praktika und Schauobjekten f\u00fcr die Messe unterst\u00fctzt. An dieser Stelle wollen wir daf\u00fcr ganz herzlich danken!<br \/>\nUnsere zwei\u00a0\u00dcbungsfirmen sind:<\/p>\n<p>\u2022 Element Models, unterst\u00fctzt durch die Firma\u00a0Intersport R\u00e4pple<br \/>\n\u2022 Magic Living\/ ScribTab, unterst\u00fctzt durch M\u00f6bel K\u00f6nig und\u00a0Wall am Markt.<\/p>\n","protected":false},"excerpt":{"rendered":"<p>Lernen durch Praxis: \u00dcbungsfirmen an der Jakob-Friedrich-Sch\u00f6llkopf-Schule Im kaufm\u00e4nnischen Berufskolleg I und II wird durch das Fach \u00dcbungsfirma die unternehmerische Wirklichkeit in die Schule geholt. Die Sch\u00fclerinnen und Sch\u00fcler f\u00fchren einen virtuellen Betrieb, in dem realwirtschaftliche Abl\u00e4ufe simuliert werden. In <a class=\"more-link\" href=\"https:\/\/www.jfs.de\/?page_id=285\"><span class=\"screen-reader-text\">  \u00dcbungsfirma<\/span> weiterlesen<span class=\"meta-nav\">&rarr;<\/span><\/a><\/p>\n","protected":false},"author":1,"featured_media":0,"parent":211,"menu_order":0,"comment_status":"closed","ping_status":"closed","template":"","meta":{"footnotes":""},"class_list":["post-285","page","type-page","status-publish","hentry"],"_links":{"self":[{"href":"https:\/\/www.jfs.de\/index.php?rest_route=\/wp\/v2\/pages\/285","targetHints":{"allow":["GET"]}}],"collection":[{"href":"https:\/\/www.jfs.de\/index.php?rest_route=\/wp\/v2\/pages"}],"about":[{"href":"https:\/\/www.jfs.de\/index.php?rest_route=\/wp\/v2\/types\/page"}],"author":[{"embeddable":true,"href":"https:\/\/www.jfs.de\/index.php?rest_route=\/wp\/v2\/users\/1"}],"replies":[{"embeddable":true,"href":"https:\/\/www.jfs.de\/index.php?rest_route=%2Fwp%2Fv2%2Fcomments&post=285"}],"version-history":[{"count":2,"href":"https:\/\/www.jfs.de\/index.php?rest_route=\/wp\/v2\/pages\/285\/revisions"}],"predecessor-version":[{"id":287,"href":"https:\/\/www.jfs.de\/index.php?rest_route=\/wp\/v2\/pages\/285\/revisions\/287"}],"up":[{"embeddable":true,"href":"https:\/\/www.jfs.de\/index.php?rest_route=\/wp\/v2\/pages\/211"}],"wp:attachment":[{"href":"https:\/\/www.jfs.de\/index.php?rest_route=%2Fwp%2Fv2%2Fmedia&parent=285"}],"curies":[{"name":"wp","href":"https:\/\/api.w.org\/{rel}","templated":true}]}}