{"id":283,"date":"2015-01-31T06:43:45","date_gmt":"2015-01-31T06:43:45","guid":{"rendered":"https:\/\/www.jfs.de\/?page_id=283"},"modified":"2015-01-31T06:49:01","modified_gmt":"2015-01-31T06:49:01","slug":"ich-und-wir","status":"publish","type":"page","link":"https:\/\/www.jfs.de\/?page_id=283","title":{"rendered":"Ich und Wir"},"content":{"rendered":"<p><strong>\u201eIch und wir\u201c \u2013 das \u201ebesondere\u201c Fach an unserer Schule<\/strong><\/p>\n<p>Das Fach \u201eIch und wir\u201c wird an unserer Schule in der zweij\u00e4hrigen Berufsfachschule im ersten Unterrichtsjahr zweist\u00fcndig von einem Lehrertandem unterrichtet.<\/p>\n<p>Das bestehende Curriculum orientiert sich an der Konzeption des Unterrichtsfachs &#8222;<strong>Gl\u00fcck<\/strong>&#8220; der Heidelberger Willy-Hellpach-Schule.<br \/>\nWir versprechen uns von diesem Fach die St\u00e4rkung des Selbstwertgef\u00fchls, die Einsicht in die Leistungsnotwendigkeit und das Ersp\u00fcren der Freude an der eigenen (guten) Leistung, aber auch die St\u00e4rkung der Arbeit in der Gruppe ist ein wichtiger Aspekt. Es soll nicht theoretisches Wissen vermittelt werden, sondern praktisch erlebt werden, welche Faktoren unser Handeln positiv beeinflussen und welche Bedingungen uns leistungsstark und leistungsfreudig machen k\u00f6nnen.<\/p>\n<p>Im Rahmen des Unterrichts sind Fachleuten von au\u00dferhalb ein wichtiger Bestandteil in der Konzeption des Faches. Ein Schwerpunkt des Arbeitens liegt im Durchf\u00fchren eines umfassenden Bewerbungstrainings, das die Sch\u00fclerInnen praxisnah auf den Berufseinstieg vorbereiten soll. Au\u00dferdem werden Themen wie Mobbing, selbstorientiertes Lernen, gesunde Ern\u00e4hrung und und und handlungsorientiert umgesetzt.<\/p>\n<p>Die Vorbereitung und Durchf\u00fchrung der H\u00fcttentage bilden den \u201ebunten\u201c Schlusspunkt des ersten Unterrichtsjahrs.<\/p>\n","protected":false},"excerpt":{"rendered":"<p>\u201eIch und wir\u201c \u2013 das \u201ebesondere\u201c Fach an unserer Schule Das Fach \u201eIch und wir\u201c wird an unserer Schule in der zweij\u00e4hrigen Berufsfachschule im ersten Unterrichtsjahr zweist\u00fcndig von einem Lehrertandem unterrichtet. Das bestehende Curriculum orientiert sich an der Konzeption des <a class=\"more-link\" href=\"https:\/\/www.jfs.de\/?page_id=283\"><span class=\"screen-reader-text\">  Ich und Wir<\/span> weiterlesen<span class=\"meta-nav\">&rarr;<\/span><\/a><\/p>\n","protected":false},"author":1,"featured_media":0,"parent":211,"menu_order":0,"comment_status":"closed","ping_status":"closed","template":"","meta":{"footnotes":""},"class_list":["post-283","page","type-page","status-publish","hentry"],"_links":{"self":[{"href":"https:\/\/www.jfs.de\/index.php?rest_route=\/wp\/v2\/pages\/283","targetHints":{"allow":["GET"]}}],"collection":[{"href":"https:\/\/www.jfs.de\/index.php?rest_route=\/wp\/v2\/pages"}],"about":[{"href":"https:\/\/www.jfs.de\/index.php?rest_route=\/wp\/v2\/types\/page"}],"author":[{"embeddable":true,"href":"https:\/\/www.jfs.de\/index.php?rest_route=\/wp\/v2\/users\/1"}],"replies":[{"embeddable":true,"href":"https:\/\/www.jfs.de\/index.php?rest_route=%2Fwp%2Fv2%2Fcomments&post=283"}],"version-history":[{"count":1,"href":"https:\/\/www.jfs.de\/index.php?rest_route=\/wp\/v2\/pages\/283\/revisions"}],"predecessor-version":[{"id":284,"href":"https:\/\/www.jfs.de\/index.php?rest_route=\/wp\/v2\/pages\/283\/revisions\/284"}],"up":[{"embeddable":true,"href":"https:\/\/www.jfs.de\/index.php?rest_route=\/wp\/v2\/pages\/211"}],"wp:attachment":[{"href":"https:\/\/www.jfs.de\/index.php?rest_route=%2Fwp%2Fv2%2Fmedia&parent=283"}],"curies":[{"name":"wp","href":"https:\/\/api.w.org\/{rel}","templated":true}]}}