{"id":270,"date":"2015-01-30T14:34:18","date_gmt":"2015-01-30T14:34:18","guid":{"rendered":"https:\/\/www.jfs.de\/?page_id=270"},"modified":"2024-09-02T10:20:25","modified_gmt":"2024-09-02T10:20:25","slug":"impressum","status":"publish","type":"page","link":"https:\/\/www.jfs.de\/?page_id=270","title":{"rendered":"Impressum"},"content":{"rendered":"<h4>Herausgeber<\/h4>\n<p>Land Baden-W\u00fcrttemberg, vertreten durch<\/p>\n<p><strong>Jakob-Friedrich-Sch\u00f6llkopf-Schule<\/strong><br \/>\n<strong>Kaufm\u00e4nnische Schule Kirchheim unter Teck<\/strong><br \/>\nBoschstr. 28<br \/>\n73230 Kirchheim unter Teck<br \/>\nTel: 07021 92037-0<br \/>\nFax: 07021 92037-700<br \/>\nverwaltung@jfs.de<\/p>\n<hr \/>\n<p><strong>Vertretungsberechtigter Schulleiter<\/strong>:<\/p>\n<p>Herr Oberstudiendirektor Jens Kaiser, kai@jfs.de (Adresse der Schule: siehe oben)<\/p>\n<p><b>Verantwortlich im Sinne von \u00a755 RStV:<\/b><\/p>\n<p>Herr Oberstudiendirektor Jens Kaiser, kai@jfs.de und Frau Studienr\u00e4tin Perret-Vogel (Adresse der Schule: siehe oben)<\/p>\n<p><strong>Schultr\u00e4ger<\/strong>:<br \/>\nLandkreis Esslingen<br \/>\nLandratsamt Esslingen<br \/>\nPulverwiesen 11<br \/>\n73728 Esslingen a.N<br \/>\nTelefon: 0711\/3902-0<\/p>\n<p><strong>Provider:\u00a0<\/strong><br \/>\nDogado GmbH<br \/>\nAntonio-Segni-Str. 11<br \/>\n44263 Dortmund<br \/>\nwww.dogado.de<\/p>\n<hr \/>\n","protected":false},"excerpt":{"rendered":"<p>Herausgeber Land Baden-W\u00fcrttemberg, vertreten durch Jakob-Friedrich-Sch\u00f6llkopf-Schule Kaufm\u00e4nnische Schule Kirchheim unter Teck Boschstr. 28 73230 Kirchheim unter Teck Tel: 07021 92037-0 Fax: 07021 92037-700 verwaltung@jfs.de Vertretungsberechtigter Schulleiter: Herr Oberstudiendirektor Jens Kaiser, kai@jfs.de (Adresse der Schule: siehe oben) Verantwortlich im Sinne von <a class=\"more-link\" href=\"https:\/\/www.jfs.de\/?page_id=270\"><span class=\"screen-reader-text\">  Impressum<\/span> weiterlesen<span class=\"meta-nav\">&rarr;<\/span><\/a><\/p>\n","protected":false},"author":1,"featured_media":0,"parent":0,"menu_order":0,"comment_status":"closed","ping_status":"closed","template":"","meta":{"footnotes":""},"class_list":["post-270","page","type-page","status-publish","hentry"],"_links":{"self":[{"href":"https:\/\/www.jfs.de\/index.php?rest_route=\/wp\/v2\/pages\/270","targetHints":{"allow":["GET"]}}],"collection":[{"href":"https:\/\/www.jfs.de\/index.php?rest_route=\/wp\/v2\/pages"}],"about":[{"href":"https:\/\/www.jfs.de\/index.php?rest_route=\/wp\/v2\/types\/page"}],"author":[{"embeddable":true,"href":"https:\/\/www.jfs.de\/index.php?rest_route=\/wp\/v2\/users\/1"}],"replies":[{"embeddable":true,"href":"https:\/\/www.jfs.de\/index.php?rest_route=%2Fwp%2Fv2%2Fcomments&post=270"}],"version-history":[{"count":10,"href":"https:\/\/www.jfs.de\/index.php?rest_route=\/wp\/v2\/pages\/270\/revisions"}],"predecessor-version":[{"id":5963,"href":"https:\/\/www.jfs.de\/index.php?rest_route=\/wp\/v2\/pages\/270\/revisions\/5963"}],"wp:attachment":[{"href":"https:\/\/www.jfs.de\/index.php?rest_route=%2Fwp%2Fv2%2Fmedia&parent=270"}],"curies":[{"name":"wp","href":"https:\/\/api.w.org\/{rel}","templated":true}]}}