{"id":256,"date":"2015-01-30T14:14:08","date_gmt":"2015-01-30T14:14:08","guid":{"rendered":"https:\/\/www.jfs.de\/?page_id=256"},"modified":"2022-04-27T11:00:05","modified_gmt":"2022-04-27T11:00:05","slug":"comenius-projekt","status":"publish","type":"page","link":"https:\/\/www.jfs.de\/?page_id=256","title":{"rendered":"Comenius- und Erasmus-Projekte"},"content":{"rendered":"<p><\/p>\n<div class=\"wp-block-image\">\n<figure class=\"alignleft size-full\"><a href=\"https:\/\/www.jfs.de\/wp-content\/uploads\/2022\/04\/erasmus-logo.png\"><img loading=\"lazy\" decoding=\"async\" width=\"399\" height=\"126\" class=\"wp-image-3910 alignleft\" src=\"https:\/\/www.jfs.de\/wp-content\/uploads\/2022\/04\/erasmus-logo.png\" alt=\"\" srcset=\"https:\/\/www.jfs.de\/wp-content\/uploads\/2022\/04\/erasmus-logo.png 399w, https:\/\/www.jfs.de\/wp-content\/uploads\/2022\/04\/erasmus-logo-300x95.png 300w\" sizes=\"auto, (max-width: 399px) 100vw, 399px\" \/><\/a><\/figure>\n<\/div>\n<p>Seit 1999 werden am Wirtschaftsgymnasium der Jakob-Friedrich-Sch\u00f6llkopf-Schule <strong>Projekte mit finanzieller Unterst\u00fctzung der Europ\u00e4ischen Union<\/strong> durchgef\u00fchrt. Bis 2015 liefen sie unter dem Namen Comenius, seit 2015 unter dem Namen <strong>Erasmus+<\/strong>.<\/p>\n<p>Die Erasmus-Projekte finden in Verbindung mit dem Fach Global Studies statt, f\u00fcr das man sich bei der Anmeldung zum Wirtschaftsgymnasium entscheiden kann.<\/p>\n<p>Das besondere an diesen Projekten ist, dass gemeinsam mit anderen Schulen aus Europa an einem gemeinsamen Projekt gearbeitet wird. Die Kommunikation l\u00e4uft auf Englisch. Zweimal bzw. dreimal im Jahr finden Projekttreffen in einer der\u00a0Partnerschulen statt, an denen jeweils ca. vier\u00a0Sch\u00fclervertreter und zwei Lehrkr\u00e4fte teilnehmen. Einen Gro\u00dfteil der Kosten tr\u00e4gt die EU.<\/p>\n<p>Aktuell (seit September 2022) l\u00e4uft ein Projekt mit dem Titel &#8222;<strong><em>We\u2019ll be well \u2013 well-being Europeans&#8220;, <\/em><\/strong>indem es um die Gesundheit und das Wohlbefinden geht. Unsere Partnerschulen in diesem Projekt kommen aus Lappeenranta (Finnland), Athen (Griechenland), Judenburg (\u00d6sterreich), Santomera\/Murcia (Spanien) und Rom (Italien).\u00a0<\/p>\n<p>Seit 2021 gibt es ein neues Ersamus+ F\u00f6rderprogramm. Die Jakob-Friedrich-Sch\u00f6llkopf-Schule ist f\u00fcr dieses Programm bis mindestens 2027 akkreditiert und f\u00fchrt verschiedene Mobilit\u00e4tsprojekte in Europa durch. Weitere Informationen gibt es hier: <a href=\"https:\/\/www.erasmusplus.de\/erasmus\/schulbildung\" target=\"_blank\" rel=\"noopener\">https:\/\/www.erasmusplus.de\/erasmus\/schulbildung\u00a0<\/a><\/p>\n<p><strong>Vorg\u00e4ngerprojekte:<\/strong><\/p>\n<p><img loading=\"lazy\" decoding=\"async\" class=\"alignleft size-medium wp-image-258\" src=\"https:\/\/www.jfs.de\/wp-content\/uploads\/2015\/01\/comenius-300x164.jpg\" alt=\"comenius\" width=\"300\" height=\"164\" srcset=\"https:\/\/www.jfs.de\/wp-content\/uploads\/2015\/01\/comenius-300x164.jpg 300w, https:\/\/www.jfs.de\/wp-content\/uploads\/2015\/01\/comenius-1024x560.jpg 1024w, https:\/\/www.jfs.de\/wp-content\/uploads\/2015\/01\/comenius.jpg 1176w\" sizes=\"auto, (max-width: 300px) 100vw, 300px\" \/>In den Jahren 2007 &#8211; 2009 arbeiteten wir mit Partnerschulen aus Lettland und Frankreich zusammen. Ziel dieses Projektes war die Erstellung einer Projektzeitschrift und eines Films, die sich jeweils mit kulturellen Gemeinsamkeiten und Unterschieden zwischen Jugendlichen in den beteiligten Partnerl\u00e4ndern befassten.<\/p>\n<p>In den Jahren 2009 &#8211; 2011 wurde an einem Projekt mit Teilnehmern aus Frankreich, Portugal, Tschechien, Italien und Polen gearbeitet. Dabei ging es um &#8222;Blogs in Europe&#8220;.<\/p>\n<p>Von\u00a0September 2011 bis Juli 2013 gab es ein Projekt mit dem Titel: &#8222;A Trip across Europe &#8211; Entrepreneurship and Tourism&#8220;. Diese Projekt wurde\u00a0mit Partnerschulen in Frankreich, Niederlande, Italien, \u00d6sterreich, Slowakei und T\u00fcrkei durchgef\u00fchrt.<\/p>\n<p>Das Projekt &#8222;Through small steps to giant leaps \u2013 my contribution to a united Europe&#8220; wird zusammen mit Partnern in\u00a0Polen, Lettland, Slowakei, Ungarn, T\u00fcrkei, Griechenland, Spanien, Portugal, Italien und Frankreich durchgef\u00fchrt. \u00a0Dieses Projekt endete im Juli 2015. Mehr Infos und Projektergebnisse unter: <a href=\"http:\/\/comenius.logrojec.pl\/\" target=\"_blank\" rel=\"noopener noreferrer\">http:\/\/comenius.logrojec.pl\/<\/a> und <a href=\"http:\/\/www.europeansharedtreasure.eu\/detail.php?id_project_base=2013-1-PL1-COM06-36693\" target=\"_blank\" rel=\"noopener noreferrer\">http:\/\/www.europeansharedtreasure.eu\/detail.php?id_project_base=2013-1-PL1-COM06-36693<\/a><\/p>\n<p><img loading=\"lazy\" decoding=\"async\" class=\"alignleft size-medium wp-image-255\" src=\"https:\/\/www.jfs.de\/wp-content\/uploads\/2015\/01\/logo_erasmus-300x62.png\" alt=\"logo_erasmus\" width=\"300\" height=\"62\" srcset=\"https:\/\/www.jfs.de\/wp-content\/uploads\/2015\/01\/logo_erasmus-300x62.png 300w, https:\/\/www.jfs.de\/wp-content\/uploads\/2015\/01\/logo_erasmus.png 321w\" sizes=\"auto, (max-width: 300px) 100vw, 300px\" \/><\/p>\n<p>Seit 2015 laufen die Comenius-Projekte unter dem Titel Erasmus+. Unsere Schule hatte zum damals sehr aktuellen Fl\u00fcchtlingsthema, das Europa vor gro\u00dfe Herausforderungen stellt ein neues Erasmus+Projekt erstellt. Dieses Projekt hatte den Titel &#8222;Say NO to indifference &#8211; refugees and migrants in Europe&#8220; und wurde von unsere Schule im Zeitraum 2015-2017 durchgef\u00fchrt und koordiniert. Das Projekt wurde gef\u00f6rdert mit Mitteln der EU. Hier ein Film zu diesem Projekt: <a href=\"https:\/\/vimeo.com\/214005106\" target=\"_blank\" rel=\"noopener\">\u00bbSay NO to indifference \u2013 refugees and migrants in Europe\u00ab on Vimeo<\/a><\/p>\n<p>Im Zeitraum 2017-2019 f\u00fchrten wir ein neues Erasmus+Projekt mit Schulen aus Finnland, Schweden, \u00d6sterreich, Italien und Griechenland zum Thema <a href=\"https:\/\/eerasmuspluss.wixsite.com\/agenda17-19\" target=\"_blank\" rel=\"noopener noreferrer\">&#8222;Youth for Europe &#8211; Agenda 2017-2019&#8220;<\/a> durch.<\/p>\n<p>In den Jahren 2019-2021 f\u00fchrte die Jakob-Friedrich-Sch\u00f6llkopf-Schule erneut ein interessantes Projekt im Rahmen des Erasmus+ F\u00f6rderprogramms der EU mit dem Titel \u201eNo matter how far away we are, we are Europe!\u201c (Egal wie weit entfernt wir voneinander sind, wir sind Europa!) durch. Es geht um die Frage, wie sich Europa definiert: durch eine geografische N\u00e4he oder eher durch gemeinsame Werte und Vorstellungen. F\u00fchlt man sich in L\u00e4ndern am Rande Europas oder gar in den \u00e4u\u00dfersten Randlagen der EU noch zugeh\u00f6rig zu Europa und sp\u00fcrt man vielleicht gerade dort den wahren Geist und die Solidarit\u00e4t eines vereinten Europas? Partnerschulen kamen aus Finnland, Norwegen, La Reunion und Franz\u00f6sisch Guyana. Leider wurde dieses Projekt durch die Corona Pandemie \u00fcberschattet und einige treffen konnten nur virtuell stattfinden. Zur Projekt-Homepage geht es hier: <a href=\"https:\/\/maritepponen.wixsite.com\/nomatterhowfaraway\" target=\"_blank\" rel=\"noopener\">https:\/\/maritepponen.wixsite.com\/nomatterhowfaraway<\/a>\u00a0<\/p>\n<p>Die Nationale Agentur im PAD (P\u00e4dagogischer Austauschdienst) in Deutschland setzt die Erasmus+Programme im Schulbereich um. Weitere Infos hierzu: <a href=\"http:\/\/www.kmk-pad.org\/erasmusplus.html\" target=\"_blank\" rel=\"noopener noreferrer\">http:\/\/www.kmk-pad.org\/erasmusplus.html.<\/a><\/p>\n\n\n<p><\/p>\n","protected":false},"excerpt":{"rendered":"<p>Seit 1999 werden am Wirtschaftsgymnasium der Jakob-Friedrich-Sch\u00f6llkopf-Schule Projekte mit finanzieller Unterst\u00fctzung der Europ\u00e4ischen Union durchgef\u00fchrt. Bis 2015 liefen sie unter dem Namen Comenius, seit 2015 unter dem Namen Erasmus+. Die Erasmus-Projekte finden in Verbindung mit dem Fach Global Studies statt, <a class=\"more-link\" href=\"https:\/\/www.jfs.de\/?page_id=256\"><span class=\"screen-reader-text\">  Comenius- und Erasmus-Projekte<\/span> weiterlesen<span class=\"meta-nav\">&rarr;<\/span><\/a><\/p>\n","protected":false},"author":1,"featured_media":0,"parent":585,"menu_order":0,"comment_status":"closed","ping_status":"closed","template":"","meta":{"footnotes":""},"class_list":["post-256","page","type-page","status-publish","hentry"],"_links":{"self":[{"href":"https:\/\/www.jfs.de\/index.php?rest_route=\/wp\/v2\/pages\/256","targetHints":{"allow":["GET"]}}],"collection":[{"href":"https:\/\/www.jfs.de\/index.php?rest_route=\/wp\/v2\/pages"}],"about":[{"href":"https:\/\/www.jfs.de\/index.php?rest_route=\/wp\/v2\/types\/page"}],"author":[{"embeddable":true,"href":"https:\/\/www.jfs.de\/index.php?rest_route=\/wp\/v2\/users\/1"}],"replies":[{"embeddable":true,"href":"https:\/\/www.jfs.de\/index.php?rest_route=%2Fwp%2Fv2%2Fcomments&post=256"}],"version-history":[{"count":7,"href":"https:\/\/www.jfs.de\/index.php?rest_route=\/wp\/v2\/pages\/256\/revisions"}],"predecessor-version":[{"id":3913,"href":"https:\/\/www.jfs.de\/index.php?rest_route=\/wp\/v2\/pages\/256\/revisions\/3913"}],"up":[{"embeddable":true,"href":"https:\/\/www.jfs.de\/index.php?rest_route=\/wp\/v2\/pages\/585"}],"wp:attachment":[{"href":"https:\/\/www.jfs.de\/index.php?rest_route=%2Fwp%2Fv2%2Fmedia&parent=256"}],"curies":[{"name":"wp","href":"https:\/\/api.w.org\/{rel}","templated":true}]}}