{"id":250,"date":"2015-01-30T13:56:05","date_gmt":"2015-01-30T13:56:05","guid":{"rendered":"https:\/\/www.jfs.de\/?page_id=250"},"modified":"2015-02-02T09:35:46","modified_gmt":"2015-02-02T09:35:46","slug":"israelaustausch","status":"publish","type":"page","link":"https:\/\/www.jfs.de\/?page_id=250","title":{"rendered":"Israelaustausch"},"content":{"rendered":"<p><img loading=\"lazy\" decoding=\"async\" class=\"alignleft size-medium wp-image-238\" src=\"https:\/\/www.jfs.de\/wp-content\/uploads\/2015\/01\/israel_1112-300x149.jpg\" alt=\"israel_1112\" width=\"300\" height=\"149\" srcset=\"https:\/\/www.jfs.de\/wp-content\/uploads\/2015\/01\/israel_1112-300x149.jpg 300w, https:\/\/www.jfs.de\/wp-content\/uploads\/2015\/01\/israel_1112.jpg 600w\" sizes=\"auto, (max-width: 300px) 100vw, 300px\" \/><\/p>\n<p>Win-Win-Konstellation: Sch\u00fcleraustausch JFS \/ <strong>Thelma Yellin High School of the Arts Givatayim<\/strong><\/p>\n<p>Bei str\u00f6mendem Regen im Pavillon des Stuttgarter Schlossplatzes; bei absolutem Traumwetter am Esslinger Dulkh\u00e4usle vor \u00fcber 400 Zuh\u00f6rern; bei gigantischer Stimmung in der intimen Atmosph\u00e4re der Kirchheimer Bastion \u2013 egal wo und unter welchen Umst\u00e4nden die Jazzband unserer israelischen Partnerschule Thelma Yellin High School of the Arts im Rahmen unseres diesj\u00e4hrigen Sch\u00fcleraustausches auftrat: sie konnte wiederum ihr treues schw\u00e4bisches Publikum aus der Region mehr als begeistern.<\/p>\n<p>Aber auch wir konnten unsere israelischen G\u00e4ste verzaubern: mit der herzlichen Gastfreund-schaft der Gastgeberfamilien; mit dem Charme, dem Humor und den recht guten Englisch-kenntnissen unserer zehn JFS-Sch\u00fcler, die sich buchst\u00e4blich rund um die Uhr um ihre Gastsch\u00fcler k\u00fcmmerten;<\/p>\n<p>mit einem traumhaften Blick vom Stuttgarter Fernsehturm auf unsere wunderbar gr\u00fcne Landeshauptstadt und das noch sch\u00f6nere Albvorland; mit schw\u00e4bischer In-genieurskunst vom Feinsten im Daimler-Museum; mit dem \u00fcberraschenden Ph\u00e4nomen, dass Frankfurt deutlich mehr Wolkenkratzer aufzuweisen hat als Tel Aviv; und und und&#8230;<br \/>\nSo etwas nennt man wohl neudeutsch eine klassische Win-Win-Situation \u2013 Fortsetzung in Tel Aviv im November vorprogrammiert!<\/p>\n","protected":false},"excerpt":{"rendered":"<p>Win-Win-Konstellation: Sch\u00fcleraustausch JFS \/ Thelma Yellin High School of the Arts Givatayim Bei str\u00f6mendem Regen im Pavillon des Stuttgarter Schlossplatzes; bei absolutem Traumwetter am Esslinger Dulkh\u00e4usle vor \u00fcber 400 Zuh\u00f6rern; bei gigantischer Stimmung in der intimen Atmosph\u00e4re der Kirchheimer Bastion <a class=\"more-link\" href=\"https:\/\/www.jfs.de\/?page_id=250\"><span class=\"screen-reader-text\">  Israelaustausch<\/span> weiterlesen<span class=\"meta-nav\">&rarr;<\/span><\/a><\/p>\n","protected":false},"author":1,"featured_media":0,"parent":585,"menu_order":0,"comment_status":"closed","ping_status":"closed","template":"","meta":{"footnotes":""},"class_list":["post-250","page","type-page","status-publish","hentry"],"_links":{"self":[{"href":"https:\/\/www.jfs.de\/index.php?rest_route=\/wp\/v2\/pages\/250","targetHints":{"allow":["GET"]}}],"collection":[{"href":"https:\/\/www.jfs.de\/index.php?rest_route=\/wp\/v2\/pages"}],"about":[{"href":"https:\/\/www.jfs.de\/index.php?rest_route=\/wp\/v2\/types\/page"}],"author":[{"embeddable":true,"href":"https:\/\/www.jfs.de\/index.php?rest_route=\/wp\/v2\/users\/1"}],"replies":[{"embeddable":true,"href":"https:\/\/www.jfs.de\/index.php?rest_route=%2Fwp%2Fv2%2Fcomments&post=250"}],"version-history":[{"count":2,"href":"https:\/\/www.jfs.de\/index.php?rest_route=\/wp\/v2\/pages\/250\/revisions"}],"predecessor-version":[{"id":252,"href":"https:\/\/www.jfs.de\/index.php?rest_route=\/wp\/v2\/pages\/250\/revisions\/252"}],"up":[{"embeddable":true,"href":"https:\/\/www.jfs.de\/index.php?rest_route=\/wp\/v2\/pages\/585"}],"wp:attachment":[{"href":"https:\/\/www.jfs.de\/index.php?rest_route=%2Fwp%2Fv2%2Fmedia&parent=250"}],"curies":[{"name":"wp","href":"https:\/\/api.w.org\/{rel}","templated":true}]}}