{"id":227,"date":"2015-01-29T16:35:52","date_gmt":"2015-01-29T16:35:52","guid":{"rendered":"https:\/\/www.jfs.de\/?page_id=227"},"modified":"2015-02-02T09:36:12","modified_gmt":"2015-02-02T09:36:12","slug":"schulband-2","status":"publish","type":"page","link":"https:\/\/www.jfs.de\/?page_id=227","title":{"rendered":"Schulband"},"content":{"rendered":"<p><img loading=\"lazy\" decoding=\"async\" class=\"alignright size-medium wp-image-229\" src=\"https:\/\/www.jfs.de\/wp-content\/uploads\/2015\/01\/schulband2_k-300x225.jpg\" alt=\"schulband2_k\" width=\"300\" height=\"225\" srcset=\"https:\/\/www.jfs.de\/wp-content\/uploads\/2015\/01\/schulband2_k-300x225.jpg 300w, https:\/\/www.jfs.de\/wp-content\/uploads\/2015\/01\/schulband2_k.jpg 1024w\" sizes=\"auto, (max-width: 300px) 100vw, 300px\" \/>Die Schulband der JFS setzt sich jedes Schuljahr neu zusammen. Ausgehend vom individuellen K\u00f6nnen der Sch\u00fclerinnen und Sch\u00fcler, wird zusammen einmal w\u00f6chentlich Musik gemacht. Die Sch\u00fclerinnen und Sch\u00fcler sind gefragt, sich mit konkreten Vorschl\u00e4gen zur Musik einzubringen und \/ oder eigene Ideen dazu zu entwickeln.<\/p>\n<p>Ansprechpartner: <strong>Herr Barth und Herr Bachelier<\/strong>.<\/p>\n<p><strong>Bandcoaching &#8211; Projekt:<\/strong><\/p>\n<p>Zusammenarbeit mit einer Abschlussstudentin des ICMF International Music College Freiburg. Ziele des Bandcoachings:<\/p>\n<ul>\n<li>Anleitung im praktischen Bandzusammenspiel<\/li>\n<li>Erg\u00e4nzung des Fachwissens des Lehrpersonals<\/li>\n<li>Umsetzung musiktheoretischer und musikgeschichtlicher Hintergr\u00fcnde in der praktischen Anwendung ausgehend vom individuellen Stand der Sch\u00fclerinnen und Sch\u00fcler<\/li>\n<li>Probenwochenende: intensives Arbeiten au\u00dferhalb des Alltagsrahmens<\/li>\n<\/ul>\n","protected":false},"excerpt":{"rendered":"<p>Die Schulband der JFS setzt sich jedes Schuljahr neu zusammen. Ausgehend vom individuellen K\u00f6nnen der Sch\u00fclerinnen und Sch\u00fcler, wird zusammen einmal w\u00f6chentlich Musik gemacht. Die Sch\u00fclerinnen und Sch\u00fcler sind gefragt, sich mit konkreten Vorschl\u00e4gen zur Musik einzubringen und \/ oder <a class=\"more-link\" href=\"https:\/\/www.jfs.de\/?page_id=227\"><span class=\"screen-reader-text\">  Schulband<\/span> weiterlesen<span class=\"meta-nav\">&rarr;<\/span><\/a><\/p>\n","protected":false},"author":1,"featured_media":0,"parent":583,"menu_order":0,"comment_status":"closed","ping_status":"closed","template":"","meta":{"footnotes":""},"class_list":["post-227","page","type-page","status-publish","hentry"],"_links":{"self":[{"href":"https:\/\/www.jfs.de\/index.php?rest_route=\/wp\/v2\/pages\/227","targetHints":{"allow":["GET"]}}],"collection":[{"href":"https:\/\/www.jfs.de\/index.php?rest_route=\/wp\/v2\/pages"}],"about":[{"href":"https:\/\/www.jfs.de\/index.php?rest_route=\/wp\/v2\/types\/page"}],"author":[{"embeddable":true,"href":"https:\/\/www.jfs.de\/index.php?rest_route=\/wp\/v2\/users\/1"}],"replies":[{"embeddable":true,"href":"https:\/\/www.jfs.de\/index.php?rest_route=%2Fwp%2Fv2%2Fcomments&post=227"}],"version-history":[{"count":2,"href":"https:\/\/www.jfs.de\/index.php?rest_route=\/wp\/v2\/pages\/227\/revisions"}],"predecessor-version":[{"id":230,"href":"https:\/\/www.jfs.de\/index.php?rest_route=\/wp\/v2\/pages\/227\/revisions\/230"}],"up":[{"embeddable":true,"href":"https:\/\/www.jfs.de\/index.php?rest_route=\/wp\/v2\/pages\/583"}],"wp:attachment":[{"href":"https:\/\/www.jfs.de\/index.php?rest_route=%2Fwp%2Fv2%2Fmedia&parent=227"}],"curies":[{"name":"wp","href":"https:\/\/api.w.org\/{rel}","templated":true}]}}