{"id":211,"date":"2015-01-29T15:31:38","date_gmt":"2015-01-29T15:31:38","guid":{"rendered":"https:\/\/www.jfs.de\/?page_id=211"},"modified":"2015-01-29T15:31:38","modified_gmt":"2015-01-29T15:31:38","slug":"schule-ganz-anders","status":"publish","type":"page","link":"https:\/\/www.jfs.de\/?page_id=211","title":{"rendered":"Schule ganz anders"},"content":{"rendered":"<p>An unserer Schule werden\u00a0 in vielf\u00e4ltiger Form Projekte in den Unterricht integriert. Der Umfang dieser Projekte geht von kleinen Projekten, die innerhalb einer Doppelstunde stattfinden bis hin zu Projekten, die \u00fcber mehrere Monate gehen. Es gibt auch ganze F\u00e4cher, die \u00fcberhaupt nicht nach dem klassischen lehrerzentrierten Unterricht ablaufen. Dies erfordert, aber\u00a0f\u00f6rdert auch ein hohes Ma\u00df an selbst\u00e4ndigem Lernen.<\/p>\n<p>Beispiele hierf\u00fcr sind:<\/p>\n<ul>\n<li>Global Studies im Wirtschaftsgymnasium<\/li>\n<li>\u00dcbungs- und Juniorfirma im Berufskolleg<\/li>\n<li>Ich und Wir in der Wirtschaftsschule<\/li>\n<\/ul>\n","protected":false},"excerpt":{"rendered":"<p>An unserer Schule werden\u00a0 in vielf\u00e4ltiger Form Projekte in den Unterricht integriert. Der Umfang dieser Projekte geht von kleinen Projekten, die innerhalb einer Doppelstunde stattfinden bis hin zu Projekten, die \u00fcber mehrere Monate gehen. Es gibt auch ganze F\u00e4cher, die <a class=\"more-link\" href=\"https:\/\/www.jfs.de\/?page_id=211\"><span class=\"screen-reader-text\">  Schule ganz anders<\/span> weiterlesen<span class=\"meta-nav\">&rarr;<\/span><\/a><\/p>\n","protected":false},"author":1,"featured_media":0,"parent":61,"menu_order":0,"comment_status":"closed","ping_status":"closed","template":"","meta":{"footnotes":""},"class_list":["post-211","page","type-page","status-publish","hentry"],"_links":{"self":[{"href":"https:\/\/www.jfs.de\/index.php?rest_route=\/wp\/v2\/pages\/211","targetHints":{"allow":["GET"]}}],"collection":[{"href":"https:\/\/www.jfs.de\/index.php?rest_route=\/wp\/v2\/pages"}],"about":[{"href":"https:\/\/www.jfs.de\/index.php?rest_route=\/wp\/v2\/types\/page"}],"author":[{"embeddable":true,"href":"https:\/\/www.jfs.de\/index.php?rest_route=\/wp\/v2\/users\/1"}],"replies":[{"embeddable":true,"href":"https:\/\/www.jfs.de\/index.php?rest_route=%2Fwp%2Fv2%2Fcomments&post=211"}],"version-history":[{"count":2,"href":"https:\/\/www.jfs.de\/index.php?rest_route=\/wp\/v2\/pages\/211\/revisions"}],"predecessor-version":[{"id":213,"href":"https:\/\/www.jfs.de\/index.php?rest_route=\/wp\/v2\/pages\/211\/revisions\/213"}],"up":[{"embeddable":true,"href":"https:\/\/www.jfs.de\/index.php?rest_route=\/wp\/v2\/pages\/61"}],"wp:attachment":[{"href":"https:\/\/www.jfs.de\/index.php?rest_route=%2Fwp%2Fv2%2Fmedia&parent=211"}],"curies":[{"name":"wp","href":"https:\/\/api.w.org\/{rel}","templated":true}]}}