{"id":185,"date":"2015-01-29T14:09:53","date_gmt":"2015-01-29T14:09:53","guid":{"rendered":"https:\/\/www.jfs.de\/?page_id=185"},"modified":"2015-02-02T08:08:24","modified_gmt":"2015-02-02T08:08:24","slug":"geschichte","status":"publish","type":"page","link":"https:\/\/www.jfs.de\/?page_id=185","title":{"rendered":"Geschichte"},"content":{"rendered":"<p><a href=\"https:\/\/www.jfs.de\/wp-content\/uploads\/2015\/01\/schoellkopf_buch.jpg\"><img loading=\"lazy\" decoding=\"async\" class=\"alignleft size-medium wp-image-187\" src=\"https:\/\/www.jfs.de\/wp-content\/uploads\/2015\/01\/schoellkopf_buch-300x225.jpg\" alt=\"schoellkopf_buch\" width=\"300\" height=\"225\" srcset=\"https:\/\/www.jfs.de\/wp-content\/uploads\/2015\/01\/schoellkopf_buch-300x225.jpg 300w, https:\/\/www.jfs.de\/wp-content\/uploads\/2015\/01\/schoellkopf_buch.jpg 1024w\" sizes=\"auto, (max-width: 300px) 100vw, 300px\" \/><\/a>Hier wird zum Einen die Geschichte des kaufm\u00e4nnischen Berufsschulwesens in Kirchheim unter Teck und zum anderen der Namenspatron Jakob-Friedrich Sch\u00f6llkopf beleuchtet.<\/p>\n<p>Das Buch \u00fcber J.-F. Sch\u00f6llkopf kann in unserer Bibliothek ausgeliehen werden.<\/p>\n<p>&nbsp;<\/p>\n","protected":false},"excerpt":{"rendered":"<p>Hier wird zum Einen die Geschichte des kaufm\u00e4nnischen Berufsschulwesens in Kirchheim unter Teck und zum anderen der Namenspatron Jakob-Friedrich Sch\u00f6llkopf beleuchtet. Das Buch \u00fcber J.-F. Sch\u00f6llkopf kann in unserer Bibliothek ausgeliehen werden. &nbsp;<\/p>\n","protected":false},"author":1,"featured_media":0,"parent":61,"menu_order":0,"comment_status":"closed","ping_status":"closed","template":"","meta":{"footnotes":""},"class_list":["post-185","page","type-page","status-publish","hentry"],"_links":{"self":[{"href":"https:\/\/www.jfs.de\/index.php?rest_route=\/wp\/v2\/pages\/185","targetHints":{"allow":["GET"]}}],"collection":[{"href":"https:\/\/www.jfs.de\/index.php?rest_route=\/wp\/v2\/pages"}],"about":[{"href":"https:\/\/www.jfs.de\/index.php?rest_route=\/wp\/v2\/types\/page"}],"author":[{"embeddable":true,"href":"https:\/\/www.jfs.de\/index.php?rest_route=\/wp\/v2\/users\/1"}],"replies":[{"embeddable":true,"href":"https:\/\/www.jfs.de\/index.php?rest_route=%2Fwp%2Fv2%2Fcomments&post=185"}],"version-history":[{"count":2,"href":"https:\/\/www.jfs.de\/index.php?rest_route=\/wp\/v2\/pages\/185\/revisions"}],"predecessor-version":[{"id":188,"href":"https:\/\/www.jfs.de\/index.php?rest_route=\/wp\/v2\/pages\/185\/revisions\/188"}],"up":[{"embeddable":true,"href":"https:\/\/www.jfs.de\/index.php?rest_route=\/wp\/v2\/pages\/61"}],"wp:attachment":[{"href":"https:\/\/www.jfs.de\/index.php?rest_route=%2Fwp%2Fv2%2Fmedia&parent=185"}],"curies":[{"name":"wp","href":"https:\/\/api.w.org\/{rel}","templated":true}]}}