{"id":1714,"date":"2018-01-12T06:49:54","date_gmt":"2018-01-12T06:49:54","guid":{"rendered":"https:\/\/www.jfs.de\/?page_id=1714"},"modified":"2018-01-12T06:55:18","modified_gmt":"2018-01-12T06:55:18","slug":"unterstuetzungslehrer","status":"publish","type":"page","link":"https:\/\/www.jfs.de\/?page_id=1714","title":{"rendered":"Unterst\u00fctzungslehrer"},"content":{"rendered":"<p><strong><img loading=\"lazy\" decoding=\"async\" class=\"alignleft size-full wp-image-1712\" src=\"https:\/\/www.jfs.de\/wp-content\/uploads\/2018\/01\/Siemantel-k.jpg\" alt=\"\" width=\"200\" height=\"275\" \/><br \/>\nKai Siemantel<\/strong><\/p>\n<p><strong>Kontakt: <\/strong>07021 92043117<br \/>\n<a href=\"mailto:sie@jfs.de\">sie@jfs.de<\/a><\/p>\n<p>&nbsp;<\/p>\n<p><strong>Unterst\u00fctzungsangebot zur individuellen F\u00f6rderung und Inklusion von Sch\u00fclerinnen und Sch\u00fclern mit Beeintr\u00e4chtigungen <\/strong><\/p>\n<ul>\n<li><strong>\u00a0<\/strong>Dialog mit beeintr\u00e4chtigten Sch\u00fclerInnen sowie Beratung bei Fragen des Nachteilsausgleichs<\/li>\n<li>F\u00f6rderdiagnostik<\/li>\n<li>Beratung hinsichtlich geeigneter F\u00f6rder-ma\u00dfnahmen\/ -materialien und Unterrichts-gestaltung<\/li>\n<li>Planung, Koordination und Durchf\u00fchrung individueller F\u00f6rderung, ggf. unter Einbezug au\u00dfer- schulischer Partner<\/li>\n<li>Dialog mit au\u00dferschulischen Partnern (Eltern, Betriebe, Unterst\u00fctzungsnetzwerk inklusive Beschulung\u2026)<\/li>\n<li>Kontaktaufnahme mit dem RP bei Fragen inklusiver Beschulung<\/li>\n<\/ul>\n<p>Auf Wunsch: Gestalten schulinterner Fortbildungen zu Themen wie z.B. Binnendifferenzierung, Formen von Beeintr\u00e4chtigungen\u2026..<\/p>\n","protected":false},"excerpt":{"rendered":"<p>Kai Siemantel Kontakt: 07021 92043117 sie@jfs.de &nbsp; Unterst\u00fctzungsangebot zur individuellen F\u00f6rderung und Inklusion von Sch\u00fclerinnen und Sch\u00fclern mit Beeintr\u00e4chtigungen \u00a0Dialog mit beeintr\u00e4chtigten Sch\u00fclerInnen sowie Beratung bei Fragen des Nachteilsausgleichs F\u00f6rderdiagnostik Beratung hinsichtlich geeigneter F\u00f6rder-ma\u00dfnahmen\/ -materialien und Unterrichts-gestaltung Planung, Koordination und <a class=\"more-link\" href=\"https:\/\/www.jfs.de\/?page_id=1714\"><span class=\"screen-reader-text\">  Unterst\u00fctzungslehrer<\/span> weiterlesen<span class=\"meta-nav\">&rarr;<\/span><\/a><\/p>\n","protected":false},"author":1,"featured_media":0,"parent":166,"menu_order":0,"comment_status":"closed","ping_status":"closed","template":"","meta":{"footnotes":""},"class_list":["post-1714","page","type-page","status-publish","hentry"],"_links":{"self":[{"href":"https:\/\/www.jfs.de\/index.php?rest_route=\/wp\/v2\/pages\/1714","targetHints":{"allow":["GET"]}}],"collection":[{"href":"https:\/\/www.jfs.de\/index.php?rest_route=\/wp\/v2\/pages"}],"about":[{"href":"https:\/\/www.jfs.de\/index.php?rest_route=\/wp\/v2\/types\/page"}],"author":[{"embeddable":true,"href":"https:\/\/www.jfs.de\/index.php?rest_route=\/wp\/v2\/users\/1"}],"replies":[{"embeddable":true,"href":"https:\/\/www.jfs.de\/index.php?rest_route=%2Fwp%2Fv2%2Fcomments&post=1714"}],"version-history":[{"count":1,"href":"https:\/\/www.jfs.de\/index.php?rest_route=\/wp\/v2\/pages\/1714\/revisions"}],"predecessor-version":[{"id":1715,"href":"https:\/\/www.jfs.de\/index.php?rest_route=\/wp\/v2\/pages\/1714\/revisions\/1715"}],"up":[{"embeddable":true,"href":"https:\/\/www.jfs.de\/index.php?rest_route=\/wp\/v2\/pages\/166"}],"wp:attachment":[{"href":"https:\/\/www.jfs.de\/index.php?rest_route=%2Fwp%2Fv2%2Fmedia&parent=1714"}],"curies":[{"name":"wp","href":"https:\/\/api.w.org\/{rel}","templated":true}]}}