{"id":166,"date":"2015-01-29T10:59:47","date_gmt":"2015-01-29T10:59:47","guid":{"rendered":"https:\/\/www.jfs.de\/?page_id=166"},"modified":"2015-01-29T14:49:09","modified_gmt":"2015-01-29T14:49:09","slug":"unterstuetzung","status":"publish","type":"page","link":"https:\/\/www.jfs.de\/?page_id=166","title":{"rendered":"Unterst\u00fctzung"},"content":{"rendered":"<p><img loading=\"lazy\" decoding=\"async\" class=\"alignleft size-medium wp-image-203\" src=\"https:\/\/www.jfs.de\/wp-content\/uploads\/2015\/01\/unterstuetzung2_k-213x300.jpg\" alt=\"unterstuetzung2_k\" width=\"213\" height=\"300\" srcset=\"https:\/\/www.jfs.de\/wp-content\/uploads\/2015\/01\/unterstuetzung2_k-213x300.jpg 213w, https:\/\/www.jfs.de\/wp-content\/uploads\/2015\/01\/unterstuetzung2_k.jpg 728w\" sizes=\"auto, (max-width: 213px) 100vw, 213px\" \/><\/p>\n<blockquote><p>&#8222;Wir m\u00f6chten unsere Sch\u00fclerinnen und Sch\u00fcler fordern und f\u00f6rdern.&#8220;<\/p><\/blockquote>\n<p>Damit das F\u00f6rdern gelingt, m\u00fcssen\u00a0sehr individuell geeigneten Ma\u00dfnahmen ausgew\u00e4hlt werden. Neben der individuellen F\u00f6rderung innerhalb des Unterrichts gibt es an unserer Schule eine Vielzahl von au\u00dferunterrichtlichen Unterst\u00fctzungssystemen, z.B.:<\/p>\n<ul>\n<li>Individuelle F\u00f6rderung in Mathe, Deutsch und Englisch im WG<\/li>\n<li>Individuelle F\u00f6rderung im Berufskolleg<\/li>\n<li>Jugendbegleiterprogramm in der Wirtschaftsschule<\/li>\n<li>Schulzozialarbeiterin<\/li>\n<li>Hilfe bei der Berufsorientierung und Beratung bei der Studienwahl<\/li>\n<li>Beratungslehrerin<\/li>\n<li>Pr\u00e4ventionarbeit gegen Gewalt, Sucht und Gesundheitsgefahren<\/li>\n<li>Coaching im Berufskolleg (Zeit- und Energiemanagement)<\/li>\n<li>Tutorenmodell (Sch\u00fcler helfen Sch\u00fcler)<\/li>\n<\/ul>\n<p><img loading=\"lazy\" decoding=\"async\" class=\"alignleft size-medium wp-image-174\" src=\"https:\/\/www.jfs.de\/wp-content\/uploads\/2015\/01\/unterstuetzung_k-225x300.jpg\" alt=\"unterstuetzung_k\" width=\"225\" height=\"300\" srcset=\"https:\/\/www.jfs.de\/wp-content\/uploads\/2015\/01\/unterstuetzung_k-225x300.jpg 225w, https:\/\/www.jfs.de\/wp-content\/uploads\/2015\/01\/unterstuetzung_k.jpg 768w\" sizes=\"auto, (max-width: 225px) 100vw, 225px\" \/><\/p>\n","protected":false},"excerpt":{"rendered":"<p>&#8222;Wir m\u00f6chten unsere Sch\u00fclerinnen und Sch\u00fcler fordern und f\u00f6rdern.&#8220; Damit das F\u00f6rdern gelingt, m\u00fcssen\u00a0sehr individuell geeigneten Ma\u00dfnahmen ausgew\u00e4hlt werden. Neben der individuellen F\u00f6rderung innerhalb des Unterrichts gibt es an unserer Schule eine Vielzahl von au\u00dferunterrichtlichen Unterst\u00fctzungssystemen, z.B.: Individuelle F\u00f6rderung in <a class=\"more-link\" href=\"https:\/\/www.jfs.de\/?page_id=166\"><span class=\"screen-reader-text\">  Unterst\u00fctzung<\/span> weiterlesen<span class=\"meta-nav\">&rarr;<\/span><\/a><\/p>\n","protected":false},"author":1,"featured_media":0,"parent":134,"menu_order":0,"comment_status":"closed","ping_status":"closed","template":"","meta":{"footnotes":""},"class_list":["post-166","page","type-page","status-publish","hentry"],"_links":{"self":[{"href":"https:\/\/www.jfs.de\/index.php?rest_route=\/wp\/v2\/pages\/166","targetHints":{"allow":["GET"]}}],"collection":[{"href":"https:\/\/www.jfs.de\/index.php?rest_route=\/wp\/v2\/pages"}],"about":[{"href":"https:\/\/www.jfs.de\/index.php?rest_route=\/wp\/v2\/types\/page"}],"author":[{"embeddable":true,"href":"https:\/\/www.jfs.de\/index.php?rest_route=\/wp\/v2\/users\/1"}],"replies":[{"embeddable":true,"href":"https:\/\/www.jfs.de\/index.php?rest_route=%2Fwp%2Fv2%2Fcomments&post=166"}],"version-history":[{"count":3,"href":"https:\/\/www.jfs.de\/index.php?rest_route=\/wp\/v2\/pages\/166\/revisions"}],"predecessor-version":[{"id":205,"href":"https:\/\/www.jfs.de\/index.php?rest_route=\/wp\/v2\/pages\/166\/revisions\/205"}],"up":[{"embeddable":true,"href":"https:\/\/www.jfs.de\/index.php?rest_route=\/wp\/v2\/pages\/134"}],"wp:attachment":[{"href":"https:\/\/www.jfs.de\/index.php?rest_route=%2Fwp%2Fv2%2Fmedia&parent=166"}],"curies":[{"name":"wp","href":"https:\/\/api.w.org\/{rel}","templated":true}]}}