{"id":142,"date":"2015-01-28T18:47:49","date_gmt":"2015-01-28T18:47:49","guid":{"rendered":"https:\/\/www.jfs.de\/?page_id=142"},"modified":"2016-05-06T11:24:49","modified_gmt":"2016-05-06T11:24:49","slug":"berufswunsch-lehrkraft","status":"publish","type":"page","link":"https:\/\/www.jfs.de\/?page_id=142","title":{"rendered":"Berufswunsch Lehrkraft"},"content":{"rendered":"<p><a href=\"https:\/\/www.jfs.de\/wp-content\/uploads\/2015\/01\/lehrerzimmer.jpg\"><img loading=\"lazy\" decoding=\"async\" class=\"alignleft size-thumbnail wp-image-162\" src=\"https:\/\/www.jfs.de\/wp-content\/uploads\/2015\/01\/lehrerzimmer-150x150.jpg\" alt=\"lehrerzimmer\" width=\"150\" height=\"150\" \/><\/a><\/p>\n<blockquote><p>&#8222;Sch\u00f6n, dass Sie sich f\u00fcr unsere Schule interessieren!&#8220;<\/p><\/blockquote>\n<p><strong>Praktikumspl\u00e4tze:<br \/>\n<\/strong>Wir bieten jedes Jahr mehrere Praktikumspl\u00e4tze an &#8211; sei es als <strong>Orientierungspraktikum<\/strong> vor einem Lehramtsstudium oder als Praktikum w\u00e4hrend des Studiums (<strong>Praxissemester<\/strong>). Diese Pl\u00e4tze sind nicht auf die beruflichen also betriebswirtschaftlichen F\u00e4cher beschr\u00e4nkt. Auch Interessenten mit allgemeinbildenden F\u00e4cher sind jederzeit willkommen. Sie erhalten die M\u00f6glichkeit den Unterricht von qualifizierten Lehrerinnen und Lehrern zu beobachten und gegebenenfalls selbst vor der Klasse zu stehen.\u00a0<a href=\"https:\/\/www.jfs.de\/?attachment_id=144\" rel=\"attachment wp-att-144\">Lesen Sie hier einen Erfahrungsbericht<\/a>.<\/p>\n<p>F\u00fcr ein Orientierungspraktikum bewerben Sie sich bitte auf der <a href=\"https:\/\/www.lehrer-online-bw.de\/orientierungspraktikum\" target=\"_blank\">Vermittlungsseite des Kultusministeriums.<\/a><br \/>\nF\u00fcr ein Schulpraktikum (Praxissemester) bewerben Sie sich bitte auf <a href=\"https:\/\/www.lehrer-online-bw.de\/schulpraxissemester\" target=\"_blank\">dieser Seite des Kultusministeriums.<\/a><\/p>\n<p><strong>Referendariat<\/strong>:<br \/>\nAn unserer Schule werden jedes Jahr auch mehrere Referendarinnen und Referendare ausgebildet. Nat\u00fcrlich sowohl in betriebswirtschaftlilchen als auch in allgemeinbildenden F\u00e4chern. Dabei werden sie von erfahrenen Tutoren \u00fcber die gesamte Referendariatszeit intensiv beraten und betreut.<\/p>\n<p><strong>Direkteinsteiger<\/strong>:<br \/>\nSie kommen aus der Wirtschaft und m\u00f6chten ihr Wissen aus Studium und Beruf als Lehrerin bzw. Lehrer an Sch\u00fclerinnen und Sch\u00fcler weitergeben. Dann informieren Sie sich doch bitte <a href=\"https:\/\/www.lehrer-online-bw.de\/,Lde\/Startseite\/lobw\/Direkteinstieg\" target=\"_blank\">hier<\/a>\u00a0(www.lehrer-online-bw.de), ob dies f\u00fcr Ihre Situation m\u00f6glich ist und bewerben Sie sich anschlie\u00dfend auf eine ausgeschriebene Stelle unserer Schule. Wir freuen uns darauf.<\/p>\n<p><strong>Lehrerinnen und Lehrer:<\/strong><br \/>\nWenn Sie Ihr Referandariat bereits abgeschlossen haben und als Lehrerin bzw. Lehrer sich f\u00fcr eine Stelle an unserer Schule interessieren, schauen Sie sich doch die <a href=\"https:\/\/www.lehrer-online-bw.de\/,Lde\/Startseite?ROOT=1111879\" target=\"_blank\">aktuellen Stellenangebote des Ministeriums f\u00fcr Kultus, Jugend und Sport<\/a> an oder fragen Sie uns direkt nach unserem derzeitigen Bedarf.<\/p>\n<p><strong>Bewerbung<\/strong>:<br \/>\nWenn Sie Interesse an einem Referendariat oder einer Stelle als Lehrerin bzw. Lehrer an unserer Schule haben, bewerben Sie sich bitte an folgende E-Mail-Adresse. Wir freuen uns auf Sie.: \u00a0\u00a0<a href=\"mailto:verwaltung@schoellkopf-schule.de\">verwaltung@schoellkopf-schule.de<\/a><\/p>\n","protected":false},"excerpt":{"rendered":"<p>&#8222;Sch\u00f6n, dass Sie sich f\u00fcr unsere Schule interessieren!&#8220; Praktikumspl\u00e4tze: Wir bieten jedes Jahr mehrere Praktikumspl\u00e4tze an &#8211; sei es als Orientierungspraktikum vor einem Lehramtsstudium oder als Praktikum w\u00e4hrend des Studiums (Praxissemester). Diese Pl\u00e4tze sind nicht auf die beruflichen also betriebswirtschaftlichen <a class=\"more-link\" href=\"https:\/\/www.jfs.de\/?page_id=142\"><span class=\"screen-reader-text\">  Berufswunsch Lehrkraft<\/span> weiterlesen<span class=\"meta-nav\">&rarr;<\/span><\/a><\/p>\n","protected":false},"author":1,"featured_media":0,"parent":138,"menu_order":0,"comment_status":"closed","ping_status":"closed","template":"","meta":{"footnotes":""},"class_list":["post-142","page","type-page","status-publish","hentry"],"_links":{"self":[{"href":"https:\/\/www.jfs.de\/index.php?rest_route=\/wp\/v2\/pages\/142","targetHints":{"allow":["GET"]}}],"collection":[{"href":"https:\/\/www.jfs.de\/index.php?rest_route=\/wp\/v2\/pages"}],"about":[{"href":"https:\/\/www.jfs.de\/index.php?rest_route=\/wp\/v2\/types\/page"}],"author":[{"embeddable":true,"href":"https:\/\/www.jfs.de\/index.php?rest_route=\/wp\/v2\/users\/1"}],"replies":[{"embeddable":true,"href":"https:\/\/www.jfs.de\/index.php?rest_route=%2Fwp%2Fv2%2Fcomments&post=142"}],"version-history":[{"count":6,"href":"https:\/\/www.jfs.de\/index.php?rest_route=\/wp\/v2\/pages\/142\/revisions"}],"predecessor-version":[{"id":944,"href":"https:\/\/www.jfs.de\/index.php?rest_route=\/wp\/v2\/pages\/142\/revisions\/944"}],"up":[{"embeddable":true,"href":"https:\/\/www.jfs.de\/index.php?rest_route=\/wp\/v2\/pages\/138"}],"wp:attachment":[{"href":"https:\/\/www.jfs.de\/index.php?rest_route=%2Fwp%2Fv2%2Fmedia&parent=142"}],"curies":[{"name":"wp","href":"https:\/\/api.w.org\/{rel}","templated":true}]}}