{"id":140,"date":"2015-01-28T18:24:50","date_gmt":"2015-01-28T18:24:50","guid":{"rendered":"https:\/\/www.jfs.de\/?page_id=140"},"modified":"2015-02-01T12:26:34","modified_gmt":"2015-02-01T12:26:34","slug":"team-players","status":"publish","type":"page","link":"https:\/\/www.jfs.de\/?page_id=140","title":{"rendered":"Team Player"},"content":{"rendered":"<p>Wir glauben, dass eine <strong>gute Atmosph\u00e4re<\/strong> im Lehrerkollegium sich ganz Allgemein positiv auf das Schul- und Klassenklima auswirkt. Aus diesem Grund ist ein Aspekt bei der Formulierung von Leits\u00e4tzen auch die Durchf\u00fchrung von gemeinsamen Aktivit\u00e4ten der Lehrerinnen und Lehrer f\u00fcr ein besseres Verst\u00e4ndnis untereinander.<\/p>\n<p>Aus diesem Grund (und weil es uns einfach Spa\u00df macht) werden an unserer Schule zahlreiche Aktivit\u00e4ten zur Teambildung durchgef\u00fchrt.<\/p>\n<p><a href=\"https:\/\/www.jfs.de\/wp-content\/uploads\/2015\/01\/v-ball.jpg\"><img loading=\"lazy\" decoding=\"async\" class=\"alignleft size-full wp-image-159\" src=\"https:\/\/www.jfs.de\/wp-content\/uploads\/2015\/01\/v-ball.jpg\" alt=\"v-ball\" width=\"200\" height=\"150\" \/><\/a>Ein Beispiel hierf\u00fcr ist der gemeinsam Sport etlicher Kolleginnen und Kollegen der Jakob-Firedrich-Sch\u00f6llkopf-Schule. Gespielt wird immer Dienstag abends je nach Lust und Laune: z.B. Fu\u00dfball, Badminton, Hockey und meistens auch Volleyball. Volleyball wird gelegentlich auch gegen die Sch\u00fclerinnen und Sch\u00fcler der Volleyball-AG oder auch Mannschaften anderer Schulen gespielt.<\/p>\n<p><a href=\"https:\/\/www.jfs.de\/wp-content\/uploads\/2015\/01\/skifahren.jpg\"><img loading=\"lazy\" decoding=\"async\" class=\"alignright size-full wp-image-158\" src=\"https:\/\/www.jfs.de\/wp-content\/uploads\/2015\/01\/skifahren.jpg\" alt=\"skifahren\" width=\"174\" height=\"130\" \/><\/a>Weitere Beispiele sind die j\u00e4hrlich stattfindenden Lehrerausfl\u00fcge, die beliebten Weihnachts- und Sommerfeste und gemeinsame Skiausfahrten an einem Wochenende.<\/p>\n","protected":false},"excerpt":{"rendered":"<p>Wir glauben, dass eine gute Atmosph\u00e4re im Lehrerkollegium sich ganz Allgemein positiv auf das Schul- und Klassenklima auswirkt. Aus diesem Grund ist ein Aspekt bei der Formulierung von Leits\u00e4tzen auch die Durchf\u00fchrung von gemeinsamen Aktivit\u00e4ten der Lehrerinnen und Lehrer f\u00fcr <a class=\"more-link\" href=\"https:\/\/www.jfs.de\/?page_id=140\"><span class=\"screen-reader-text\">  Team Player<\/span> weiterlesen<span class=\"meta-nav\">&rarr;<\/span><\/a><\/p>\n","protected":false},"author":1,"featured_media":0,"parent":138,"menu_order":0,"comment_status":"closed","ping_status":"closed","template":"","meta":{"footnotes":""},"class_list":["post-140","page","type-page","status-publish","hentry"],"_links":{"self":[{"href":"https:\/\/www.jfs.de\/index.php?rest_route=\/wp\/v2\/pages\/140","targetHints":{"allow":["GET"]}}],"collection":[{"href":"https:\/\/www.jfs.de\/index.php?rest_route=\/wp\/v2\/pages"}],"about":[{"href":"https:\/\/www.jfs.de\/index.php?rest_route=\/wp\/v2\/types\/page"}],"author":[{"embeddable":true,"href":"https:\/\/www.jfs.de\/index.php?rest_route=\/wp\/v2\/users\/1"}],"replies":[{"embeddable":true,"href":"https:\/\/www.jfs.de\/index.php?rest_route=%2Fwp%2Fv2%2Fcomments&post=140"}],"version-history":[{"count":4,"href":"https:\/\/www.jfs.de\/index.php?rest_route=\/wp\/v2\/pages\/140\/revisions"}],"predecessor-version":[{"id":440,"href":"https:\/\/www.jfs.de\/index.php?rest_route=\/wp\/v2\/pages\/140\/revisions\/440"}],"up":[{"embeddable":true,"href":"https:\/\/www.jfs.de\/index.php?rest_route=\/wp\/v2\/pages\/138"}],"wp:attachment":[{"href":"https:\/\/www.jfs.de\/index.php?rest_route=%2Fwp%2Fv2%2Fmedia&parent=140"}],"curies":[{"name":"wp","href":"https:\/\/api.w.org\/{rel}","templated":true}]}}