{"id":134,"date":"2015-01-28T18:12:26","date_gmt":"2015-01-28T18:12:26","guid":{"rendered":"https:\/\/www.jfs.de\/?page_id=134"},"modified":"2015-02-02T08:29:57","modified_gmt":"2015-02-02T08:29:57","slug":"schule-fuer-beteiligte","status":"publish","type":"page","link":"https:\/\/www.jfs.de\/?page_id=134","title":{"rendered":"Schule f\u00fcr Sch\u00fclerinnen &#038; Sch\u00fcler"},"content":{"rendered":"<p>Unsere Schule ist in erster Linie f\u00fcr unsere Sch\u00fclerinnen und Sch\u00fcler da. Dabei geht es nicht nur um einen modernen, interessanten und lehrreichen Unterricht, sondern auch um die vielen Aktivit\u00e4ten die das Schulleben bereichern und das Lernen unterst\u00fctzen.<\/p>\n<p>Sie sind an unserer Schule, haben aber noch nichts von unserer Schulband geh\u00f6rt, wissen nicht, dass es ein Tutorenmodell gibt oder was die SMV so macht? Dann schauen Sie sich doch mal auf den Seiten dieser Kategorie um. Sie werden Augen machen!<\/p>\n","protected":false},"excerpt":{"rendered":"<p>Unsere Schule ist in erster Linie f\u00fcr unsere Sch\u00fclerinnen und Sch\u00fcler da. Dabei geht es nicht nur um einen modernen, interessanten und lehrreichen Unterricht, sondern auch um die vielen Aktivit\u00e4ten die das Schulleben bereichern und das Lernen unterst\u00fctzen. Sie sind <a class=\"more-link\" href=\"https:\/\/www.jfs.de\/?page_id=134\"><span class=\"screen-reader-text\">  Schule f\u00fcr Sch\u00fclerinnen &#038; Sch\u00fcler<\/span> weiterlesen<span class=\"meta-nav\">&rarr;<\/span><\/a><\/p>\n","protected":false},"author":1,"featured_media":0,"parent":0,"menu_order":0,"comment_status":"closed","ping_status":"closed","template":"","meta":{"footnotes":""},"class_list":["post-134","page","type-page","status-publish","hentry"],"_links":{"self":[{"href":"https:\/\/www.jfs.de\/index.php?rest_route=\/wp\/v2\/pages\/134","targetHints":{"allow":["GET"]}}],"collection":[{"href":"https:\/\/www.jfs.de\/index.php?rest_route=\/wp\/v2\/pages"}],"about":[{"href":"https:\/\/www.jfs.de\/index.php?rest_route=\/wp\/v2\/types\/page"}],"author":[{"embeddable":true,"href":"https:\/\/www.jfs.de\/index.php?rest_route=\/wp\/v2\/users\/1"}],"replies":[{"embeddable":true,"href":"https:\/\/www.jfs.de\/index.php?rest_route=%2Fwp%2Fv2%2Fcomments&post=134"}],"version-history":[{"count":3,"href":"https:\/\/www.jfs.de\/index.php?rest_route=\/wp\/v2\/pages\/134\/revisions"}],"predecessor-version":[{"id":581,"href":"https:\/\/www.jfs.de\/index.php?rest_route=\/wp\/v2\/pages\/134\/revisions\/581"}],"wp:attachment":[{"href":"https:\/\/www.jfs.de\/index.php?rest_route=%2Fwp%2Fv2%2Fmedia&parent=134"}],"curies":[{"name":"wp","href":"https:\/\/api.w.org\/{rel}","templated":true}]}}