{"id":1317,"date":"2017-03-23T08:41:03","date_gmt":"2017-03-23T08:41:03","guid":{"rendered":"https:\/\/www.jfs.de\/?page_id=1317"},"modified":"2019-10-25T07:25:18","modified_gmt":"2019-10-25T07:25:18","slug":"unser-kursangebot-zusatzkurse-weiterbildungsangebote","status":"publish","type":"page","link":"https:\/\/www.jfs.de\/?page_id=1317","title":{"rendered":"Unser Kursangebot &#8211; Zusatzkurse, Weiterbildungsangebote"},"content":{"rendered":"<p><img loading=\"lazy\" decoding=\"async\" class=\"alignleft size-medium wp-image-1318\" src=\"https:\/\/www.jfs.de\/wp-content\/uploads\/2017\/03\/BK-k-300x239.jpg\" alt=\"\" width=\"300\" height=\"239\" srcset=\"https:\/\/www.jfs.de\/wp-content\/uploads\/2017\/03\/BK-k-300x239.jpg 300w, https:\/\/www.jfs.de\/wp-content\/uploads\/2017\/03\/BK-k.jpg 400w\" sizes=\"auto, (max-width: 300px) 100vw, 300px\" \/>Parallel zu den Mitgliedsbeitr\u00e4gen bringt sich der Verein selbst<br \/>\nins Verdienen mit einem professionellen Kurs- und Weiterbildungsangebot ein.<\/p>\n<p>Zur Zeit werden vor allem Schulbeginn- und Pr\u00fcfungsvorbereitungskurse angeboten, die sich einer gro\u00dfen Nachfrage erfreuen.<\/p>\n<p><strong>Kursangebote:<\/strong><\/p>\n<ul>\n<li>Pr\u00fcfungsvorbereitungen f\u00fcr Industriekaufleute\n<ul>\n<li>BWL<\/li>\n<li>Gesamtwirtschaft<\/li>\n<\/ul>\n<\/li>\n<li>Pr\u00fcfungsvorbereitungen f\u00fcr Sch\u00fclerInnen des Berufskollegs II (Fachhochschulreife)\n<ul>\n<li>Mathematik<\/li>\n<\/ul>\n<\/li>\n<li>Pr\u00fcfungsvorbereitungen f\u00fcr Sch\u00fclerInnen der Zweij\u00e4hrigen Berufsfachschule \u2013 Wirtschaftsschule (mittlere Reife)\n<ul>\n<li>BWL und Navision<\/li>\n<\/ul>\n<\/li>\n<li>Pr\u00fcfungsvorbereitungen f\u00fcr Sch\u00fclerInnen des Wirtschaftsgymnasiums (Abitur)\n<ul>\n<li>BWL<\/li>\n<li>Mathematik<\/li>\n<\/ul>\n<\/li>\n<li>KBS &#8211; Kaufmann\/-frau f\u00fcr B\u00fcromanagement:\n<ul>\n<li>Pr\u00fcfungsvorbereitungskurs Teil 1<\/li>\n<li>Pr\u00fcfungsvorbereitungskurs KBP und Wiso<\/li>\n<\/ul>\n<\/li>\n<li>Schulbeginn-Vorbereitung f\u00fcr Eingangsklassen Wirtschaftsgymnasium\n<ul>\n<li>Mathematik<\/li>\n<\/ul>\n<\/li>\n<li>Vorbereitungskurs f\u00fcr alle Berufssch\u00fclerInnen\n<ul>\n<li>KMK Business-Englisch<\/li>\n<\/ul>\n<\/li>\n<\/ul>\n","protected":false},"excerpt":{"rendered":"<p>Parallel zu den Mitgliedsbeitr\u00e4gen bringt sich der Verein selbst ins Verdienen mit einem professionellen Kurs- und Weiterbildungsangebot ein. Zur Zeit werden vor allem Schulbeginn- und Pr\u00fcfungsvorbereitungskurse angeboten, die sich einer gro\u00dfen Nachfrage erfreuen. Kursangebote: Pr\u00fcfungsvorbereitungen f\u00fcr Industriekaufleute BWL Gesamtwirtschaft Pr\u00fcfungsvorbereitungen <a class=\"more-link\" href=\"https:\/\/www.jfs.de\/?page_id=1317\"><span class=\"screen-reader-text\">  Unser Kursangebot &#8211; Zusatzkurse, Weiterbildungsangebote<\/span> weiterlesen<span class=\"meta-nav\">&rarr;<\/span><\/a><\/p>\n","protected":false},"author":1,"featured_media":0,"parent":1307,"menu_order":0,"comment_status":"closed","ping_status":"closed","template":"","meta":{"footnotes":""},"class_list":["post-1317","page","type-page","status-publish","hentry"],"_links":{"self":[{"href":"https:\/\/www.jfs.de\/index.php?rest_route=\/wp\/v2\/pages\/1317","targetHints":{"allow":["GET"]}}],"collection":[{"href":"https:\/\/www.jfs.de\/index.php?rest_route=\/wp\/v2\/pages"}],"about":[{"href":"https:\/\/www.jfs.de\/index.php?rest_route=\/wp\/v2\/types\/page"}],"author":[{"embeddable":true,"href":"https:\/\/www.jfs.de\/index.php?rest_route=\/wp\/v2\/users\/1"}],"replies":[{"embeddable":true,"href":"https:\/\/www.jfs.de\/index.php?rest_route=%2Fwp%2Fv2%2Fcomments&post=1317"}],"version-history":[{"count":7,"href":"https:\/\/www.jfs.de\/index.php?rest_route=\/wp\/v2\/pages\/1317\/revisions"}],"predecessor-version":[{"id":6869,"href":"https:\/\/www.jfs.de\/index.php?rest_route=\/wp\/v2\/pages\/1317\/revisions\/6869"}],"up":[{"embeddable":true,"href":"https:\/\/www.jfs.de\/index.php?rest_route=\/wp\/v2\/pages\/1307"}],"wp:attachment":[{"href":"https:\/\/www.jfs.de\/index.php?rest_route=%2Fwp%2Fv2%2Fmedia&parent=1317"}],"curies":[{"name":"wp","href":"https:\/\/api.w.org\/{rel}","templated":true}]}}