{"id":1311,"date":"2017-03-23T08:12:22","date_gmt":"2017-03-23T08:12:22","guid":{"rendered":"https:\/\/www.jfs.de\/?page_id=1311"},"modified":"2024-02-05T15:08:09","modified_gmt":"2024-02-05T15:08:09","slug":"der-foerderverein-der-jakob-friedrich-schoellkopf-schule","status":"publish","type":"page","link":"https:\/\/www.jfs.de\/?page_id=1311","title":{"rendered":"Der F\u00f6rderverein der Jakob-Friedrich-Sch\u00f6llkopf-Schule"},"content":{"rendered":"<p>D<img loading=\"lazy\" decoding=\"async\" class=\"alignleft size-full wp-image-1312\" src=\"https:\/\/www.jfs.de\/wp-content\/uploads\/2017\/03\/fvExkursion.jpg\" alt=\"\" width=\"250\" height=\"250\" srcset=\"https:\/\/www.jfs.de\/wp-content\/uploads\/2017\/03\/fvExkursion.jpg 250w, https:\/\/www.jfs.de\/wp-content\/uploads\/2017\/03\/fvExkursion-150x150.jpg 150w\" sizes=\"auto, (max-width: 250px) 100vw, 250px\" \/>er F\u00f6rderverein unterst\u00fctzt den regel\u00adm\u00e4\u00dfigen <strong>Sch\u00fcleraustausch<\/strong> mit der \u201eWebster Groves High School\u201c in St. Louis\/<strong>USA<\/strong> und der \u201eThelma Yellin School of Arts\u201c in Givatayim\/<strong>Israel<\/strong>.<\/p>\n<p>Bezuschusst werden zahlreiche K<strong>lassen- und Studien\u00adfahrten <\/strong>sowie <strong>\u201eSchnupper\u201c- und Kennen\u00adlern\u00adtage.<\/strong><\/p>\n<p>Der F\u00f6rderverein unterst\u00fctzt zudem auch die kaufm\u00e4nnischen Berufssch\u00fcler mit einem Zuschuss zu dem ERASMUS-Pro\u00adjekt, einem Auslandspraktikum f\u00fcr Aus\u00adzu\u00adbildende in Belfast\/<b>Irland<\/b>.<\/p>\n<p>Seit Vereinsgr\u00fcndung werden die Schul-<strong>Musikband<\/strong>, die <strong>Schulzeitung<\/strong> \u201eCARPE DIEM&#8220; sowie viele weitere Arbeitsgemeinschaften \u00a0unter\u00adst\u00fctzt.<\/p>\n<p>Die Band spielt regelm\u00e4\u00dfig auf Veranstal\u00adtungen in der Schule und in Kirchheim (z.B. Kirchheimer Musiknacht).<\/p>\n<p>Kreativit\u00e4t und Leistungsverm\u00f6gen der Sch\u00fclerinnen und Sch\u00fcler beweisen auch die Bundes- und Landes\u00adpreise, die die Schul\u00adzeitung \u201eCARPE DIEM\u201c in den letz\u00adten Jahren erhalten hat.<\/p>\n<p>Der F\u00f6rderverein erm\u00f6glicht auch die Realisierung von W\u00fcnschen der SMV und der \u201eVersch\u00f6nerung\u201c des Schulhauses. So wurde beispielsweise ein Wasserspender anges\u00adchafft, der den Sch\u00fclerinnen und Sch\u00fclern nun kostenlos zur Verf\u00fcgung steht.<\/p>\n<p>In der Jakob-Friedrich-Sch\u00f6llkopf-Schule gibt es zahlreiche <strong>Unterst\u00fctzungs\u00adsys\u00adteme<\/strong>, um die Sch\u00fclerinnen und Sch\u00fcler zu f\u00f6rdern und ihnen zu einem guten Abschluss zu verhelfen. So bietet der F\u00f6rderverein zahlreiche <strong>Pr\u00fcfungs\u00advor\u00adbe\u00adreitungskurse<\/strong> an.<\/p>\n<p>Es wird aber auch das sogenannte <strong>Tutoren\u00admodell<\/strong> unterst\u00fctzt, bei dem Sch\u00fclerinnen und Sch\u00fclern an\u00adderen Sch\u00fclerinnen und Sch\u00fclern Nachhilfe in kleinen Lerngruppen anbieten.<\/p>\n<p>Der F\u00f6rderverein unterst\u00fctzt schulische <strong>Ver\u00adanstaltungen<\/strong> und stiftet <strong>Preise<\/strong> f\u00fcr be\u00adsondere Leistungen.<\/p>\n","protected":false},"excerpt":{"rendered":"<p>Der F\u00f6rderverein unterst\u00fctzt den regel\u00adm\u00e4\u00dfigen Sch\u00fcleraustausch mit der \u201eWebster Groves High School\u201c in St. Louis\/USA und der \u201eThelma Yellin School of Arts\u201c in Givatayim\/Israel. Bezuschusst werden zahlreiche Klassen- und Studien\u00adfahrten sowie \u201eSchnupper\u201c- und Kennen\u00adlern\u00adtage. Der F\u00f6rderverein unterst\u00fctzt zudem auch die <a class=\"more-link\" href=\"https:\/\/www.jfs.de\/?page_id=1311\"><span class=\"screen-reader-text\">  Der F\u00f6rderverein der Jakob-Friedrich-Sch\u00f6llkopf-Schule<\/span> weiterlesen<span class=\"meta-nav\">&rarr;<\/span><\/a><\/p>\n","protected":false},"author":1,"featured_media":0,"parent":1307,"menu_order":0,"comment_status":"closed","ping_status":"closed","template":"","meta":{"footnotes":""},"class_list":["post-1311","page","type-page","status-publish","hentry"],"_links":{"self":[{"href":"https:\/\/www.jfs.de\/index.php?rest_route=\/wp\/v2\/pages\/1311","targetHints":{"allow":["GET"]}}],"collection":[{"href":"https:\/\/www.jfs.de\/index.php?rest_route=\/wp\/v2\/pages"}],"about":[{"href":"https:\/\/www.jfs.de\/index.php?rest_route=\/wp\/v2\/types\/page"}],"author":[{"embeddable":true,"href":"https:\/\/www.jfs.de\/index.php?rest_route=\/wp\/v2\/users\/1"}],"replies":[{"embeddable":true,"href":"https:\/\/www.jfs.de\/index.php?rest_route=%2Fwp%2Fv2%2Fcomments&post=1311"}],"version-history":[{"count":2,"href":"https:\/\/www.jfs.de\/index.php?rest_route=\/wp\/v2\/pages\/1311\/revisions"}],"predecessor-version":[{"id":5490,"href":"https:\/\/www.jfs.de\/index.php?rest_route=\/wp\/v2\/pages\/1311\/revisions\/5490"}],"up":[{"embeddable":true,"href":"https:\/\/www.jfs.de\/index.php?rest_route=\/wp\/v2\/pages\/1307"}],"wp:attachment":[{"href":"https:\/\/www.jfs.de\/index.php?rest_route=%2Fwp%2Fv2%2Fmedia&parent=1311"}],"curies":[{"name":"wp","href":"https:\/\/api.w.org\/{rel}","templated":true}]}}