{"id":1307,"date":"2017-03-23T08:06:05","date_gmt":"2017-03-23T08:06:05","guid":{"rendered":"https:\/\/www.jfs.de\/?page_id=1307"},"modified":"2024-02-05T15:05:07","modified_gmt":"2024-02-05T15:05:07","slug":"foerderverein","status":"publish","type":"page","link":"https:\/\/www.jfs.de\/?page_id=1307","title":{"rendered":"Neuland erkunden, spielend lernen,  Begeisterung wecken &#8211; Erfolg macht Spa\u00df!"},"content":{"rendered":"<p><img loading=\"lazy\" decoding=\"async\" class=\"alignleft size-full wp-image-1309\" src=\"https:\/\/www.jfs.de\/wp-content\/uploads\/2017\/03\/Foerdervereinlogo.jpg\" alt=\"\" width=\"220\" height=\"193\" \/>Der F\u00f6rderverein unserer Schule hat es sich zur Aufgabe gemacht, dort einzuspringen, wo finanzielle Engp\u00e4sse die Idee engagierter Sch\u00fcler\/innen und Lehrer\/innen bremsen. So erm\u00f6glichen viele kleine Mitgliedsbeitr\u00e4ge gro\u00dfe Ziele, die die Motivation und Leistung unserer Sch\u00fcler\/innen befl\u00fcgeln.<\/p>\n<p>G\u00f6nnen Sie sich das gute Gef\u00fchl in Erziehung und Bildung investiert zu haben und unterst\u00fctzen Sie den F\u00f6rderverein der Jakob-Friedrich-Sch\u00f6llkopf-Schule mit Ihrem Beitrag.<\/p>\n<p>Herzlichen Dank im Voraus<br \/>\nJens Kaiser<br \/>\nSchulleiter<\/p>\n","protected":false},"excerpt":{"rendered":"<p>Der F\u00f6rderverein unserer Schule hat es sich zur Aufgabe gemacht, dort einzuspringen, wo finanzielle Engp\u00e4sse die Idee engagierter Sch\u00fcler\/innen und Lehrer\/innen bremsen. So erm\u00f6glichen viele kleine Mitgliedsbeitr\u00e4ge gro\u00dfe Ziele, die die Motivation und Leistung unserer Sch\u00fcler\/innen befl\u00fcgeln. G\u00f6nnen Sie sich <a class=\"more-link\" href=\"https:\/\/www.jfs.de\/?page_id=1307\"><span class=\"screen-reader-text\">  Neuland erkunden, spielend lernen,  Begeisterung wecken &#8211; Erfolg macht Spa\u00df!<\/span> weiterlesen<span class=\"meta-nav\">&rarr;<\/span><\/a><\/p>\n","protected":false},"author":1,"featured_media":0,"parent":0,"menu_order":0,"comment_status":"closed","ping_status":"closed","template":"","meta":{"footnotes":""},"class_list":["post-1307","page","type-page","status-publish","hentry"],"_links":{"self":[{"href":"https:\/\/www.jfs.de\/index.php?rest_route=\/wp\/v2\/pages\/1307","targetHints":{"allow":["GET"]}}],"collection":[{"href":"https:\/\/www.jfs.de\/index.php?rest_route=\/wp\/v2\/pages"}],"about":[{"href":"https:\/\/www.jfs.de\/index.php?rest_route=\/wp\/v2\/types\/page"}],"author":[{"embeddable":true,"href":"https:\/\/www.jfs.de\/index.php?rest_route=\/wp\/v2\/users\/1"}],"replies":[{"embeddable":true,"href":"https:\/\/www.jfs.de\/index.php?rest_route=%2Fwp%2Fv2%2Fcomments&post=1307"}],"version-history":[{"count":3,"href":"https:\/\/www.jfs.de\/index.php?rest_route=\/wp\/v2\/pages\/1307\/revisions"}],"predecessor-version":[{"id":5488,"href":"https:\/\/www.jfs.de\/index.php?rest_route=\/wp\/v2\/pages\/1307\/revisions\/5488"}],"wp:attachment":[{"href":"https:\/\/www.jfs.de\/index.php?rest_route=%2Fwp%2Fv2%2Fmedia&parent=1307"}],"curies":[{"name":"wp","href":"https:\/\/api.w.org\/{rel}","templated":true}]}}