{"id":121,"date":"2015-01-27T16:27:14","date_gmt":"2015-01-27T16:27:14","guid":{"rendered":"https:\/\/www.jfs.de\/?page_id=121"},"modified":"2024-12-17T09:34:35","modified_gmt":"2024-12-17T09:34:35","slug":"kaufmaennische-berufsschule-kbs","status":"publish","type":"page","link":"https:\/\/www.jfs.de\/?page_id=121","title":{"rendered":"Kaufm\u00e4nnische Berufsschule (KBS)"},"content":{"rendered":"<blockquote><p>&#8222;Ich m\u00f6chte eine Ausbildung absolvieren!&#8220;<\/p><\/blockquote>\n<p>Die<strong> Kaufm\u00e4nnische Berufsschule<\/strong> (KBS) ist Partner im Dualen System, das durch die gemeinsame Ausbildung der Lehrlinge durch Schulen und Ausbildungsbetriebe gekennzeichnet ist. In der Regel besuchen die Auszubildenden die Berufsschule an anderthalb Tagen in der Woche. Die Dauer der Ausbildung ist Abh\u00e4ngig vom Ausbildungsvertrag, geht in der Regel aber \u00fcber drei Jahre (Ausnahme Verk\u00e4ufer\/-in und Fachlagerist\/-in: 2 Jahre).<\/p>\n<figure id=\"attachment_6020\" aria-describedby=\"caption-attachment-6020\" style=\"width: 150px\" class=\"wp-caption alignleft\"><a href=\"https:\/\/www.jfs.de\/wp-content\/uploads\/2024\/10\/Hil-k.jpg\"><img loading=\"lazy\" decoding=\"async\" class=\"size-thumbnail wp-image-6020\" src=\"https:\/\/www.jfs.de\/wp-content\/uploads\/2024\/10\/Hil-k-150x150.jpg\" alt=\"Alexander Hildenbrand - Abteilungsleiter KBS\" width=\"150\" height=\"150\" srcset=\"https:\/\/www.jfs.de\/wp-content\/uploads\/2024\/10\/Hil-k-150x150.jpg 150w, https:\/\/www.jfs.de\/wp-content\/uploads\/2024\/10\/Hil-k-300x300.jpg 300w, https:\/\/www.jfs.de\/wp-content\/uploads\/2024\/10\/Hil-k.jpg 400w\" sizes=\"auto, (max-width: 150px) 100vw, 150px\" \/><\/a><figcaption id=\"caption-attachment-6020\" class=\"wp-caption-text\">Alexander Hildenbrand &#8211; Abteilungsleiter KBS<\/figcaption><\/figure>\n<p>Folgende <strong>Ausbildungsberufe<\/strong> werden an unserer\u00a0Schule angeboten:<\/p>\n<ul>\n<li>Automobilkaufmann\/-frau<\/li>\n<li>B\u00fcromanagement<\/li>\n<li>Industriekaufmann\/-frau<\/li>\n<li>Kaufmann\/-frau f\u00fcr Spedition und Logistikdienstleistung<\/li>\n<li>Fachkraft f\u00fcr Lagerlogistik<\/li>\n<li>Fachlagerist\/-in<\/li>\n<li>Kaufmann\/-frau im Einzelhandel<\/li>\n<li>Verk\u00e4ufer\/-in<\/li>\n<\/ul>\n<p>Die Anmeldung erfolgt \u00fcber den Ausbildungsbetrieb.<\/p>\n<p>Weitere Dokumente:<\/p>\n<ul>\n<li><a href=\"https:\/\/www.jfs.de\/?attachment_id=108\" rel=\"attachment wp-att-108\">Info-Brosch\u00fcre<\/a><\/li>\n<li><a href=\"https:\/\/www.jfs.de\/?page_id=3794\" rel=\"noopener noreferrer\"><strong>An<\/strong>meldeformular<\/a><\/li>\n<li><a href=\"https:\/\/www.jfs.de\/?page_id=6175\"><strong>Ab<\/strong>meldeformular<\/a><\/li>\n<li><a href=\"https:\/\/www.jfs.de\/?page_id=522\">Berufsschultage, Pr\u00fcfungstermine und Infos f\u00fcr neue Azubis im Download-Bereich<\/a><\/li>\n<\/ul>\n<p>Kontakt: <a href=\"mailto:hil@jfs.de\">hil@jfs.de<\/a><\/p>\n","protected":false},"excerpt":{"rendered":"<p>&#8222;Ich m\u00f6chte eine Ausbildung absolvieren!&#8220; Die Kaufm\u00e4nnische Berufsschule (KBS) ist Partner im Dualen System, das durch die gemeinsame Ausbildung der Lehrlinge durch Schulen und Ausbildungsbetriebe gekennzeichnet ist. In der Regel besuchen die Auszubildenden die Berufsschule an anderthalb Tagen in der <a class=\"more-link\" href=\"https:\/\/www.jfs.de\/?page_id=121\"><span class=\"screen-reader-text\">  Kaufm\u00e4nnische Berufsschule (KBS)<\/span> weiterlesen<span class=\"meta-nav\">&rarr;<\/span><\/a><\/p>\n","protected":false},"author":1,"featured_media":0,"parent":7,"menu_order":0,"comment_status":"closed","ping_status":"closed","template":"","meta":{"footnotes":""},"class_list":["post-121","page","type-page","status-publish","hentry"],"_links":{"self":[{"href":"https:\/\/www.jfs.de\/index.php?rest_route=\/wp\/v2\/pages\/121","targetHints":{"allow":["GET"]}}],"collection":[{"href":"https:\/\/www.jfs.de\/index.php?rest_route=\/wp\/v2\/pages"}],"about":[{"href":"https:\/\/www.jfs.de\/index.php?rest_route=\/wp\/v2\/types\/page"}],"author":[{"embeddable":true,"href":"https:\/\/www.jfs.de\/index.php?rest_route=\/wp\/v2\/users\/1"}],"replies":[{"embeddable":true,"href":"https:\/\/www.jfs.de\/index.php?rest_route=%2Fwp%2Fv2%2Fcomments&post=121"}],"version-history":[{"count":20,"href":"https:\/\/www.jfs.de\/index.php?rest_route=\/wp\/v2\/pages\/121\/revisions"}],"predecessor-version":[{"id":6183,"href":"https:\/\/www.jfs.de\/index.php?rest_route=\/wp\/v2\/pages\/121\/revisions\/6183"}],"up":[{"embeddable":true,"href":"https:\/\/www.jfs.de\/index.php?rest_route=\/wp\/v2\/pages\/7"}],"wp:attachment":[{"href":"https:\/\/www.jfs.de\/index.php?rest_route=%2Fwp%2Fv2%2Fmedia&parent=121"}],"curies":[{"name":"wp","href":"https:\/\/api.w.org\/{rel}","templated":true}]}}