{"id":114,"date":"2015-01-27T16:14:59","date_gmt":"2015-01-27T16:14:59","guid":{"rendered":"https:\/\/www.jfs.de\/?page_id=114"},"modified":"2026-01-19T07:57:53","modified_gmt":"2026-01-19T07:57:53","slug":"wirtschaftsschule","status":"publish","type":"page","link":"https:\/\/www.jfs.de\/?page_id=114","title":{"rendered":"Wirtschaftsschule \/ AVdual"},"content":{"rendered":"<figure id=\"attachment_6017\" aria-describedby=\"caption-attachment-6017\" style=\"width: 150px\" class=\"wp-caption alignleft\"><a href=\"https:\/\/www.jfs.de\/wp-content\/uploads\/2024\/10\/Pin-k.jpg\"><img loading=\"lazy\" decoding=\"async\" class=\"size-thumbnail wp-image-6017\" src=\"https:\/\/www.jfs.de\/wp-content\/uploads\/2024\/10\/Pin-k-150x150.jpg\" alt=\"Hannelore Pink - Abteilungsleiterin BK, WS, AVdual\" width=\"150\" height=\"150\" srcset=\"https:\/\/www.jfs.de\/wp-content\/uploads\/2024\/10\/Pin-k-150x150.jpg 150w, https:\/\/www.jfs.de\/wp-content\/uploads\/2024\/10\/Pin-k-300x300.jpg 300w, https:\/\/www.jfs.de\/wp-content\/uploads\/2024\/10\/Pin-k.jpg 400w\" sizes=\"auto, (max-width: 150px) 100vw, 150px\" \/><\/a><figcaption id=\"caption-attachment-6017\" class=\"wp-caption-text\">Hannelore Pink &#8211; Abteilungsleiterin BK, WS, AVdual<\/figcaption><\/figure>\n<p><strong>Wirtschaftsschule<\/strong><\/p>\n<p>Die zweij\u00e4hrige Berufsfachschule f\u00fcr Wirtschaft (<strong>Wirtschaftsschule<\/strong>) bietet Sch\u00fclerinnen und Sch\u00fclern mit Hauptschulabschluss die M\u00f6glichkeit die Mittlere Reife zu erlangen.<\/p>\n<p>Neben einer Vertiefung der Allgemeinbildung steht vor allem der kaufm\u00e4nnische Profilbereich im Mittelpunkt.<\/p>\n<p>Weitere Infos im <a href=\"https:\/\/www.jfs.de\/?page_id=3171\">digitalen Schulhaus<\/a>.<\/p>\n<p><strong>Weitere Dokumente (WS):<\/strong><\/p>\n<ul>\n<li><a href=\"https:\/\/www.jfs.de\/wp-content\/uploads\/2024\/12\/241120_Folder_WS_Web.pdf\" target=\"_blank\" rel=\"attachment wp-att-109 noopener noreferrer\">Info-Brosch\u00fcre WS<\/a><\/li>\n<li><a href=\"https:\/\/www.jfs.de\/wp-content\/uploads\/2026\/01\/Anlage2-BewO-2026-Flyer-2BFS-RPS.pdf\" target=\"_blank\" rel=\"noopener\">Anmeldung zur Wirtschaftsschule \u00fcber BewO<\/a><\/li>\n<\/ul>\n<h3><strong>AVdual<\/strong><\/h3>\n<p>Die Ausbildungsvorbereitung dual (AVdual) ist ein Bildungsgang an beruflichen Schulen f\u00fcr Sch\u00fclerinnen<br \/>\nund Sch\u00fcler mit oder ohne Hauptschulabschluss im Anschluss an den Besuch einer allgemeinbildenden<br \/>\nSchule.<\/p>\n<p>Das AVdual dauert ein Jahr und ist eine Vollzeitschule mit Ganztagesangebot. Das verpflichtende Betriebspraktikum bereitet die Jugendlichen auf eine sp\u00e4tere Ausbildung vor.<\/p>\n<p>Ziele von AVdual sind die Vertiefung der Allgemeinbildung und Verbesserung der Ausbildungsreife. Unterrichtet wird auf drei Niveaustufen. Die h\u00f6chste Stufe f\u00fchrt zum mittleren Bildungsabschluss.<br \/>\nDas AVdual kann mit oder ohne den Erwerb eines dem Hauptschulabschluss gleichwertigen Bildungsstandes erfolgreich abgeschlossen werden.<\/p>\n<p><strong>Weitere Infos und Dokumente (AVdual):<\/strong><\/p>\n<ul>\n<li><a href=\"https:\/\/www.jfs.de\/wp-content\/uploads\/2024\/12\/241129_Folder-AVdual-02.pdf\" target=\"_blank\" rel=\"noopener\">Info-Brosch\u00fcre AVdual<\/a><\/li>\n<li><a href=\"https:\/\/www.jfs.de\/wp-content\/uploads\/2025\/12\/Aufnahmeformblatt-AVdual-2026_27_aktuell.pdf\" target=\"_blank\" rel=\"noopener\">Anmeldeformular AVdual<\/a><\/li>\n<\/ul>\n<p align=\"left\"><span style=\"font-family: Verdana, Arial, Helvetica, sans-serif; font-size: small;\">Kontakt: <a href=\"mailto:pin@jfs.de\">pin@jfs.de<\/a><\/span><\/p>\n","protected":false},"excerpt":{"rendered":"<p>Wirtschaftsschule Die zweij\u00e4hrige Berufsfachschule f\u00fcr Wirtschaft (Wirtschaftsschule) bietet Sch\u00fclerinnen und Sch\u00fclern mit Hauptschulabschluss die M\u00f6glichkeit die Mittlere Reife zu erlangen. Neben einer Vertiefung der Allgemeinbildung steht vor allem der kaufm\u00e4nnische Profilbereich im Mittelpunkt. Weitere Infos im digitalen Schulhaus. Weitere Dokumente <a class=\"more-link\" href=\"https:\/\/www.jfs.de\/?page_id=114\"><span class=\"screen-reader-text\">  Wirtschaftsschule \/ AVdual<\/span> weiterlesen<span class=\"meta-nav\">&rarr;<\/span><\/a><\/p>\n","protected":false},"author":1,"featured_media":0,"parent":7,"menu_order":0,"comment_status":"closed","ping_status":"closed","template":"","meta":{"footnotes":""},"class_list":["post-114","page","type-page","status-publish","hentry"],"_links":{"self":[{"href":"https:\/\/www.jfs.de\/index.php?rest_route=\/wp\/v2\/pages\/114","targetHints":{"allow":["GET"]}}],"collection":[{"href":"https:\/\/www.jfs.de\/index.php?rest_route=\/wp\/v2\/pages"}],"about":[{"href":"https:\/\/www.jfs.de\/index.php?rest_route=\/wp\/v2\/types\/page"}],"author":[{"embeddable":true,"href":"https:\/\/www.jfs.de\/index.php?rest_route=\/wp\/v2\/users\/1"}],"replies":[{"embeddable":true,"href":"https:\/\/www.jfs.de\/index.php?rest_route=%2Fwp%2Fv2%2Fcomments&post=114"}],"version-history":[{"count":33,"href":"https:\/\/www.jfs.de\/index.php?rest_route=\/wp\/v2\/pages\/114\/revisions"}],"predecessor-version":[{"id":7224,"href":"https:\/\/www.jfs.de\/index.php?rest_route=\/wp\/v2\/pages\/114\/revisions\/7224"}],"up":[{"embeddable":true,"href":"https:\/\/www.jfs.de\/index.php?rest_route=\/wp\/v2\/pages\/7"}],"wp:attachment":[{"href":"https:\/\/www.jfs.de\/index.php?rest_route=%2Fwp%2Fv2%2Fmedia&parent=114"}],"curies":[{"name":"wp","href":"https:\/\/api.w.org\/{rel}","templated":true}]}}